{"id":861,"date":"2013-08-22T10:30:58","date_gmt":"2013-08-22T07:30:58","guid":{"rendered":"http:\/\/tamaon.com\/to\/?page_id=861"},"modified":"2025-09-13T14:35:25","modified_gmt":"2025-09-13T11:35:25","slug":"g-pentue-2013","status":"publish","type":"page","link":"http:\/\/tamaon.com\/to\/?page_id=861","title":{"rendered":"G-pentue 2013"},"content":{"rendered":"<p style=\"text-align: center;\"><a href=\"http:\/\/tamaon.com\/to\/wp-content\/uploads\/2013\/08\/DSCF1593.jpg\"><img loading=\"lazy\" decoding=\"async\" class=\"alignnone size-full wp-image-869\" style=\"border: 1px solid black; margin-top: 1px; margin-bottom: 1px;\" src=\"http:\/\/tamaon.com\/to\/wp-content\/uploads\/2013\/08\/DSCF1593.jpg\" alt=\"DSCF1593\" width=\"151\" height=\"207\" \/><\/a><a href=\"http:\/\/tamaon.com\/to\/wp-content\/uploads\/2013\/08\/DSCF2095.jpg\"> <img loading=\"lazy\" decoding=\"async\" class=\"alignnone size-full wp-image-870\" style=\"border: 1px solid black; margin-top: 1px; margin-bottom: 1px;\" src=\"http:\/\/tamaon.com\/to\/wp-content\/uploads\/2013\/08\/DSCF2095.jpg\" alt=\"DSCF2095\" width=\"201\" height=\"207\" \/><\/a><\/p>\n<p style=\"text-align: center;\">Devil&#8217;s du Cami de Cath\u00e9ric x T\u00e4m\u00e4 on Calaman Nopee<br \/>\n25.7.2013<\/p>\n<p style=\"text-align: center;\">Sunan pentueesta JTT:n lausunto<br \/>\n<a href=\"http:\/\/tamaon.com\/to\/wp-content\/uploads\/2013\/09\/Ote-4-2013.pdf\">Ote 4-2013<\/a> <a href=\"http:\/\/tamaon.com\/to\/wp-content\/uploads\/2013\/09\/Ote-7-2013.pdf\">Ote 7-2013<\/a><\/p>\n<p style=\"text-align: center;\">\n<table id=\"tablepress-6\" class=\"tablepress tablepress-id-6\">\n<thead>\n<tr class=\"row-1\">\n\t<th class=\"column-1\">urokset<\/th><th class=\"column-2\">lonkat<\/th><th class=\"column-3\">kyyn\u00e4r<\/th><th class=\"column-4\">selk\u00e4<\/th><th class=\"column-5\">silm\u00e4t<\/th><th class=\"column-6\">k\u00e4ytt\u00f6<\/th><th class=\"column-7\">n\u00e4ytt\u00f6<\/th><th class=\"column-8\">muuta<\/th>\n<\/tr>\n<\/thead>\n<tbody class=\"row-striping row-hover\">\n<tr class=\"row-2\">\n\t<td class=\"column-1\">GANGSTERI<\/td><td class=\"column-2\">A\/A<\/td><td class=\"column-3\">0\/0<\/td><td class=\"column-4\">SP0 LTV0<\/td><td class=\"column-5\">ok<\/td><td class=\"column-6\">IGP3 IP3 BH toko ALO1<\/td><td class=\"column-7\">EH<\/td><td class=\"column-8\">Syd\u00e4n ok 4\/2014, polvet ok, MH-kuvattu, Lt +167p<\/td>\n<\/tr>\n<tr class=\"row-3\">\n\t<td class=\"column-1\">GENTLEMANNI<\/td><td class=\"column-2\">A\/A<\/td><td class=\"column-3\">0\/1<\/td><td class=\"column-4\">SP0 LTV1 VA0<\/td><td class=\"column-5\"><\/td><td class=\"column-6\">IP3 BH TK2 TK1 RTK1<\/td><td class=\"column-7\">EH<\/td><td class=\"column-8\">Lte +185p<\/td>\n<\/tr>\n<tr class=\"row-4\">\n\t<td class=\"column-1\">GLADIAATTORI<\/td><td class=\"column-2\">A\/A<\/td><td class=\"column-3\">0\/0<\/td><td class=\"column-4\">SP0 LTV0 VA0<\/td><td class=\"column-5\"><\/td><td class=\"column-6\">IP3 BH Rt alo HYV<\/td><td class=\"column-7\"><\/td><td class=\"column-8\">Lte +215p<\/td>\n<\/tr>\n<tr class=\"row-5\">\n\t<td class=\"column-1\">GORILLA<\/td><td class=\"column-2\">B\/A<\/td><td class=\"column-3\">0\/0<\/td><td class=\"column-4\">SP0 LTV0 VA0<\/td><td class=\"column-5\"><\/td><td class=\"column-6\">MR2 BH TK1<\/td><td class=\"column-7\"><\/td><td class=\"column-8\">Lte +185p<\/td>\n<\/tr>\n<tr class=\"row-6\">\n\t<td class=\"column-1\">GURU<\/td><td class=\"column-2\">A\/A<\/td><td class=\"column-3\">0\/0<\/td><td class=\"column-4\">SP0 LTV0 VA0<\/td><td class=\"column-5\">Nukleaarinen katarakta<\/td><td class=\"column-6\">IP3 BH Agi2<\/td><td class=\"column-7\">EH<\/td><td class=\"column-8\">Lte +185p, Kilpirauhasen vajaatoiminta<\/td>\n<\/tr>\n<tr class=\"row-7\">\n\t<td class=\"column-1\">nartut<\/td><td class=\"column-2\"><\/td><td class=\"column-3\"><\/td><td class=\"column-4\"><\/td><td class=\"column-5\"><\/td><td class=\"column-6\"><\/td><td class=\"column-7\"><\/td><td class=\"column-8\"><\/td>\n<\/tr>\n<tr class=\"row-8\">\n\t<td class=\"column-1\">GALAKSI<\/td><td class=\"column-2\">C\/B<\/td><td class=\"column-3\">0\/0<\/td><td class=\"column-4\">SP0 LTV3<\/td><td class=\"column-5\"><\/td><td class=\"column-6\">JK2 BH Agi3 TK1<\/td><td class=\"column-7\"><\/td><td class=\"column-8\">MH, Lt +140p<\/td>\n<\/tr>\n<tr class=\"row-9\">\n\t<td class=\"column-1\">GEENI<\/td><td class=\"column-2\">A\/A<\/td><td class=\"column-3\">0\/0<\/td><td class=\"column-4\"><\/td><td class=\"column-5\"><\/td><td class=\"column-6\"><\/td><td class=\"column-7\"><\/td><td class=\"column-8\">RIP 3.2015<\/td>\n<\/tr>\n<tr class=\"row-10\">\n\t<td class=\"column-1\">GEISHA<\/td><td class=\"column-2\">A\/A<\/td><td class=\"column-3\">0\/0<\/td><td class=\"column-4\">SP0 LTV0 VA0<\/td><td class=\"column-5\">ok<\/td><td class=\"column-6\">IP3 JK3 IGP3 IFH1 BH toko ALO1<\/td><td class=\"column-7\">EH<\/td><td class=\"column-8\">MH, Lt +163p<\/td>\n<\/tr>\n<\/tbody>\n<\/table>\n<!-- #tablepress-6 from cache --><\/p>\n<figure id=\"attachment_1153\" aria-describedby=\"caption-attachment-1153\" style=\"width: 202px\" class=\"wp-caption alignnone\"><a href=\"http:\/\/tamaon.com\/to\/wp-content\/uploads\/2013\/08\/gangsteri1.jpg\"><img loading=\"lazy\" decoding=\"async\" class=\"   wp-image-1153 size-full\" style=\"border: 1px solid black;\" src=\"http:\/\/tamaon.com\/to\/wp-content\/uploads\/2013\/08\/gangsteri1.jpg\" alt=\"\" width=\"202\" height=\"260\" \/><\/a><figcaption id=\"caption-attachment-1153\" class=\"wp-caption-text\">T\u00e4m\u00e4 on Gangsteri &#8221;Onni&#8221;<br \/>om. Raisa Hotti<\/figcaption><\/figure>\n<figure id=\"attachment_906\" aria-describedby=\"caption-attachment-906\" style=\"width: 202px\" class=\"wp-caption alignleft\"><a href=\"http:\/\/tamaon.com\/to\/wp-content\/uploads\/2013\/08\/gentlemanni.jpg\"><img loading=\"lazy\" decoding=\"async\" class=\"size-full wp-image-906   \" style=\"border: 1px solid black;\" src=\"http:\/\/tamaon.com\/to\/wp-content\/uploads\/2013\/08\/gentlemanni.jpg\" alt=\"eikuvaa\" width=\"202\" height=\"260\" \/><\/a><figcaption id=\"caption-attachment-906\" class=\"wp-caption-text\">T\u00e4m\u00e4 on Gentlemanni &#8221;Jalo&#8221;<br \/>om. Tiia Luomanen<\/figcaption><\/figure>\n<figure id=\"attachment_906\" aria-describedby=\"caption-attachment-906\" style=\"width: 202px\" class=\"wp-caption alignleft\"><a href=\"http:\/\/tamaon.com\/to\/wp-content\/uploads\/2013\/08\/gladiaattori.jpg\"><img loading=\"lazy\" decoding=\"async\" class=\"size-full wp-image-906  \" style=\"border: 1px solid black;\" src=\"http:\/\/tamaon.com\/to\/wp-content\/uploads\/2013\/08\/gladiaattori.jpg\" alt=\"eikuvaa\" width=\"202\" height=\"260\" \/><\/a><figcaption id=\"caption-attachment-906\" class=\"wp-caption-text\">T\u00e4m\u00e4 on Gladiaattori &#8221;Late&#8221;<br \/>om. Tiia Nikkarinen<\/figcaption><\/figure>\n<figure id=\"attachment_906\" aria-describedby=\"caption-attachment-906\" style=\"width: 202px\" class=\"wp-caption alignleft\"><a href=\"http:\/\/tamaon.com\/to\/wp-content\/uploads\/2013\/08\/gorilla.jpg\"><img loading=\"lazy\" decoding=\"async\" class=\"size-full wp-image-906  \" style=\"border: 1px solid black;\" src=\"http:\/\/tamaon.com\/to\/wp-content\/uploads\/2013\/08\/gorilla.jpg\" alt=\"eikuvaa\" width=\"202\" height=\"260\" \/><\/a><figcaption id=\"caption-attachment-906\" class=\"wp-caption-text\">T\u00e4m\u00e4 on Gorilla &#8221;Coma&#8221;<br \/>om. Jenni Rajasilta<\/figcaption><\/figure>\n<figure id=\"attachment_906\" aria-describedby=\"caption-attachment-906\" style=\"width: 202px\" class=\"wp-caption alignleft\"><a href=\"http:\/\/tamaon.com\/to\/wp-content\/uploads\/2013\/08\/guru.jpg\"><img loading=\"lazy\" decoding=\"async\" class=\"size-full wp-image-906 \" style=\"border: 1px solid black;\" src=\"http:\/\/tamaon.com\/to\/wp-content\/uploads\/2013\/08\/guru.jpg\" alt=\"eikuvaa\" width=\"202\" height=\"260\" \/><\/a><figcaption id=\"caption-attachment-906\" class=\"wp-caption-text\">T\u00e4m\u00e4 on Guru &#8221;Teepu&#8221;<br \/>om. Misa Riiali<\/figcaption><\/figure>\n<figure id=\"attachment_906\" aria-describedby=\"caption-attachment-906\" style=\"width: 202px\" class=\"wp-caption alignleft\"><a href=\"http:\/\/tamaon.com\/to\/wp-content\/uploads\/2013\/08\/galaksi.jpg\"><img loading=\"lazy\" decoding=\"async\" class=\"size-full wp-image-906  \" style=\"border: 1px solid black;\" src=\"http:\/\/tamaon.com\/to\/wp-content\/uploads\/2013\/08\/galaksi.jpg\" alt=\"eikuvaa\" width=\"202\" height=\"260\" \/><\/a><figcaption id=\"caption-attachment-906\" class=\"wp-caption-text\">T\u00e4m\u00e4 on Galaksi &#8221;Zena&#8221;<br \/>om. Jaana V\u00e4\u00e4r\u00e4l\u00e4<\/figcaption><\/figure>\n<figure id=\"attachment_906\" aria-describedby=\"caption-attachment-906\" style=\"width: 202px\" class=\"wp-caption alignleft\"><a href=\"http:\/\/tamaon.com\/to\/wp-content\/uploads\/2013\/08\/geeni.jpg\"><img loading=\"lazy\" decoding=\"async\" class=\"size-full wp-image-906  \" style=\"border: 1px solid black;\" src=\"http:\/\/tamaon.com\/to\/wp-content\/uploads\/2013\/08\/geeni.jpg\" alt=\"eikuvaa\" width=\"202\" height=\"260\" \/><\/a><figcaption id=\"caption-attachment-906\" class=\"wp-caption-text\">T\u00e4m\u00e4 on Geeni &#8221;Asa&#8221;<br \/>om. Tiina B\u00e5ng<\/figcaption><\/figure>\n<figure id=\"attachment_906\" aria-describedby=\"caption-attachment-906\" style=\"width: 202px\" class=\"wp-caption alignleft\"><a href=\"http:\/\/tamaon.com\/to\/wp-content\/uploads\/2013\/08\/geisha.jpg\"><img loading=\"lazy\" decoding=\"async\" class=\"size-full wp-image-906  \" style=\"border: 1px solid black;\" src=\"http:\/\/tamaon.com\/to\/wp-content\/uploads\/2013\/08\/geisha.jpg\" alt=\"eikuvaa\" width=\"202\" height=\"260\" \/><\/a><figcaption id=\"caption-attachment-906\" class=\"wp-caption-text\">T\u00e4m\u00e4 on Geisha &#8221;Diva&#8221;<br \/>om. Elina Koponen<\/figcaption><\/figure>\n","protected":false},"excerpt":{"rendered":"<p>Devil&#8217;s du Cami de Cath\u00e9ric x T\u00e4m\u00e4 on Calaman Nopee 25.7.2013 Sunan pentueesta JTT:n lausunto Ote 4-2013 Ote 7-2013<\/p>\n","protected":false},"author":1,"featured_media":0,"parent":22,"menu_order":8,"comment_status":"closed","ping_status":"closed","template":"","meta":{"footnotes":"","_links_to":"","_links_to_target":""},"class_list":["post-861","page","type-page","status-publish","hentry"],"_links":{"self":[{"href":"http:\/\/tamaon.com\/to\/index.php?rest_route=\/wp\/v2\/pages\/861","targetHints":{"allow":["GET"]}}],"collection":[{"href":"http:\/\/tamaon.com\/to\/index.php?rest_route=\/wp\/v2\/pages"}],"about":[{"href":"http:\/\/tamaon.com\/to\/index.php?rest_route=\/wp\/v2\/types\/page"}],"author":[{"embeddable":true,"href":"http:\/\/tamaon.com\/to\/index.php?rest_route=\/wp\/v2\/users\/1"}],"replies":[{"embeddable":true,"href":"http:\/\/tamaon.com\/to\/index.php?rest_route=%2Fwp%2Fv2%2Fcomments&post=861"}],"version-history":[{"count":20,"href":"http:\/\/tamaon.com\/to\/index.php?rest_route=\/wp\/v2\/pages\/861\/revisions"}],"predecessor-version":[{"id":1704,"href":"http:\/\/tamaon.com\/to\/index.php?rest_route=\/wp\/v2\/pages\/861\/revisions\/1704"}],"up":[{"embeddable":true,"href":"http:\/\/tamaon.com\/to\/index.php?rest_route=\/wp\/v2\/pages\/22"}],"wp:attachment":[{"href":"http:\/\/tamaon.com\/to\/index.php?rest_route=%2Fwp%2Fv2%2Fmedia&parent=861"}],"curies":[{"name":"wp","href":"https:\/\/api.w.org\/{rel}","templated":true}]}}