
{"id":85,"date":"2012-10-02T18:20:49","date_gmt":"2012-10-02T15:20:49","guid":{"rendered":"http:\/\/tamaon.com\/to\/?page_id=85"},"modified":"2015-04-01T16:44:59","modified_gmt":"2015-04-01T13:44:59","slug":"pois-kottoo-karma","status":"publish","type":"page","link":"http:\/\/tamaon.com\/to\/?page_id=85","title":{"rendered":"Pois Kottoo Karma"},"content":{"rendered":"<p style=\"text-align: center;\"><a href=\"http:\/\/tamaon.com\/to\/wp-content\/uploads\/2012\/10\/toope1.jpg\"><img loading=\"lazy\" decoding=\"async\" class=\"alignnone size-full wp-image-328\" style=\"border: 1px solid black; margin-left: 2px; margin-right: 2px;\" title=\"toope1\" src=\"http:\/\/tamaon.com\/to\/wp-content\/uploads\/2012\/10\/toope1.jpg\" alt=\"\" width=\"216\" height=\"262\" \/><\/a><a href=\"http:\/\/tamaon.com\/to\/wp-content\/uploads\/2012\/10\/toope2.jpg\"><img loading=\"lazy\" decoding=\"async\" class=\"alignnone size-full wp-image-327\" style=\"border: 1px solid black; margin-left: 2px; margin-right: 2px;\" title=\"toope2\" src=\"http:\/\/tamaon.com\/to\/wp-content\/uploads\/2012\/10\/toope2.jpg\" alt=\"\" width=\"213\" height=\"262\" \/><\/a><a href=\"http:\/\/tamaon.com\/to\/wp-content\/uploads\/2012\/10\/toope3.jpg\"><img loading=\"lazy\" decoding=\"async\" class=\"alignnone  wp-image-326\" style=\"border: 1px solid black; margin-left: 2px; margin-right: 2px;\" title=\"toope3\" src=\"http:\/\/tamaon.com\/to\/wp-content\/uploads\/2012\/10\/toope3.jpg\" alt=\"\" width=\"159\" height=\"262\" \/><\/a><\/p>\n<p style=\"text-align: center;\">Quarl des Deux Pottois x Pois Kottoo Blondi<br \/>\n17.7.2000 &#8211; 10\/2011<br \/>\nFIN38662\/00<\/p>\n<p style=\"text-align: center;\">l <a href=\"http:\/\/tamaon.com\/gallery3\/index.php\/muistoissa\/Toope\">Galleria<\/a> l<\/p>\n<p style=\"text-align: center;\"><style>\r\n\r\ntable#t6 {\r\nborder-collapse: collapse;\t\r\nborder-width: 0px;\r\nborder-style: outset;\r\nmargin: 20px 0;\r\nline-height: 2.0em;\r\ntext-align: left;\r\nvertical-align: top;width: 100%;border-top: 1px solid #EEEEEE;border-bottom: 1px solid #EEEEEE;box-shadow: 0 2px 3px rgba(0, 0, 0, 0.4);\r\n}\r\ntable#t6 thead tr {\r\n\r\n}\r\ntable#t6 thead tr th.t6 {\r\ncolor: #333333;\r\nbackground: none repeat scroll 0 0 #FFFFFF;\r\nfont-size: 0.8em;\r\nletter-spacing: 0;\r\nline-height: 0.8;\r\npadding: 4px;\r\ntext-transform: none;\r\ntext-align: left;border-bottom: 1px solid #EEEEEE;\r\n}\r\n\r\ntable#t6 thead tr th#t6.start {\r\n\r\n}\r\ntable#t6 thead tr th#t6.end {\r\n\r\n}\r\ntable#t6 tbody tr {\r\n    background: none repeat scroll 0 0 #FFFFFF;\r\n}\r\ntable#t6 tbody tr.table-alternate {\r\n    background: none repeat scroll 0 0 #FDFDFD;\r\n}\r\ntable#t6 tbody tr td#n1 {\r\n\twidth: 10%;\r\n\t}table#t6 tbody tr td#n2 {\r\n\twidth: 10%;\r\n\t}table#t6 tbody tr td#n3 {\r\n\twidth: 10%;\r\n\t}table#t6 tbody tr td#n4 {\r\n\twidth: 10%;\r\n\t}table#t6 tbody tr td#n5 {\r\n\twidth: 10%;\r\n\t}table#t6 tbody tr td#n6 {\r\n\twidth: 10%;\r\n\t}table#t6 tbody tr td#n7 {\r\n\twidth: 10%;\r\n\t}table#t6 tbody tr td#n8 {\r\n\twidth: 10%;\r\n\t}table#t6 tbody tr td#n9 {\r\n\twidth: 20%;\r\n\t}table#t6 tbody tr td#n10 {\r\n\twidth: 10%;\r\n\t}table#t6 tbody tr td#n11 {\r\n\twidth: 10%;\r\n\t}\r\n\r\ntable#t6 tbody tr td {\r\n    padding: 5px;\r\n\tborder-width: 0px;\r\n\tfont-size: 0.8em;\r\n\tborder-top: medium none;border-bottom: 1px solid #EEEEEE;\r\n    text-align: left;\r\n\tline-height: 1.0;\r\n\tvertical-align: top;\r\n}\r\n}\r\ntable#t6 tfoot tr {\r\n}\r\n\r\ntable#t6 tfoot tr td {\r\n    background: none repeat scroll 0 0 #FCFCFC;\t\r\n\tpadding: 4px;\r\n\tborder-width: 0px;\r\n\tcolor: #7a7a7a;\r\n\tfont-size: 0.8em;\r\n\tborder-top: medium none;\r\n    text-align: left;\r\n}\r\n<\/style><table id=\"t6\">\r\n\t\t<thead>\r\n\t\t\t<tr><th scope=\"col\" class=\"t6\" id=\"n1\">lonkat<\/th><th scope=\"col\" class=\"t6\" id=\"n2\">kyyn\u00e4r<\/th><th scope=\"col\" class=\"t6\" id=\"n3\">selk\u00e4<\/th><th scope=\"col\" class=\"t6\" id=\"n4\">polvet<\/th><th scope=\"col\" class=\"t6\" id=\"n5\">silm\u00e4t<\/th><th scope=\"col\" class=\"t6\" id=\"n6\">olkap.<\/th><th scope=\"col\" class=\"t6\" id=\"n7\">purenta<\/th><th scope=\"col\" class=\"t6\" id=\"n8\">kivekset<\/th><th scope=\"col\" class=\"t6\" id=\"n9\">k\u00e4ytt\u00f6<\/th><th scope=\"col\" class=\"t6\" id=\"n10\">n\u00e4ytt\u00f6<\/th><th scope=\"col\" class=\"t6\" id=\"n11\">muuta<\/th><\/tr><\/thead>\r\n\t<tbody><tr class=\"table-alternate row1\"> <td id=\"n1\" class=\"start\">A\/A<\/td><td id=\"n2\" >0\/0<\/td><td id=\"n3\" >muutoksia<\/td><td id=\"n4\" >-<\/td><td id=\"n5\" >ok<\/td><td id=\"n6\" >-<\/td><td id=\"n7\" >ok<\/td><td id=\"n8\" >ok<\/td><td id=\"n9\" >BH IP3 SchH3 FH1<\/td><td id=\"n10\" >-<\/td><td id=\"n11\" >-<\/td><\/tr><\/tbody><\/table><\/p>\n<p style=\"text-align: center;\">Toope <a href=\"http:\/\/www.kayttobelgi.info\/koira.php?reknro=FIN38662\/00\" target=\"_blank\">K\u00e4ytt\u00f6belgi.infossa<\/a><a href=\"http:\/\/www.kayttobelgi.info\/koira.php?reknro=FIN38662\/00\" target=\"_blank\"><br \/>\n<\/a><\/p>\n<p>Luonteensa puolesta Toope on IPO harrastuksessaan tuottanut valtavasti iloa ohjaajalleen. Se on eritt\u00e4in varma koira, joka ei ole ikin\u00e4 pel\u00e4nnyt mit\u00e4\u00e4n. Edes pienen\u00e4 pentuna tai siit\u00e4 aikuiseksi kasvaessaan Toope ei miss\u00e4\u00e4n vaiheessa n\u00e4hnyt ikin\u00e4 mit\u00e4\u00e4n &#8221;m\u00f6rk\u00f6j\u00e4&#8221;, joille pit\u00e4isi murista tai haukkua, vaan tuli eteen koska tahansa mit\u00e4 tahansa, niin aina on Toope mennyt sit\u00e4 h\u00e4nt\u00e4 pystyss\u00e4 suoraan katsomaan. Toopea on my\u00f6s testattu erilaisissa &#8221;\u00e4\u00e4rioloissa&#8221; sit\u00e4 kaikilla mahdollisilla tavoilla uhaten, pelotellen ja kuormitellen, mutta tuumaakaan se ei ikin\u00e4 ole antanut periksi. Toki on todettava, ett\u00e4 t\u00e4llaiseen varmuuteen Toopen tapauksessa on vaikuttanut my\u00f6s ter\u00e4vyyden puute eli se katsoo maailmaa sellaisin silmin, ettei usko mink\u00e4\u00e4n uhan olevan oikeastaan todellistakaan eik\u00e4 siksi ilmenn\u00e4 aggressiivista k\u00e4ytt\u00e4ytymist\u00e4, vaikka se esim. IPO kokeen piiloty\u00f6skentelyss\u00e4 olisi toivottavaakin.<\/p>\n<p>Toopen saalisvietti ei ole kovin voimakas, mutta sen kyky kanavoida kuormitusta aktiiviseen toimintaan ja puremiseen ovat tehneet siit\u00e4 eritt\u00e4in kiihke\u00e4n harrastuskaverin sek\u00e4 tottelevaisuudessa ett\u00e4 puruissa. Ruokahalukaan ei Toopella ole suuren suuri, mutta j\u00e4ljell\u00e4 sen vahvuus on kyky toimia paineen alla eli Toopelta voi vaatia piirun tarkkaa ty\u00f6t\u00e4 ja se pystyy siihen vaatimuksen allakin&#8230;ja tekee sen viel\u00e4 itsevarmasti h\u00e4nt\u00e4 pystyss\u00e4. Pieni\u00e4 haasteitakin Toope siis on harrastuskoirana tarjonnut, mutta kokonaisuutena se on luonteensa puolesta ollut todella mukava koira IPOon.<\/p>\n<p>Harmittavaa on vain se, ett\u00e4 Toopen selk\u00e4 alkoi vaivata sit\u00e4 jo 4-vuotiaana vaikeuttaen sen kanssa kisaamista ja harjoittelemista. Onneksi Olaf Walteringin hoidossa Toope pystyi kisaamaan sent\u00e4\u00e4n yli 6-vuotiaaksi ja saavutti parhaat saavutuksensa selk\u00e4vaivojen alkamisen j\u00e4lkeen.<\/p>\n","protected":false},"excerpt":{"rendered":"<p>Quarl des Deux Pottois x Pois Kottoo Blondi 17.7.2000 &#8211; 10\/2011 FIN38662\/00 l Galleria l Toope K\u00e4ytt\u00f6belgi.infossa Luonteensa puolesta Toope on IPO harrastuksessaan tuottanut valtavasti iloa ohjaajalleen. Se on eritt\u00e4in varma koira, joka ei ole ikin\u00e4 pel\u00e4nnyt mit\u00e4\u00e4n. Edes pienen\u00e4 pentuna tai siit\u00e4 aikuiseksi kasvaessaan Toope ei miss\u00e4\u00e4n vaiheessa n\u00e4hnyt ikin\u00e4 mit\u00e4\u00e4n &#8221;m\u00f6rk\u00f6j\u00e4&#8221;, joille pit\u00e4isi [&hellip;]<\/p>\n","protected":false},"author":1,"featured_media":0,"parent":60,"menu_order":3,"comment_status":"closed","ping_status":"closed","template":"onecolumn-page.php","meta":{"footnotes":"","_links_to":"","_links_to_target":""},"class_list":["post-85","page","type-page","status-publish","hentry"],"_links":{"self":[{"href":"http:\/\/tamaon.com\/to\/index.php?rest_route=\/wp\/v2\/pages\/85","targetHints":{"allow":["GET"]}}],"collection":[{"href":"http:\/\/tamaon.com\/to\/index.php?rest_route=\/wp\/v2\/pages"}],"about":[{"href":"http:\/\/tamaon.com\/to\/index.php?rest_route=\/wp\/v2\/types\/page"}],"author":[{"embeddable":true,"href":"http:\/\/tamaon.com\/to\/index.php?rest_route=\/wp\/v2\/users\/1"}],"replies":[{"embeddable":true,"href":"http:\/\/tamaon.com\/to\/index.php?rest_route=%2Fwp%2Fv2%2Fcomments&post=85"}],"version-history":[{"count":11,"href":"http:\/\/tamaon.com\/to\/index.php?rest_route=\/wp\/v2\/pages\/85\/revisions"}],"predecessor-version":[{"id":1223,"href":"http:\/\/tamaon.com\/to\/index.php?rest_route=\/wp\/v2\/pages\/85\/revisions\/1223"}],"up":[{"embeddable":true,"href":"http:\/\/tamaon.com\/to\/index.php?rest_route=\/wp\/v2\/pages\/60"}],"wp:attachment":[{"href":"http:\/\/tamaon.com\/to\/index.php?rest_route=%2Fwp%2Fv2%2Fmedia&parent=85"}],"curies":[{"name":"wp","href":"https:\/\/api.w.org\/{rel}","templated":true}]}}