
{"id":81,"date":"2012-10-02T18:19:50","date_gmt":"2012-10-02T15:19:50","guid":{"rendered":"http:\/\/tamaon.com\/to\/?page_id=81"},"modified":"2013-10-30T20:44:52","modified_gmt":"2013-10-30T18:44:52","slug":"wiky-lubinov-slovakia","status":"publish","type":"page","link":"http:\/\/tamaon.com\/to\/?page_id=81","title":{"rendered":"Wiky Lubinov Slovakia"},"content":{"rendered":"<p style=\"text-align: center;\"><a href=\"http:\/\/tamaon.com\/to\/wp-content\/uploads\/2012\/10\/Wiki7kk1.jpg\"><img loading=\"lazy\" decoding=\"async\" class=\"alignnone size-full wp-image-750\" style=\"border: 1px solid black;\" title=\"Wiki7kk\" alt=\"\" src=\"http:\/\/tamaon.com\/to\/wp-content\/uploads\/2012\/10\/Wiki7kk1.jpg\" width=\"139\" height=\"283\" \/><\/a><a href=\"http:\/\/tamaon.com\/to\/wp-content\/uploads\/2012\/10\/wiky1.jpg\"><img loading=\"lazy\" decoding=\"async\" class=\"alignnone size-full wp-image-355\" style=\"border: 1px solid black; margin-left: 2px; margin-right: 2px;\" title=\"wiky1\" alt=\"\" src=\"http:\/\/tamaon.com\/to\/wp-content\/uploads\/2012\/10\/wiky1.jpg\" width=\"213\" height=\"283\" \/><\/a><a href=\"http:\/\/tamaon.com\/to\/wp-content\/uploads\/2012\/10\/DSCF7709.jpg\"><img loading=\"lazy\" decoding=\"async\" class=\"alignnone size-full wp-image-744\" style=\"border: 1px solid black;\" title=\"DSCF7709\" alt=\"\" src=\"http:\/\/tamaon.com\/to\/wp-content\/uploads\/2012\/10\/DSCF7709.jpg\" width=\"157\" height=\"283\" \/><\/a><\/p>\n<p style=\"text-align: center;\">Pard de Alphaville Bohemia x Redy Lubinov Slovakia<br \/>\n20.2.2012 &#8211; 29.10.2013<br \/>\nFI18581\/13<br \/>\nKasvattaja Viliam Kobercik<\/p>\n<p style=\"text-align: center;\">l <a href=\"http:\/\/tamaon.com\/gallery3\/index.php\/omat-koirat\/Wiki\">Galleria<\/a> l<\/p>\n<p style=\"text-align: center;\"><style>\r\n\r\ntable#t8 {\r\nborder-collapse: collapse;\t\r\nborder-width: 0px;\r\nborder-style: outset;\r\nmargin: 20px 0;\r\nline-height: 2.0em;\r\ntext-align: left;\r\nvertical-align: top;width: 100%;border-top: 1px solid #EEEEEE;border-bottom: 1px solid #EEEEEE;box-shadow: 0 2px 3px rgba(0, 0, 0, 0.4);\r\n}\r\ntable#t8 thead tr {\r\n\r\n}\r\ntable#t8 thead tr th.t8 {\r\ncolor: #333333;\r\nbackground: none repeat scroll 0 0 #FFFFFF;\r\nfont-size: 0.8em;\r\nletter-spacing: 0;\r\nline-height: 0.8;\r\npadding: 4px;\r\ntext-transform: none;\r\ntext-align: left;border-bottom: 1px solid #EEEEEE;\r\n}\r\n\r\ntable#t8 thead tr th#t8.start {\r\n\r\n}\r\ntable#t8 thead tr th#t8.end {\r\n\r\n}\r\ntable#t8 tbody tr {\r\n    background: none repeat scroll 0 0 #FFFFFF;\r\n}\r\ntable#t8 tbody tr.table-alternate {\r\n    background: none repeat scroll 0 0 #FDFDFD;\r\n}\r\ntable#t8 tbody tr td#n1 {\r\n\twidth: 9%;\r\n\t}table#t8 tbody tr td#n2 {\r\n\twidth: 9%;\r\n\t}table#t8 tbody tr td#n3 {\r\n\twidth: 20%;\r\n\t}table#t8 tbody tr td#n4 {\r\n\twidth: 9%;\r\n\t}table#t8 tbody tr td#n5 {\r\n\twidth: 9%;\r\n\t}table#t8 tbody tr td#n6 {\r\n\twidth: 10%;\r\n\t}table#t8 tbody tr td#n7 {\r\n\twidth: 10%;\r\n\t}table#t8 tbody tr td#n8 {\r\n\twidth: 15%;\r\n\t}table#t8 tbody tr td#n9 {\r\n\twidth: 10%;\r\n\t}table#t8 tbody tr td#n10 {\r\n\twidth: 10%;\r\n\t}\r\n\r\ntable#t8 tbody tr td {\r\n    padding: 5px;\r\n\tborder-width: 0px;\r\n\tfont-size: 0.8em;\r\n\tborder-top: medium none;border-bottom: 1px solid #EEEEEE;\r\n    text-align: left;\r\n\tline-height: 1.0;\r\n\tvertical-align: top;\r\n}\r\n}\r\ntable#t8 tfoot tr {\r\n}\r\n\r\ntable#t8 tfoot tr td {\r\n    background: none repeat scroll 0 0 #FCFCFC;\t\r\n\tpadding: 4px;\r\n\tborder-width: 0px;\r\n\tcolor: #7a7a7a;\r\n\tfont-size: 0.8em;\r\n\tborder-top: medium none;\r\n    text-align: left;\r\n}\r\n<\/style><table id=\"t8\">\r\n\t\t<thead>\r\n\t\t\t<tr><th scope=\"col\" class=\"t8\" id=\"n1\">lonkat<\/th><th scope=\"col\" class=\"t8\" id=\"n2\">kyyn\u00e4r<\/th><th scope=\"col\" class=\"t8\" id=\"n3\">selk\u00e4<\/th><th scope=\"col\" class=\"t8\" id=\"n4\">polvet<\/th><th scope=\"col\" class=\"t8\" id=\"n5\">silm\u00e4t<\/th><th scope=\"col\" class=\"t8\" id=\"n6\">olkap.<\/th><th scope=\"col\" class=\"t8\" id=\"n7\">purenta<\/th><th scope=\"col\" class=\"t8\" id=\"n8\">k\u00e4ytt\u00f6<\/th><th scope=\"col\" class=\"t8\" id=\"n9\">n\u00e4ytt\u00f6<\/th><th scope=\"col\" class=\"t8\" id=\"n10\">muuta<\/th><\/tr><\/thead>\r\n\t<tbody><tr class=\"table-alternate row1\"> <td id=\"n1\" class=\"start\">B\/B<\/td><td id=\"n2\" >1\/3<\/td><td id=\"n3\" >Rintanikamav\u00e4liss\u00e4 T12\/13 nikaman p\u00e4\u00e4ss\u00e4 luupiikki.\r\n-Pauli Ker\u00e4nen 21.3.13<\/td><td id=\"n4\" >ok<\/td><td id=\"n5\" >ok<\/td><td id=\"n6\" >ok<\/td><td id=\"n7\" >ok<\/td><td id=\"n8\" >-<\/td><td id=\"n9\" >-<\/td><td id=\"n10\" >-<\/td><\/tr><\/tbody><\/table><\/p>\n","protected":false},"excerpt":{"rendered":"<p>Pard de Alphaville Bohemia x Redy Lubinov Slovakia 20.2.2012 &#8211; 29.10.2013 FI18581\/13 Kasvattaja Viliam Kobercik l Galleria l<\/p>\n","protected":false},"author":1,"featured_media":0,"parent":60,"menu_order":2,"comment_status":"closed","ping_status":"closed","template":"onecolumn-page.php","meta":{"footnotes":"","_links_to":"","_links_to_target":""},"class_list":["post-81","page","type-page","status-publish","hentry"],"_links":{"self":[{"href":"http:\/\/tamaon.com\/to\/index.php?rest_route=\/wp\/v2\/pages\/81","targetHints":{"allow":["GET"]}}],"collection":[{"href":"http:\/\/tamaon.com\/to\/index.php?rest_route=\/wp\/v2\/pages"}],"about":[{"href":"http:\/\/tamaon.com\/to\/index.php?rest_route=\/wp\/v2\/types\/page"}],"author":[{"embeddable":true,"href":"http:\/\/tamaon.com\/to\/index.php?rest_route=\/wp\/v2\/users\/1"}],"replies":[{"embeddable":true,"href":"http:\/\/tamaon.com\/to\/index.php?rest_route=%2Fwp%2Fv2%2Fcomments&post=81"}],"version-history":[{"count":14,"href":"http:\/\/tamaon.com\/to\/index.php?rest_route=\/wp\/v2\/pages\/81\/revisions"}],"predecessor-version":[{"id":946,"href":"http:\/\/tamaon.com\/to\/index.php?rest_route=\/wp\/v2\/pages\/81\/revisions\/946"}],"up":[{"embeddable":true,"href":"http:\/\/tamaon.com\/to\/index.php?rest_route=\/wp\/v2\/pages\/60"}],"wp:attachment":[{"href":"http:\/\/tamaon.com\/to\/index.php?rest_route=%2Fwp%2Fv2%2Fmedia&parent=81"}],"curies":[{"name":"wp","href":"https:\/\/api.w.org\/{rel}","templated":true}]}}