
{"id":79,"date":"2012-10-02T18:19:26","date_gmt":"2012-10-02T15:19:26","guid":{"rendered":"http:\/\/tamaon.com\/to\/?page_id=79"},"modified":"2019-07-21T18:20:38","modified_gmt":"2019-07-21T15:20:38","slug":"daneskjold-kvante","status":"publish","type":"page","link":"http:\/\/tamaon.com\/to\/?page_id=79","title":{"rendered":"Daneskjold Kvante"},"content":{"rendered":"<p style=\"text-align: center;\"><a href=\"http:\/\/tamaon.com\/to\/wp-content\/uploads\/2012\/10\/elmo1.jpg\"><img loading=\"lazy\" decoding=\"async\" class=\"alignnone size-full wp-image-361\" style=\"border: 1px solid black; margin-left: 2px; margin-right: 2px;\" title=\"elmo1\" src=\"http:\/\/tamaon.com\/to\/wp-content\/uploads\/2012\/10\/elmo1.jpg\" alt=\"\" width=\"162\" height=\"250\" \/><\/a><a href=\"http:\/\/tamaon.com\/to\/wp-content\/uploads\/2012\/10\/elmo2.jpg\"><img loading=\"lazy\" decoding=\"async\" class=\"alignnone size-full wp-image-360\" style=\"border: 1px solid black; margin-left: 2px; margin-right: 2px;\" title=\"elmo2\" src=\"http:\/\/tamaon.com\/to\/wp-content\/uploads\/2012\/10\/elmo2.jpg\" alt=\"\" width=\"223\" height=\"250\" \/><\/a><a href=\"http:\/\/tamaon.com\/to\/wp-content\/uploads\/2012\/10\/elmo3.jpg\"><img loading=\"lazy\" decoding=\"async\" class=\"alignnone  wp-image-359\" style=\"border: 1px solid black; margin-left: 2px; margin-right: 2px;\" title=\"elmo3\" src=\"http:\/\/tamaon.com\/to\/wp-content\/uploads\/2012\/10\/elmo3.jpg\" alt=\"\" width=\"210\" height=\"250\" \/><\/a><\/p>\n<p style=\"text-align: center;\">Zico v.d. Berlex-Hoeve x Vandalens Eureka<br \/>\n24.5.2006 &#8211; 24.09.2018<br \/>\nFIN11315\/07<\/p>\n<p style=\"text-align: center;\">l <a href=\"http:\/\/tamaon.com\/gallery3\/index.php\/omat-koirat\/Elmo\">Galleria<\/a> l<\/p>\n<p style=\"text-align: center;\"><style>\r\n\r\ntable#t9 {\r\nborder-collapse: collapse;\t\r\nborder-width: 0px;\r\nborder-style: outset;\r\nmargin: 20px 0;\r\nline-height: 2.0em;\r\ntext-align: left;\r\nvertical-align: top;width: 100%;border-top: 1px solid #EEEEEE;border-bottom: 1px solid #EEEEEE;box-shadow: 0 2px 3px rgba(0, 0, 0, 0.4);\r\n}\r\ntable#t9 thead tr {\r\n\r\n}\r\ntable#t9 thead tr th.t9 {\r\ncolor: #333333;\r\nbackground: none repeat scroll 0 0 #FFFFFF;\r\nfont-size: 0.8em;\r\nletter-spacing: 0;\r\nline-height: 0.8;\r\npadding: 4px;\r\ntext-transform: none;\r\ntext-align: left;border-bottom: 1px solid #EEEEEE;\r\n}\r\n\r\ntable#t9 thead tr th#t9.start {\r\n\r\n}\r\ntable#t9 thead tr th#t9.end {\r\n\r\n}\r\ntable#t9 tbody tr {\r\n    background: none repeat scroll 0 0 #FFFFFF;\r\n}\r\ntable#t9 tbody tr.table-alternate {\r\n    background: none repeat scroll 0 0 #FDFDFD;\r\n}\r\ntable#t9 tbody tr td#n1 {\r\n\twidth: 10%;\r\n\t}table#t9 tbody tr td#n2 {\r\n\twidth: 10%;\r\n\t}table#t9 tbody tr td#n3 {\r\n\twidth: 10%;\r\n\t}table#t9 tbody tr td#n4 {\r\n\twidth: 10%;\r\n\t}table#t9 tbody tr td#n5 {\r\n\twidth: 10%;\r\n\t}table#t9 tbody tr td#n6 {\r\n\twidth: 10%;\r\n\t}table#t9 tbody tr td#n7 {\r\n\twidth: 10%;\r\n\t}table#t9 tbody tr td#n8 {\r\n\twidth: 15%;\r\n\t}table#t9 tbody tr td#n9 {\r\n\twidth: 10%;\r\n\t}table#t9 tbody tr td#n10 {\r\n\twidth: 10%;\r\n\t}table#t9 tbody tr td#n11 {\r\n\twidth: 15%;\r\n\t}table#t9 tbody tr td#n12 {\r\n\twidth: 2%;\r\n\t}\r\n\r\ntable#t9 tbody tr td {\r\n    padding: 5px;\r\n\tborder-width: 0px;\r\n\tfont-size: 0.8em;\r\n\tborder-top: medium none;border-bottom: 1px solid #EEEEEE;\r\n    text-align: left;\r\n\tline-height: 1.0;\r\n\tvertical-align: top;\r\n}\r\n}\r\ntable#t9 tfoot tr {\r\n}\r\n\r\ntable#t9 tfoot tr td {\r\n    background: none repeat scroll 0 0 #FCFCFC;\t\r\n\tpadding: 4px;\r\n\tborder-width: 0px;\r\n\tcolor: #7a7a7a;\r\n\tfont-size: 0.8em;\r\n\tborder-top: medium none;\r\n    text-align: left;\r\n}\r\n<\/style><table id=\"t9\">\r\n\t\t<thead>\r\n\t\t\t<tr><th scope=\"col\" class=\"t9\" id=\"n1\">lonkat<\/th><th scope=\"col\" class=\"t9\" id=\"n2\">kyyn\u00e4r<\/th><th scope=\"col\" class=\"t9\" id=\"n3\">selk\u00e4<\/th><th scope=\"col\" class=\"t9\" id=\"n4\">polvet<\/th><th scope=\"col\" class=\"t9\" id=\"n5\">silm\u00e4t<\/th><th scope=\"col\" class=\"t9\" id=\"n6\">olkap.<\/th><th scope=\"col\" class=\"t9\" id=\"n7\">purenta<\/th><th scope=\"col\" class=\"t9\" id=\"n8\">k\u00e4ytt\u00f6<\/th><th scope=\"col\" class=\"t9\" id=\"n9\">n\u00e4ytt\u00f6<\/th><th scope=\"col\" class=\"t9\" id=\"n10\">muuta<\/th><th scope=\"col\" class=\"t9\" id=\"n11\">osaomistuksessa<\/th><th scope=\"col\" class=\"t9\" id=\"n12\">ohjaaja<\/th><\/tr><\/thead>\r\n\t<tbody><tr class=\"table-alternate row1\"> <td id=\"n1\" class=\"start\">A\/A<\/td><td id=\"n2\" >0\/0<\/td><td id=\"n3\" >muutoksia<\/td><td id=\"n4\" >-<\/td><td id=\"n5\" >ok<\/td><td id=\"n6\" >ok<\/td><td id=\"n7\" >ok<\/td><td id=\"n8\" >IP3 BH<\/td><td id=\"n9\" >-<\/td><td id=\"n10\" >-<\/td><td id=\"n11\" >kennel Nekaros & kennel T\u00e4m\u00e4 on<\/td><td id=\"n12\" >Juha Korri<\/td><\/tr><\/tbody><\/table><\/p>\n<p style=\"text-align: center;\">selk\u00e4; Selk\u00e4rangan r\u00f6ntgenkuvissa pient\u00e4 alkavaa silloittumaa lannerangassa (T12-L1 v\u00e4liss\u00e4 sek\u00e4 L7-S1 v\u00e4liss\u00e4)<\/p>\n<p style=\"text-align: center;\">Elmo <a href=\"http:\/\/www.kayttobelgi.info\/koira.php?reknro=FIN11315\/07\" target=\"_blank\" rel=\"noopener noreferrer\">K\u00e4ytt\u00f6belgi.infossa<\/a><\/p>\n<p style=\"text-align: center;\">Elmon IP1 koe; <a href=\"http:\/\/www.youtube.com\/watch?v=ETenGSLxNP4&amp;feature=channel\" target=\"_blank\" rel=\"noopener noreferrer\">A<\/a>, <a href=\"http:\/\/www.youtube.com\/watch?v=eSQG1mo_BwY&amp;feature=related\" target=\"_blank\" rel=\"noopener noreferrer\">B<\/a> &amp; <a href=\"http:\/\/www.youtube.com\/watch?v=8Byn8oZobQo&amp;feature=related\" target=\"_blank\" rel=\"noopener noreferrer\">C<\/a> (video)<br \/>\nElmon IP2 koe; <a href=\"http:\/\/www.youtube.com\/watch?v=EZW24IK9ez8\" target=\"_blank\" rel=\"noopener noreferrer\">C<\/a> (video)<br \/>\n<a href=\"http:\/\/www.youtube.com\/watch?v=_8Y4vndfyqE\" target=\"_blank\" rel=\"noopener noreferrer\">Juha ja Elmo vetohiihtokisoissa 28.2.2010 H\u00e4meenlinna<\/a><br \/>\n<a href=\"http:\/\/www.youtube.com\/watch?v=kvVZseZDZm8\" target=\"_blank\" rel=\"noopener noreferrer\">Juha ja Elmo vetohiihdon rotumestaruuskisa 7.3.2010 \u00c4\u00e4nekoski, l\u00e4ht\u00f6<\/a><\/p>\n<p style=\"text-align: center;\">Elmon kasvattajan <a href=\"http:\/\/www.daneskjold.dk\/\" target=\"_blank\" rel=\"noopener noreferrer\">sivut<\/a> ja <a href=\"http:\/\/www.daneskjold.dk\/Daneskjold%20k2-stamtavle.htm\" target=\"_blank\" rel=\"noopener noreferrer\">pentuesivu<\/a><\/p>\n<p style=\"text-align: left;\"><a href=\"http:\/\/tamaon.com\/to\/wp-content\/uploads\/2012\/10\/elmoomasivu.jpg\"><img loading=\"lazy\" decoding=\"async\" class=\"alignleft size-full wp-image-368\" style=\"border: 1px solid black;\" title=\"elmoomasivu\" src=\"http:\/\/tamaon.com\/to\/wp-content\/uploads\/2012\/10\/elmoomasivu.jpg\" alt=\"\" width=\"225\" height=\"300\" \/><\/a>Elmo on vietik\u00e4s ja energinen koira. Elmon etu harrastamisessa on se, ett\u00e4 motivointi ei ole koskaan ongelma, ja siksi sen kanssa voi harjoitella aivan niin paljon kuin vain itse haluaa. Kotioloissa ja arkiel\u00e4m\u00e4ss\u00e4 Elmo kykenee rauhoittumaan tarvittaessa. Elmo on sosiaalinen koira, joka tulee kaikkien ihmisten ja muiden koirien kanssa hyvin toimeen. Se on my\u00f6s alusta- ja paikkavarma, joten sen kanssa liikkuminen miss\u00e4 vain on helppoa.<\/p>\n<p>Elmolla on eritt\u00e4in kova ruokahalu ja siksi sen kanssa on mukava j\u00e4ljest\u00e4\u00e4. Tottelevaisuudessa Elmo on teknisilt\u00e4 taidoiltaan hyvin osaava koira, mutta se on pidett\u00e4v\u00e4 hyvin hallinnassa, jotta se ei tekisi omiaan. Sama p\u00e4tee my\u00f6s puruihin ja oikeastaan kaikkeen Elmon kanssa tekemiseen. Puruissa Elmo on kiihke\u00e4 ja itsevarma sek\u00e4 kykenev\u00e4inen kanavoimaan kaiken energiansa lujaan ja rauhalliseen otteeseen. Sen pyrkimys aivan t\u00e4yteen otteeseen voisi olla voimakkaampi, koska joskus se tyytyy sentin verran vajaaseen puruun ilman tarvetta syvent\u00e4\u00e4 otettaan.<\/p>\n<p>Elmo treenaa suojelua maalimies Antti Kurjen kanssa.<\/p>\n<p>Elmon korkeus 64 cm ja paino 31 kg.<\/p>\n<p>J\u00e4lkel\u00e4isi\u00e4<\/p>\n<ul>\n<li>kennel <a href=\"http:\/\/personal.inet.fi\/koti\/tammikallion\/\" target=\"_blank\" rel=\"noopener noreferrer\">Tammikallion<\/a> O-pentue 8.5.2011<\/li>\n<li>kennel T\u00e4m\u00e4 on <a title=\"E-pentue 2011\" href=\"http:\/\/tamaon.com\/to\/?page_id=24\">E-pentue<\/a> 16.11.2011<\/li>\n<\/ul>\n","protected":false},"excerpt":{"rendered":"<p>Zico v.d. Berlex-Hoeve x Vandalens Eureka 24.5.2006 &#8211; 24.09.2018 FIN11315\/07 l Galleria l selk\u00e4; Selk\u00e4rangan r\u00f6ntgenkuvissa pient\u00e4 alkavaa silloittumaa lannerangassa (T12-L1 v\u00e4liss\u00e4 sek\u00e4 L7-S1 v\u00e4liss\u00e4) Elmo K\u00e4ytt\u00f6belgi.infossa Elmon IP1 koe; A, B &amp; C (video) Elmon IP2 koe; C (video) Juha ja Elmo vetohiihtokisoissa 28.2.2010 H\u00e4meenlinna Juha ja Elmo vetohiihdon rotumestaruuskisa 7.3.2010 \u00c4\u00e4nekoski, l\u00e4ht\u00f6 Elmon [&hellip;]<\/p>\n","protected":false},"author":1,"featured_media":0,"parent":54,"menu_order":2,"comment_status":"closed","ping_status":"closed","template":"","meta":{"footnotes":"","_links_to":"","_links_to_target":""},"class_list":["post-79","page","type-page","status-publish","hentry"],"_links":{"self":[{"href":"http:\/\/tamaon.com\/to\/index.php?rest_route=\/wp\/v2\/pages\/79","targetHints":{"allow":["GET"]}}],"collection":[{"href":"http:\/\/tamaon.com\/to\/index.php?rest_route=\/wp\/v2\/pages"}],"about":[{"href":"http:\/\/tamaon.com\/to\/index.php?rest_route=\/wp\/v2\/types\/page"}],"author":[{"embeddable":true,"href":"http:\/\/tamaon.com\/to\/index.php?rest_route=\/wp\/v2\/users\/1"}],"replies":[{"embeddable":true,"href":"http:\/\/tamaon.com\/to\/index.php?rest_route=%2Fwp%2Fv2%2Fcomments&post=79"}],"version-history":[{"count":11,"href":"http:\/\/tamaon.com\/to\/index.php?rest_route=\/wp\/v2\/pages\/79\/revisions"}],"predecessor-version":[{"id":1636,"href":"http:\/\/tamaon.com\/to\/index.php?rest_route=\/wp\/v2\/pages\/79\/revisions\/1636"}],"up":[{"embeddable":true,"href":"http:\/\/tamaon.com\/to\/index.php?rest_route=\/wp\/v2\/pages\/54"}],"wp:attachment":[{"href":"http:\/\/tamaon.com\/to\/index.php?rest_route=%2Fwp%2Fv2%2Fmedia&parent=79"}],"curies":[{"name":"wp","href":"https:\/\/api.w.org\/{rel}","templated":true}]}}