{"id":774,"date":"2013-01-22T20:11:23","date_gmt":"2013-01-22T18:11:23","guid":{"rendered":"http:\/\/tamaon.com\/to\/?page_id=774"},"modified":"2025-09-13T14:35:29","modified_gmt":"2025-09-13T11:35:29","slug":"f-pentue-2012","status":"publish","type":"page","link":"http:\/\/tamaon.com\/to\/?page_id=774","title":{"rendered":"F-pentue 2013"},"content":{"rendered":"<p style=\"text-align: center;\"><a href=\"http:\/\/tamaon.com\/to\/wp-content\/uploads\/2013\/01\/jacko.jpg\"><img loading=\"lazy\" decoding=\"async\" class=\"alignnone size-full wp-image-798\" style=\"border: 1px solid black; margin-top: 1px; margin-bottom: 1px;\" src=\"http:\/\/tamaon.com\/to\/wp-content\/uploads\/2013\/01\/jacko.jpg\" alt=\"jacko\" width=\"207\" height=\"200\" \/><\/a> <img loading=\"lazy\" decoding=\"async\" class=\"alignnone size-full wp-image-309\" style=\"border: 1px solid black;\" src=\"http:\/\/tamaon.com\/to\/wp-content\/uploads\/2012\/10\/datzinpaa.jpg\" alt=\"datzinpaa\" width=\"173\" height=\"200\" \/><br \/>\nJacko x Datz vom Heustadlwasser<br \/>\n19.1.2013<\/p>\n<p style=\"text-align: center;\">\n<table id=\"tablepress-7\" class=\"tablepress tablepress-id-7\">\n<thead>\n<tr class=\"row-1\">\n\t<th class=\"column-1\">urokset<\/th><th class=\"column-2\">lonkat<\/th><th class=\"column-3\">kyyn\u00e4r<\/th><th class=\"column-4\">selk\u00e4<\/th><th class=\"column-5\">silm\u00e4t<\/th><th class=\"column-6\">k\u00e4ytt\u00f6<\/th><th class=\"column-7\">n\u00e4ytt\u00f6<\/th><th class=\"column-8\">muuta<\/th>\n<\/tr>\n<\/thead>\n<tbody class=\"row-striping row-hover\">\n<tr class=\"row-2\">\n\t<td class=\"column-1\">FERRARI<\/td><td class=\"column-2\">C\/C<\/td><td class=\"column-3\">0\/0<\/td><td class=\"column-4\">SP0 LTV0 VA0<\/td><td class=\"column-5\">ok<\/td><td class=\"column-6\">IP3 BH<\/td><td class=\"column-7\"><\/td><td class=\"column-8\">polvet 0\/0<\/td>\n<\/tr>\n<tr class=\"row-3\">\n\t<td class=\"column-1\">FINLANDIA<\/td><td class=\"column-2\">A\/A<\/td><td class=\"column-3\">0\/0<\/td><td class=\"column-4\"><\/td><td class=\"column-5\">ok<\/td><td class=\"column-6\">MR2 BH<\/td><td class=\"column-7\"><\/td><td class=\"column-8\">Polvet ok<\/td>\n<\/tr>\n<tr class=\"row-4\">\n\t<td class=\"column-1\">FORMULA<\/td><td class=\"column-2\">A\/A<\/td><td class=\"column-3\">0\/0<\/td><td class=\"column-4\">SP0 LTV0 VA0<\/td><td class=\"column-5\">ok<\/td><td class=\"column-6\"><\/td><td class=\"column-7\"><\/td><td class=\"column-8\"><\/td>\n<\/tr>\n<tr class=\"row-5\">\n\t<td class=\"column-1\">nartut<\/td><td class=\"column-2\"><\/td><td class=\"column-3\"><\/td><td class=\"column-4\"><\/td><td class=\"column-5\"><\/td><td class=\"column-6\"><\/td><td class=\"column-7\"><\/td><td class=\"column-8\"><\/td>\n<\/tr>\n<tr class=\"row-6\">\n\t<td class=\"column-1\">FORTUNA<\/td><td class=\"column-2\">A\/A<\/td><td class=\"column-3\">1\/1<\/td><td class=\"column-4\">SP0 LTV0 VA0<\/td><td class=\"column-5\">ok<\/td><td class=\"column-6\">IP2 BH<\/td><td class=\"column-7\">EH<\/td><td class=\"column-8\">Polvet 0\/0, olat ok, RIP 07.2016 IBD<\/td>\n<\/tr>\n<tr class=\"row-7\">\n\t<td class=\"column-1\">FRETTI<\/td><td class=\"column-2\">A\/A<\/td><td class=\"column-3\">0\/0<\/td><td class=\"column-4\">SP0 LTV0 VA0<\/td><td class=\"column-5\">ok<\/td><td class=\"column-6\"><\/td><td class=\"column-7\"><\/td><td class=\"column-8\">Polvet 0\/0, olat ok, RIP 05.2016 Moniniveltulehdus, immunologinen polyartriitti<\/td>\n<\/tr>\n<\/tbody>\n<\/table>\n<!-- #tablepress-7 from cache --><\/p>\n<figure id=\"attachment_811\" aria-describedby=\"caption-attachment-811\" style=\"width: 200px\" class=\"wp-caption alignleft\"><a href=\"http:\/\/tamaon.com\/to\/wp-content\/uploads\/2013\/01\/ferrarinaama1.jpg\"><img loading=\"lazy\" decoding=\"async\" class=\"size-full wp-image-811  \" style=\"border: 1px solid black;\" src=\"http:\/\/tamaon.com\/to\/wp-content\/uploads\/2013\/01\/ferrarinaama1.jpg\" alt=\"ferrarinaama\" width=\"200\" height=\"260\" \/><\/a><figcaption id=\"caption-attachment-811\" class=\"wp-caption-text\">T\u00e4m\u00e4 on Ferrari &#8221;Ferro&#8221;<br \/>FI16650\/13<\/figcaption><\/figure>\n<figure id=\"attachment_809\" aria-describedby=\"caption-attachment-809\" style=\"width: 200px\" class=\"wp-caption alignleft\"><a href=\"http:\/\/tamaon.com\/to\/wp-content\/uploads\/2013\/01\/finlandianaama.jpg\"><img loading=\"lazy\" decoding=\"async\" class=\"size-full wp-image-809 \" style=\"border: 1px solid black;\" src=\"http:\/\/tamaon.com\/to\/wp-content\/uploads\/2013\/01\/finlandianaama.jpg\" alt=\"finlandianaama\" width=\"200\" height=\"260\" \/><\/a><figcaption id=\"caption-attachment-809\" class=\"wp-caption-text\">T\u00e4m\u00e4 on Finlandia &#8221;Peto&#8221;<br \/>FI16651\/13<\/figcaption><\/figure>\n<figure id=\"attachment_808\" aria-describedby=\"caption-attachment-808\" style=\"width: 200px\" class=\"wp-caption alignleft\"><a href=\"http:\/\/tamaon.com\/to\/wp-content\/uploads\/2013\/01\/formulanaama.jpg\"><img loading=\"lazy\" decoding=\"async\" class=\"size-full wp-image-808 \" style=\"border: 1px solid black;\" src=\"http:\/\/tamaon.com\/to\/wp-content\/uploads\/2013\/01\/formulanaama.jpg\" alt=\"formulanaama\" width=\"200\" height=\"260\" \/><\/a><figcaption id=\"caption-attachment-808\" class=\"wp-caption-text\">T\u00e4m\u00e4 on Formula &#8221;\u00c4ss\u00e4&#8221;<br \/>FI16652\/13<\/figcaption><\/figure>\n<figure id=\"attachment_810\" aria-describedby=\"caption-attachment-810\" style=\"width: 200px\" class=\"wp-caption alignleft\"><a href=\"http:\/\/tamaon.com\/to\/wp-content\/uploads\/2013\/01\/fortuna.jpg\"><img loading=\"lazy\" decoding=\"async\" class=\"size-full wp-image-810  \" style=\"border: 1px solid black;\" src=\"http:\/\/tamaon.com\/to\/wp-content\/uploads\/2013\/01\/fortuna.jpg\" alt=\"fortunanaama\" width=\"200\" height=\"260\" \/><\/a><figcaption id=\"caption-attachment-810\" class=\"wp-caption-text\">T\u00e4m\u00e4 on Fortuna &#8221;Luna&#8221;<br \/>FI16653\/13<\/figcaption><\/figure>\n<figure id=\"attachment_812\" aria-describedby=\"caption-attachment-812\" style=\"width: 200px\" class=\"wp-caption alignleft\"><a href=\"http:\/\/tamaon.com\/to\/wp-content\/uploads\/2013\/01\/frettinaama1.jpg\"><img loading=\"lazy\" decoding=\"async\" class=\"  wp-image-812 size-full\" style=\"border: 1px solid black;\" src=\"http:\/\/tamaon.com\/to\/wp-content\/uploads\/2013\/01\/frettinaama.jpg\" alt=\"frettinaama\" width=\"200\" height=\"260\" \/><\/a><figcaption id=\"caption-attachment-812\" class=\"wp-caption-text\">T\u00e4m\u00e4 on Fretti &#8221;Reeti&#8221;<br \/>FI16654\/13 om. Suvi Tenho ja Tomi Miilum\u00e4ki<\/figcaption><\/figure>\n","protected":false},"excerpt":{"rendered":"<p>Jacko x Datz vom Heustadlwasser 19.1.2013<\/p>\n","protected":false},"author":1,"featured_media":0,"parent":22,"menu_order":9,"comment_status":"closed","ping_status":"closed","template":"","meta":{"footnotes":"","_links_to":"","_links_to_target":""},"class_list":["post-774","page","type-page","status-publish","hentry"],"_links":{"self":[{"href":"http:\/\/tamaon.com\/to\/index.php?rest_route=\/wp\/v2\/pages\/774","targetHints":{"allow":["GET"]}}],"collection":[{"href":"http:\/\/tamaon.com\/to\/index.php?rest_route=\/wp\/v2\/pages"}],"about":[{"href":"http:\/\/tamaon.com\/to\/index.php?rest_route=\/wp\/v2\/types\/page"}],"author":[{"embeddable":true,"href":"http:\/\/tamaon.com\/to\/index.php?rest_route=\/wp\/v2\/users\/1"}],"replies":[{"embeddable":true,"href":"http:\/\/tamaon.com\/to\/index.php?rest_route=%2Fwp%2Fv2%2Fcomments&post=774"}],"version-history":[{"count":16,"href":"http:\/\/tamaon.com\/to\/index.php?rest_route=\/wp\/v2\/pages\/774\/revisions"}],"predecessor-version":[{"id":1709,"href":"http:\/\/tamaon.com\/to\/index.php?rest_route=\/wp\/v2\/pages\/774\/revisions\/1709"}],"up":[{"embeddable":true,"href":"http:\/\/tamaon.com\/to\/index.php?rest_route=\/wp\/v2\/pages\/22"}],"wp:attachment":[{"href":"http:\/\/tamaon.com\/to\/index.php?rest_route=%2Fwp%2Fv2%2Fmedia&parent=774"}],"curies":[{"name":"wp","href":"https:\/\/api.w.org\/{rel}","templated":true}]}}