
{"id":760,"date":"2013-01-16T14:49:00","date_gmt":"2013-01-16T12:49:00","guid":{"rendered":"http:\/\/tamaon.com\/to\/?page_id=760"},"modified":"2019-07-21T18:36:16","modified_gmt":"2019-07-21T15:36:16","slug":"harmaahurstin-irmasofia","status":"publish","type":"page","link":"http:\/\/tamaon.com\/to\/?page_id=760","title":{"rendered":"Harmaahurstin Irmasofia"},"content":{"rendered":"<p style=\"text-align: center;\"><em><a href=\"http:\/\/tamaon.com\/to\/wp-content\/uploads\/2013\/01\/mora1.jpg\"><img loading=\"lazy\" decoding=\"async\" class=\"aligncenter  wp-image-1179\" src=\"http:\/\/tamaon.com\/to\/wp-content\/uploads\/2013\/01\/mora1-640x480.jpg\" alt=\"mora\" width=\"569\" height=\"427\" srcset=\"http:\/\/tamaon.com\/to\/wp-content\/uploads\/2013\/01\/mora1-640x480.jpg 640w, http:\/\/tamaon.com\/to\/wp-content\/uploads\/2013\/01\/mora1-400x300.jpg 400w, http:\/\/tamaon.com\/to\/wp-content\/uploads\/2013\/01\/mora1.jpg 960w\" sizes=\"auto, (max-width: 569px) 100vw, 569px\" \/><\/a><\/em><\/p>\n<p style=\"text-align: center;\">Harmaahurstin Galle x Finish Ch\u00e2teau Sch\u00f6nwalde<br \/>\n26.11.2012<br \/>\nFI11107\/13<br \/>\nkasvattaja Ria Hursti-M\u00e4enp\u00e4\u00e4<\/p>\n<p><span style=\"font-size: inherit;\">l <\/span><a style=\"font-size: inherit;\" href=\"http:\/\/tamaon.com\/gallery3\/index.php\/omat-koirat\/Mora\" target=\"_blank\" rel=\"noopener noreferrer\">Galleria<\/a><span style=\"font-size: inherit;\"> l<\/span><\/p>\n<p style=\"text-align: center;\"><style>\r\n\r\ntable#t20 {\r\nborder-collapse: collapse;\t\r\nborder-width: 0px;\r\nborder-style: outset;\r\nmargin: 20px 0;\r\nline-height: 2.0em;\r\ntext-align: left;\r\nvertical-align: top;width: 100%;border-top: 1px solid #EEEEEE;border-bottom: 1px solid #EEEEEE;box-shadow: 0 2px 3px rgba(0, 0, 0, 0.4);\r\n}\r\ntable#t20 thead tr {\r\n\r\n}\r\ntable#t20 thead tr th.t20 {\r\ncolor: #333333;\r\nbackground: none repeat scroll 0 0 #FFFFFF;\r\nfont-size: 0.8em;\r\nletter-spacing: 0;\r\nline-height: 0.8;\r\npadding: 4px;\r\ntext-transform: none;\r\ntext-align: left;border-bottom: 1px solid #EEEEEE;\r\n}\r\n\r\ntable#t20 thead tr th#t20.start {\r\n\r\n}\r\ntable#t20 thead tr th#t20.end {\r\n\r\n}\r\ntable#t20 tbody tr {\r\n    background: none repeat scroll 0 0 #FFFFFF;\r\n}\r\ntable#t20 tbody tr.table-alternate {\r\n    background: none repeat scroll 0 0 #FDFDFD;\r\n}\r\ntable#t20 tbody tr td#n1 {\r\n\twidth: 10%;\r\n\t}table#t20 tbody tr td#n2 {\r\n\twidth: 10%;\r\n\t}table#t20 tbody tr td#n3 {\r\n\twidth: 10%;\r\n\t}table#t20 tbody tr td#n4 {\r\n\twidth: 10%;\r\n\t}table#t20 tbody tr td#n5 {\r\n\twidth: 10%;\r\n\t}table#t20 tbody tr td#n6 {\r\n\twidth: 10%;\r\n\t}table#t20 tbody tr td#n7 {\r\n\twidth: 10%;\r\n\t}table#t20 tbody tr td#n8 {\r\n\twidth: 15%;\r\n\t}table#t20 tbody tr td#n9 {\r\n\twidth: 10%;\r\n\t}table#t20 tbody tr td#n10 {\r\n\twidth: 10%;\r\n\t}\r\n\r\ntable#t20 tbody tr td {\r\n    padding: 5px;\r\n\tborder-width: 0px;\r\n\tfont-size: 0.8em;\r\n\tborder-top: medium none;border-bottom: 1px solid #EEEEEE;\r\n    text-align: left;\r\n\tline-height: 1.0;\r\n\tvertical-align: top;\r\n}\r\n}\r\ntable#t20 tfoot tr {\r\n}\r\n\r\ntable#t20 tfoot tr td {\r\n    background: none repeat scroll 0 0 #FCFCFC;\t\r\n\tpadding: 4px;\r\n\tborder-width: 0px;\r\n\tcolor: #7a7a7a;\r\n\tfont-size: 0.8em;\r\n\tborder-top: medium none;\r\n    text-align: left;\r\n}\r\n<\/style><table id=\"t20\">\r\n\t\t<thead>\r\n\t\t\t<tr><th scope=\"col\" class=\"t20\" id=\"n1\">lonkat<\/th><th scope=\"col\" class=\"t20\" id=\"n2\">kyyn\u00e4r<\/th><th scope=\"col\" class=\"t20\" id=\"n3\">selk\u00e4<\/th><th scope=\"col\" class=\"t20\" id=\"n4\">polvet<\/th><th scope=\"col\" class=\"t20\" id=\"n5\">silm\u00e4t<\/th><th scope=\"col\" class=\"t20\" id=\"n6\">olkap.<\/th><th scope=\"col\" class=\"t20\" id=\"n7\">purenta<\/th><th scope=\"col\" class=\"t20\" id=\"n8\">k\u00e4ytt\u00f6<\/th><th scope=\"col\" class=\"t20\" id=\"n9\">n\u00e4ytt\u00f6<\/th><th scope=\"col\" class=\"t20\" id=\"n10\">muuta<\/th><\/tr><\/thead>\r\n\t<tbody><tr class=\"table-alternate row1\"> <td id=\"n1\" class=\"start\">A\/A<\/td><td id=\"n2\" >0\/0<\/td><td id=\"n3\" >ok<\/td><td id=\"n4\" >-<\/td><td id=\"n5\" >ok<\/td><td id=\"n6\" >ok<\/td><td id=\"n7\" >-<\/td><td id=\"n8\" >IP3 BH<\/td><td id=\"n9\" >-<\/td><td id=\"n10\" >-<\/td><\/tr><\/tbody><\/table><\/p>\n<p style=\"text-align: center;\">Mora <a href=\"http:\/\/www.kayttobelgi.info\/koira.php?reknro=FI11107\/13\" target=\"_blank\" rel=\"noopener noreferrer\">K\u00e4ytt\u00f6belgi.infossa<\/a><\/p>\n<p style=\"text-align: center;\">\n","protected":false},"excerpt":{"rendered":"<p>Harmaahurstin Galle x Finish Ch\u00e2teau Sch\u00f6nwalde 26.11.2012 FI11107\/13 kasvattaja Ria Hursti-M\u00e4enp\u00e4\u00e4 l Galleria l Mora K\u00e4ytt\u00f6belgi.infossa<\/p>\n","protected":false},"author":1,"featured_media":0,"parent":54,"menu_order":4,"comment_status":"closed","ping_status":"closed","template":"","meta":{"footnotes":"","_links_to":"","_links_to_target":""},"class_list":["post-760","page","type-page","status-publish","hentry"],"_links":{"self":[{"href":"http:\/\/tamaon.com\/to\/index.php?rest_route=\/wp\/v2\/pages\/760","targetHints":{"allow":["GET"]}}],"collection":[{"href":"http:\/\/tamaon.com\/to\/index.php?rest_route=\/wp\/v2\/pages"}],"about":[{"href":"http:\/\/tamaon.com\/to\/index.php?rest_route=\/wp\/v2\/types\/page"}],"author":[{"embeddable":true,"href":"http:\/\/tamaon.com\/to\/index.php?rest_route=\/wp\/v2\/users\/1"}],"replies":[{"embeddable":true,"href":"http:\/\/tamaon.com\/to\/index.php?rest_route=%2Fwp%2Fv2%2Fcomments&post=760"}],"version-history":[{"count":8,"href":"http:\/\/tamaon.com\/to\/index.php?rest_route=\/wp\/v2\/pages\/760\/revisions"}],"predecessor-version":[{"id":1641,"href":"http:\/\/tamaon.com\/to\/index.php?rest_route=\/wp\/v2\/pages\/760\/revisions\/1641"}],"up":[{"embeddable":true,"href":"http:\/\/tamaon.com\/to\/index.php?rest_route=\/wp\/v2\/pages\/54"}],"wp:attachment":[{"href":"http:\/\/tamaon.com\/to\/index.php?rest_route=%2Fwp%2Fv2%2Fmedia&parent=760"}],"curies":[{"name":"wp","href":"https:\/\/api.w.org\/{rel}","templated":true}]}}