
{"id":75,"date":"2012-10-02T18:18:48","date_gmt":"2012-10-02T15:18:48","guid":{"rendered":"http:\/\/tamaon.com\/to\/?page_id=75"},"modified":"2015-04-01T16:42:59","modified_gmt":"2015-04-01T13:42:59","slug":"rani","status":"publish","type":"page","link":"http:\/\/tamaon.com\/to\/?page_id=75","title":{"rendered":"Rani"},"content":{"rendered":"<div align=\"left\">\n<div align=\"center\">\n<p style=\"text-align: center;\"><a href=\"http:\/\/tamaon.com\/to\/wp-content\/uploads\/2012\/10\/rani1.jpg\"><img loading=\"lazy\" decoding=\"async\" class=\"alignnone size-full wp-image-384\" style=\"border: 1px solid black; margin-left: 2px; margin-right: 2px;\" title=\"rani1\" src=\"http:\/\/tamaon.com\/to\/wp-content\/uploads\/2012\/10\/rani1.jpg\" alt=\"\" width=\"224\" height=\"262\" \/><\/a><a href=\"http:\/\/tamaon.com\/to\/wp-content\/uploads\/2012\/10\/rani2.jpg\"><img loading=\"lazy\" decoding=\"async\" class=\"alignnone size-full wp-image-385\" style=\"border: 1px solid black; margin-left: 2px; margin-right: 2px;\" title=\"rani2\" src=\"http:\/\/tamaon.com\/to\/wp-content\/uploads\/2012\/10\/rani2.jpg\" alt=\"\" width=\"197\" height=\"262\" \/><\/a><a href=\"http:\/\/tamaon.com\/to\/wp-content\/uploads\/2012\/10\/rani3.jpg\"><img loading=\"lazy\" decoding=\"async\" class=\"alignnone size-full wp-image-386\" style=\"border: 1px solid black; margin-left: 2px; margin-right: 2px;\" title=\"rani3\" src=\"http:\/\/tamaon.com\/to\/wp-content\/uploads\/2012\/10\/rani3.jpg\" alt=\"\" width=\"161\" height=\"262\" \/><\/a><\/p>\n<p>Udolin van de Duvetorre x Sitaran Tasca<br \/>\n17.2.2000 &#8211; 15.12.2014<br \/>\nFIN21995\/00<\/p>\n<p><a href=\"http:\/\/www.tamaon.com\/pdf\/Raninsukutaulu.pdf\" target=\"_blank\">Sukutaulu (Pdf)<\/a><\/p>\n<p>l <a href=\"http:\/\/tamaon.com\/gallery3\/index.php\/omat-koirat\/Rani\">Galleria<\/a> l<\/p>\n<style>\r\n\r\ntable#t11 {\r\nborder-collapse: collapse;\t\r\nborder-width: 0px;\r\nborder-style: outset;\r\nmargin: 20px 0;\r\nline-height: 2.0em;\r\ntext-align: left;\r\nvertical-align: top;width: 100%;border-top: 1px solid #EEEEEE;border-bottom: 1px solid #EEEEEE;box-shadow: 0 2px 3px rgba(0, 0, 0, 0.4);\r\n}\r\ntable#t11 thead tr {\r\n\r\n}\r\ntable#t11 thead tr th.t11 {\r\ncolor: #333333;\r\nbackground: none repeat scroll 0 0 #FFFFFF;\r\nfont-size: 0.8em;\r\nletter-spacing: 0;\r\nline-height: 0.8;\r\npadding: 4px;\r\ntext-transform: none;\r\ntext-align: left;border-bottom: 1px solid #EEEEEE;\r\n}\r\n\r\ntable#t11 thead tr th#t11.start {\r\n\r\n}\r\ntable#t11 thead tr th#t11.end {\r\n\r\n}\r\ntable#t11 tbody tr {\r\n    background: none repeat scroll 0 0 #FFFFFF;\r\n}\r\ntable#t11 tbody tr.table-alternate {\r\n    background: none repeat scroll 0 0 #FDFDFD;\r\n}\r\ntable#t11 tbody tr td#n1 {\r\n\twidth: 10%;\r\n\t}table#t11 tbody tr td#n2 {\r\n\twidth: 10%;\r\n\t}table#t11 tbody tr td#n3 {\r\n\twidth: 10%;\r\n\t}table#t11 tbody tr td#n4 {\r\n\twidth: 10%;\r\n\t}table#t11 tbody tr td#n5 {\r\n\twidth: 10%;\r\n\t}table#t11 tbody tr td#n6 {\r\n\twidth: 10%;\r\n\t}table#t11 tbody tr td#n7 {\r\n\twidth: 10%;\r\n\t}table#t11 tbody tr td#n8 {\r\n\twidth: 20%;\r\n\t}table#t11 tbody tr td#n9 {\r\n\twidth: 10%;\r\n\t}table#t11 tbody tr td#n10 {\r\n\twidth: 10%;\r\n\t}\r\n\r\ntable#t11 tbody tr td {\r\n    padding: 5px;\r\n\tborder-width: 0px;\r\n\tfont-size: 0.8em;\r\n\tborder-top: medium none;border-bottom: 1px solid #EEEEEE;\r\n    text-align: left;\r\n\tline-height: 1.0;\r\n\tvertical-align: top;\r\n}\r\n}\r\ntable#t11 tfoot tr {\r\n}\r\n\r\ntable#t11 tfoot tr td {\r\n    background: none repeat scroll 0 0 #FCFCFC;\t\r\n\tpadding: 4px;\r\n\tborder-width: 0px;\r\n\tcolor: #7a7a7a;\r\n\tfont-size: 0.8em;\r\n\tborder-top: medium none;\r\n    text-align: left;\r\n}\r\n<\/style><table id=\"t11\">\r\n\t\t<thead>\r\n\t\t\t<tr><th scope=\"col\" class=\"t11\" id=\"n1\">lonkat<\/th><th scope=\"col\" class=\"t11\" id=\"n2\">kyyn\u00e4r<\/th><th scope=\"col\" class=\"t11\" id=\"n3\">selk\u00e4<\/th><th scope=\"col\" class=\"t11\" id=\"n4\">polvet<\/th><th scope=\"col\" class=\"t11\" id=\"n5\">silm\u00e4t<\/th><th scope=\"col\" class=\"t11\" id=\"n6\">olkap.<\/th><th scope=\"col\" class=\"t11\" id=\"n7\">purenta<\/th><th scope=\"col\" class=\"t11\" id=\"n8\">k\u00e4ytt\u00f6<\/th><th scope=\"col\" class=\"t11\" id=\"n9\">n\u00e4ytt\u00f6<\/th><th scope=\"col\" class=\"t11\" id=\"n10\">muuta<\/th><\/tr><\/thead>\r\n\t<tbody><tr class=\"table-alternate row1\"> <td id=\"n1\" class=\"start\">B\/B<\/td><td id=\"n2\" >0\/0<\/td><td id=\"n3\" >ok<\/td><td id=\"n4\" >ok<\/td><td id=\"n5\" >ok<\/td><td id=\"n6\" >ok<\/td><td id=\"n7\" >ok<\/td><td id=\"n8\" > \t\r\nFIN KVA Vuoden Palveluskoira-05\r\nM-05 RM-04 IP3 VPG3 SchH3 FH2\r\nHK1 JK1 BH TK2 Agi2<\/td><td id=\"n9\" >2x SERT\r\n2x ROP<\/td><td id=\"n10\" >puutos oikea\r\nyl\u00e4 P3<\/td><\/tr><\/tbody><\/table>\n<blockquote>\n<p style=\"text-align: left;\">&#8221;Rania treenatessa huomaa aina, ett\u00e4 se on kyll\u00e4 lahjakkuuksien lahjakkuus. Kaikilla muilla veivataan aina sellaisia perusasioita kuten ote, mutta Ranilla peruselementit on niin superit, ett\u00e4 purujen treenaaminen on \u00e4lytt\u00f6m\u00e4n helppoa :)&#8221;<em><br \/>\n<small>Ranin maalimies Juha Korri syyskuussa -08<\/small><\/em><\/p>\n<\/blockquote>\n<p><em>\u201d<\/em><em>T\u00e4m\u00e4 koira on lottovoitto. Voit tehd\u00e4 sen kanssa ihan mit\u00e4 haluat&#8221;<\/em><\/p>\n<p style=\"text-align: left;\">Rani on sit\u00e4 mit\u00e4 olen koiralta aina halunnutkin. Se on k\u00e4ytt\u00f6linjainen malinois ja helpoin koira mit\u00e4 minulla on ikin\u00e4 ollut. Ostin belgianpaimenkoiran koska halusin terveen koiran ja ty\u00f6linjaiseen p\u00e4\u00e4dyin niiden hyv\u00e4n luonteen ja k\u00e4ytt\u00f6ominaisuuksien takia. Vaikka Rani on ty\u00f6linjainen on se my\u00f6s ulkon\u00e4\u00f6lt\u00e4\u00e4n rodunomainen; sill\u00e4 on jo kaksi sertti\u00e4 ja kaksi ROP -sijoitusta n\u00e4yttelyist\u00e4. Se on siis sertti\u00e4 vaille muotovalio \ud83d\ude09<\/p>\n<figure id=\"attachment_401\" aria-describedby=\"caption-attachment-401\" style=\"width: 150px\" class=\"wp-caption alignright\"><a href=\"http:\/\/tamaon.com\/to\/wp-content\/uploads\/2012\/10\/AlinajaRani.jpg\"><img loading=\"lazy\" decoding=\"async\" class=\"wp-image-401  \" style=\"border: 1px solid black;\" title=\"AlinajaRani\" src=\"http:\/\/tamaon.com\/to\/wp-content\/uploads\/2012\/10\/AlinajaRani.jpg\" alt=\"\" width=\"150\" height=\"200\" \/><\/a><figcaption id=\"caption-attachment-401\" class=\"wp-caption-text\">Alina &amp; Rani<\/figcaption><\/figure>\n<p style=\"text-align: left;\">Rani on pennusta asti ollut miellytt\u00e4misenhaluinen. Se on aina valmis oppimaan uutta ja siit\u00e4 oikein paistaa tekemisenilo. Se on perfektionisti eik\u00e4 se koskaan j\u00e4t\u00e4 mit\u00e4\u00e4n puolitiehen. Sill\u00e4 ei ole koskaan huono p\u00e4iv\u00e4. Jos jotain tehd\u00e4\u00e4n niin se tehd\u00e4\u00e4n kunnolla. Se on belgianpaimenkoira parhaimmillaan. Itsevarma, avoin, sosiaalinen ja vapautunut. Toiminnassaan se on voimakas, kiihke\u00e4, sitke\u00e4 ja kest\u00e4v\u00e4. Se on vietik\u00e4s, ohjattava ja hyv\u00e4hermoinen. Se on t\u00e4m\u00e4n kaiken lis\u00e4ksi my\u00f6s loistava kotikoira. Se pystyy rauhoittumaan kun mit\u00e4\u00e4n ei tapahdu, eik\u00e4 sen kanssa tarvitse koskaan pel\u00e4t\u00e4 k\u00e4vell\u00e4 yleisill\u00e4 paikoilla. Kuulostaa t\u00e4ydelliselt\u00e4? Sit\u00e4 se minulle on. Rani nauttii uimisesta, juoksemisesta, koirapuistoista, sy\u00f6misest\u00e4, pitkist\u00e4 k\u00e4velyretkist\u00e4 ja treeneist\u00e4. Maalimies on parasta mit\u00e4 se tiet\u00e4\u00e4 \ud83d\ude42<\/p>\n<p style=\"text-align: left;\">Ranin hieno IPO kilpailu-ura sai p\u00e4\u00e4t\u00f6ksen belgianpaimenkoirien rotumestaruuskilpailuissa 2008 jossa Rani tuli hienosti kolmanneksi. Ranin tytt\u00f6 T\u00e4m\u00e4 on Alli Gaattori kruunattiin t\u00e4ss\u00e4 kilpailussa belgianpaimenkoirien hallitsevaksi Suomen mestariksi. Rani harrastaa viel\u00e4 suojelua toimien harjoituskoirakkona Juha Korrin maalimiesoppilaalle Antti Kurjelle. Kilpailen Ranin kanssa t\u00e4ll\u00e4 hetkell\u00e4 tokossa, erikoisj\u00e4ljell\u00e4 ja haussa. Olemme k\u00e4yneet my\u00f6s viesti-, mondioring- ja mets\u00e4j\u00e4lkitreeneiss\u00e4 yhdess\u00e4 tutustumassa n\u00e4ihin lajeihin. Rani on aloittanut my\u00f6s pitk\u00e4n tauon j\u00e4lkeen agilityharjoitukset ohjaajanaan Misa Riiali.<\/p>\n<figure id=\"attachment_402\" aria-describedby=\"caption-attachment-402\" style=\"width: 350px\" class=\"wp-caption aligncenter\"><a href=\"http:\/\/tamaon.com\/to\/wp-content\/uploads\/2012\/10\/ranihyppynoutoranska2.jpg\"><img loading=\"lazy\" decoding=\"async\" class=\"size-full wp-image-402\" style=\"border: 1px solid black;\" title=\"ranihyppynoutoranska2\" src=\"http:\/\/tamaon.com\/to\/wp-content\/uploads\/2012\/10\/ranihyppynoutoranska2.jpg\" alt=\"\" width=\"350\" height=\"234\" \/><\/a><figcaption id=\"caption-attachment-402\" class=\"wp-caption-text\">Rani MM-kisoissa Ranskassa<\/figcaption><\/figure>\n<p style=\"text-align: left;\">&#8221;T\u00e4m\u00e4 koira on lottovoitto. Voit tehd\u00e4 sen kanssa ihan mit\u00e4 haluat&#8221; totesi luonnetestituomari testin j\u00e4lkeen. H\u00e4n oli harvinaisen oikeassa. Rani ON lottovoitto.<\/p>\n<p style=\"text-align: left;\">Ranin strategiset mitat ovat s\u00e4k\u00e4 57cm ja paino 26kg.<\/p>\n<p style=\"text-align: left;\"><span style=\"text-decoration: underline;\">Ranin alias Rinsessan saavutuksia:<\/span><\/p>\n<figure id=\"attachment_403\" aria-describedby=\"caption-attachment-403\" style=\"width: 202px\" class=\"wp-caption alignright\"><a href=\"http:\/\/tamaon.com\/to\/wp-content\/uploads\/2012\/10\/ranskanmitali.jpg\"><img loading=\"lazy\" decoding=\"async\" class=\"size-full wp-image-403\" title=\"ranskanmitali\" src=\"http:\/\/tamaon.com\/to\/wp-content\/uploads\/2012\/10\/ranskanmitali.jpg\" alt=\"\" width=\"202\" height=\"300\" \/><\/a><figcaption id=\"caption-attachment-403\" class=\"wp-caption-text\">Suski &amp; Rani ja mitali Ranskasta<\/figcaption><\/figure>\n<p style=\"text-align: left;\">Suomen Mestari IPOssa 2005 (97-96-100 = 293)<br \/>\n* kisojen paras tottelevaisuus<br \/>\n* paras suojeluosuus kautta aikojen<\/p>\n<p style=\"text-align: left;\">Vuoden Palveluskoira 2005<\/p>\n<p style=\"text-align: left;\">Suomen edustaja FCI IPO MM-kilpailuihin vuosina 2005 ja 2007<\/p>\n<p style=\"text-align: left;\">Suomen edustaja belgianpaimenkoirien IPO MM-kilpailuihin vuosina: 2004, 2005, 2006, 2007 sek\u00e4 2008<br \/>\n* vuonna 2005 sijoitus 9. Vain viisi koiraa sai erinomaisen tuloksen suojeluosuudesta -Rani oli yksi niist\u00e4<br \/>\n* vuonna 2007 sijoitus 4. ja Suomi sai ensimm\u00e4ist\u00e4 kertaa joukkuekultaa. Rani oli yksi tuloksen tekij\u00f6ist\u00e4<br \/>\n* vuonna 2008 Suomi uudisti joukkuemaailmanmestaruuden<\/p>\n<p style=\"text-align: left;\">FCI IPO MM-kilpailujen 2005 7.sija pisteill\u00e4 288 (99-94-95)<br \/>\n* maailman paras naisohjaaja -05 \ud83d\ude09<\/p>\n<p style=\"text-align: left;\">FCI IPO MM-kilpailujen 2007 11.sija pisteill\u00e4 273 (88-89-96)<\/p>\n<p style=\"text-align: left;\">&#8211; Suojelutulosten lis\u00e4ksi Ranilla on tulos tokosta, agilityst\u00e4, hausta, erikoisj\u00e4ljelt\u00e4, n\u00e4yttelyss\u00e4 2xROP, luonnetesti 250p<br \/>\n&#8211; K\u00e4ytt\u00f6valio IPO:ssa ja elinik\u00e4inen verovapaus\u00a02004<br \/>\n&#8211; Belgianpaimenkoirien IPO:n rotumestaruus 3.sija\u00a02008<br \/>\n&#8211; Belgianpaimenkoirien IPO:n rotumestari 2004<br \/>\n&#8211; Belgianpaimenkoirien IPO:n rotumestaruus 3.sija\u00a02003<br \/>\n&#8211; Kiva Koirakansalainen (2003)<br \/>\n&#8211; SBPKY:n Vuoden PK-m\u00f6llikoira 2.sija 2002<br \/>\n&#8211; SBPKY:n Vuoden n\u00e4yttelymalinois 3.sija 2002<br \/>\n&#8211; Suomen nopein sanomalehden noutaja (MTV3:n Ihana aamu-ohjelman kisa\u00a0tammikuussa 2002)<br \/>\n&#8211; HAU OPEN kilpailevien 3.sija (agility) 2002<br \/>\n&#8211; Espoon tokokoira 2001<\/p>\n<p style=\"text-align: left;\">HYV\u00c4 KOIRA HYV\u00c4 KAIKISSA LAJEISSA<\/p>\n<p style=\"text-align: left;\">Rani saksalaisessa <a href=\"http:\/\/www.working-dog.eu\/dogs-details\/1798\/Rani-FIN-21995\/00-%28Moelsae%29\" target=\"_blank\">Working-dog.eu:ssa<\/a>, monta sukupolvea! Rani <a href=\"http:\/\/www.kayttobelgi.info\/koira.php?reknro=FIN21995\/00\" target=\"_blank\">K\u00e4ytt\u00f6belgi.infossa<\/a><br \/>\nRanin <a href=\"http:\/\/tamaon.com\/gallery3\/index.php\/\" target=\"_blank\">galleria<\/a>, Rani <a href=\"http:\/\/www.tamaon.com\/kuvake\/rani00.wmv\" target=\"_blank\">K\u00e4rk\u00f6l\u00e4n IPO-karsinnoissa 2005<\/a>.<br \/>\nRanin <a href=\"http:\/\/www.tamaon.com\/kuvake\/30122006006.mp4\" target=\"_blank\">rymin\u00e4video<\/a>, jos video ei toimi, lataa uusi Quicktime -player <a href=\"http:\/\/www.apple.com\/quicktime\/download\/win.html\" target=\"_blank\">t\u00e4\u00e4lt\u00e4<\/a>.<br \/>\nRanin <a href=\"http:\/\/www.tamaon.com\/elokuvatus\/RANINUNKARIJALKI.wmv\" target=\"_blank\">j\u00e4lkivideo<\/a> Unkarin MM-kisoista (A97).<\/p>\n<\/div>\n<\/div>\n","protected":false},"excerpt":{"rendered":"<p>Udolin van de Duvetorre x Sitaran Tasca 17.2.2000 &#8211; 15.12.2014 FIN21995\/00 Sukutaulu (Pdf) l Galleria l &#8221;Rania treenatessa huomaa aina, ett\u00e4 se on kyll\u00e4 lahjakkuuksien lahjakkuus. Kaikilla muilla veivataan aina sellaisia perusasioita kuten ote, mutta Ranilla peruselementit on niin superit, ett\u00e4 purujen treenaaminen on \u00e4lytt\u00f6m\u00e4n helppoa :)&#8221; Ranin maalimies Juha Korri syyskuussa -08 \u201dT\u00e4m\u00e4 koira [&hellip;]<\/p>\n","protected":false},"author":1,"featured_media":0,"parent":60,"menu_order":1,"comment_status":"closed","ping_status":"closed","template":"onecolumn-page.php","meta":{"footnotes":"","_links_to":"","_links_to_target":""},"class_list":["post-75","page","type-page","status-publish","hentry"],"_links":{"self":[{"href":"http:\/\/tamaon.com\/to\/index.php?rest_route=\/wp\/v2\/pages\/75","targetHints":{"allow":["GET"]}}],"collection":[{"href":"http:\/\/tamaon.com\/to\/index.php?rest_route=\/wp\/v2\/pages"}],"about":[{"href":"http:\/\/tamaon.com\/to\/index.php?rest_route=\/wp\/v2\/types\/page"}],"author":[{"embeddable":true,"href":"http:\/\/tamaon.com\/to\/index.php?rest_route=\/wp\/v2\/users\/1"}],"replies":[{"embeddable":true,"href":"http:\/\/tamaon.com\/to\/index.php?rest_route=%2Fwp%2Fv2%2Fcomments&post=75"}],"version-history":[{"count":17,"href":"http:\/\/tamaon.com\/to\/index.php?rest_route=\/wp\/v2\/pages\/75\/revisions"}],"predecessor-version":[{"id":1221,"href":"http:\/\/tamaon.com\/to\/index.php?rest_route=\/wp\/v2\/pages\/75\/revisions\/1221"}],"up":[{"embeddable":true,"href":"http:\/\/tamaon.com\/to\/index.php?rest_route=\/wp\/v2\/pages\/60"}],"wp:attachment":[{"href":"http:\/\/tamaon.com\/to\/index.php?rest_route=%2Fwp%2Fv2%2Fmedia&parent=75"}],"curies":[{"name":"wp","href":"https:\/\/api.w.org\/{rel}","templated":true}]}}