{"id":58,"date":"2012-10-02T17:04:56","date_gmt":"2012-10-02T14:04:56","guid":{"rendered":"http:\/\/tamaon.com\/to\/?page_id=58"},"modified":"2017-06-26T17:50:19","modified_gmt":"2017-06-26T14:50:19","slug":"ex-sijoituskoirat","status":"publish","type":"page","link":"http:\/\/tamaon.com\/to\/?page_id=58","title":{"rendered":"Ex-sijoituskoirat"},"content":{"rendered":"<p style=\"text-align: center;\"><a href=\"http:\/\/tamaon.com\/to\/wp-content\/uploads\/2012\/10\/lottosaapunut.jpg\"><br \/>\n<\/a><strong>A`LOTTO`LU MAVI BONCUK<\/strong> &#8221;Lotto&#8221;<a href=\"http:\/\/tamaon.com\/to\/wp-content\/uploads\/2012\/10\/lottosaapunut.jpg\"><img loading=\"lazy\" decoding=\"async\" class=\" wp-image-338 aligncenter\" style=\"border: 1px solid black;\" title=\"lottosaapunut\" src=\"http:\/\/tamaon.com\/to\/wp-content\/uploads\/2012\/10\/lottosaapunut.jpg\" alt=\"\" width=\"300\" height=\"212\" \/><\/a>Yackson de Villalazan x Diva vom Drachenherz<br \/>\n22.05.2011, narttu<br \/>\nohjaaja Laura Heinonen<\/p>\n<p style=\"text-align: center;\">~~ ~~ ~~ ~~ ~~ ~~ ~~ ~~<\/p>\n<p style=\"text-align: center;\">IP3 BH Agi3 <strong>SUHTEELLISEN KARU<\/strong> &#8221;Rotta&#8221;<br \/>\n<a href=\"http:\/\/tamaon.com\/to\/wp-content\/uploads\/2012\/10\/rotta1.jpg\"><img loading=\"lazy\" decoding=\"async\" class=\"aligncenter size-full wp-image-337\" style=\"border: 1px solid black;\" title=\"rotta1\" src=\"http:\/\/tamaon.com\/to\/wp-content\/uploads\/2012\/10\/rotta1.jpg\" alt=\"\" width=\"171\" height=\"283\" \/><\/a>Gullervo x Pipari<br \/>\n14.11.2009, narttu<br \/>\nB\/B, 0\/0<br \/>\nohjaaja Timo Paavola<\/p>\n<p style=\"text-align: center;\">~~ ~~ ~~ ~~ ~~ ~~ ~~ ~~<\/p>\n<p style=\"text-align: center;\">IP3 BH <strong>DORINA OD POLICIE CESK\u00c9 REPUBLIKY<\/strong> &#8221;Tytt\u00f6&#8221;<br \/>\n<a href=\"http:\/\/tamaon.com\/to\/wp-content\/uploads\/2012\/10\/tytto3.jpg\"><img loading=\"lazy\" decoding=\"async\" class=\"size-full wp-image-348 aligncenter\" style=\"border: 1px solid black;\" src=\"http:\/\/tamaon.com\/to\/wp-content\/uploads\/2012\/10\/tytto3.jpg\" alt=\"tytto3\" width=\"178\" height=\"283\" \/><\/a>Kenzo de Alphaville Bohemia x Mirage de Alphaville Bohemia<br \/>\n22.6.2009<br \/>\nA\/A, 0\/0<br \/>\nohjaaja Jukka Linnatsalo<\/p>\n<p style=\"text-align: center;\"><a title=\"H-pentue 2014\" href=\"http:\/\/tamaon.com\/to\/?page_id=1005\">H-pentueen em\u00e4<\/a><\/p>\n<p style=\"text-align: center;\">~~ ~~ ~~ ~~ ~~ ~~ ~~ ~~<\/p>\n<p style=\"text-align: center;\">FI KVA FI TVA<br \/>\nIP3 HK3 JK3 EK3 FH1 BH<br \/>\nRH-FLA TK2 TK1 Agi3<br \/>\nPEHA-A H PEHA-B P RT ALOHYV<br \/>\n<strong>T\u00c4M\u00c4 ON COM<\/strong> &#8221;Hera&#8221;<a href=\"http:\/\/tamaon.com\/to\/wp-content\/uploads\/2012\/10\/hera-oma-sivu.jpg\"><br \/>\n<img loading=\"lazy\" decoding=\"async\" class=\"size-full wp-image-336 aligncenter\" style=\"border: 1px solid black;\" title=\"hera-oma-sivu\" src=\"http:\/\/tamaon.com\/to\/wp-content\/uploads\/2012\/10\/hera-oma-sivu.jpg\" alt=\"\" width=\"235\" height=\"300\" \/><\/a> Mecberger Chortoryiski x Rani<br \/>\n24.6.2008, narttu<br \/>\nA\/A, 0\/0<br \/>\nohjaaja Antti S\u00e4yn\u00e4j\u00e4rvi<\/p>\n<p style=\"text-align: center;\">~~ ~~ ~~ ~~ ~~ ~~ ~~ ~~<\/p>\n<p style=\"text-align: center;\">FI TVA BH TK2 TK1 Agi1 <strong>T\u00c4M\u00c4 ON BAKTEERI<\/strong> &#8221;Toimi&#8221;<a href=\"http:\/\/tamaon.com\/to\/wp-content\/uploads\/2012\/10\/toimijuoksee.jpg\"><br \/>\n<img loading=\"lazy\" decoding=\"async\" class=\" wp-image-335 aligncenter\" style=\"border: 1px solid black;\" title=\"toimijuoksee\" src=\"http:\/\/tamaon.com\/to\/wp-content\/uploads\/2012\/10\/toimijuoksee.jpg\" alt=\"\" width=\"500\" height=\"343\" srcset=\"http:\/\/tamaon.com\/to\/wp-content\/uploads\/2012\/10\/toimijuoksee.jpg 500w, http:\/\/tamaon.com\/to\/wp-content\/uploads\/2012\/10\/toimijuoksee-400x274.jpg 400w\" sizes=\"auto, (max-width: 500px) 100vw, 500px\" \/><\/a>Coyote van de Berlex-Hoeve x Rani<br \/>\n27.1.2006, narttu<br \/>\nB\/B, 0\/0<br \/>\nohjaaja Suvi Virtala<\/p>\n<p style=\"text-align: center;\">~~ ~~ ~~ ~~ ~~ ~~ ~~ ~~<\/p>\n<p style=\"text-align: center;\">IP3 BH <strong>KEIJU <\/strong>&#8221;Tyyne&#8221;<a href=\"http:\/\/tamaon.com\/to\/wp-content\/uploads\/2012\/10\/tyyneomasivu.jpg\"><br \/>\n<img loading=\"lazy\" decoding=\"async\" class=\"aligncenter size-full wp-image-334\" style=\"border: 1px solid black;\" title=\"tyyneomasivu\" src=\"http:\/\/tamaon.com\/to\/wp-content\/uploads\/2012\/10\/tyyneomasivu.jpg\" alt=\"\" width=\"353\" height=\"400\" \/> <\/a>Zam Dellesdee x Pipari<br \/>\n1.8.2005, narttu<br \/>\nB\/A, 1\/0<br \/>\nohjaaja Elina Laaksonen<\/p>\n<p style=\"text-align: center;\">~~ ~~ ~~ ~~ ~~ ~~ ~~ ~~<a href=\"http:\/\/tamaon.com\/to\/wp-content\/uploads\/2012\/10\/reneex.jpg\"><br \/>\n<\/a><br \/>\nBH MR1 Agi1 <strong>MECBERGER FIDELMA <\/strong>&#8221;Rene&#8221;<a href=\"http:\/\/tamaon.com\/to\/wp-content\/uploads\/2012\/10\/reneex.jpg\"><img loading=\"lazy\" decoding=\"async\" class=\"aligncenter size-full wp-image-333\" style=\"border: 1px solid black;\" title=\"reneex\" src=\"http:\/\/tamaon.com\/to\/wp-content\/uploads\/2012\/10\/reneex.jpg\" alt=\"\" width=\"500\" height=\"397\" srcset=\"http:\/\/tamaon.com\/to\/wp-content\/uploads\/2012\/10\/reneex.jpg 500w, http:\/\/tamaon.com\/to\/wp-content\/uploads\/2012\/10\/reneex-400x317.jpg 400w\" sizes=\"auto, (max-width: 500px) 100vw, 500px\" \/><\/a> Django v.h. Bijsterpark x Roza<br \/>\n28.6.2005, narttu<br \/>\nA\/A, 1\/1<br \/>\nohjaaja Henni Lehtiranta<\/p>\n<p style=\"text-align: center;\">~~ ~~ ~~ ~~ ~~ ~~ ~~ ~~<\/p>\n<p style=\"text-align: center;\">Poliisin virkakoira, IP2, BH <strong>MAHOTTOMAN HUBERT<\/strong> &#8221;Hugo&#8221;<a href=\"http:\/\/tamaon.com\/to\/wp-content\/uploads\/2012\/10\/hugoomasivu.jpg\"><br \/>\n<img loading=\"lazy\" decoding=\"async\" class=\" wp-image-332 aligncenter\" style=\"border: 1px solid black;\" title=\"hugoomasivu\" src=\"http:\/\/tamaon.com\/to\/wp-content\/uploads\/2012\/10\/hugoomasivu.jpg\" alt=\"\" width=\"249\" height=\"300\" \/><\/a> Quant von der Simmeringer Haide x Palme von der Simmeringer Haide<br \/>\n15.5.2005, uros<br \/>\nB\/B, 0\/0<br \/>\nex-ohjaaja Tiina Reijonen<\/p>\n","protected":false},"excerpt":{"rendered":"<p>A`LOTTO`LU MAVI BONCUK &#8221;Lotto&#8221;Yackson de Villalazan x Diva vom Drachenherz 22.05.2011, narttu ohjaaja Laura Heinonen ~~ ~~ ~~ ~~ ~~ ~~ ~~ ~~ IP3 BH Agi3 SUHTEELLISEN KARU &#8221;Rotta&#8221; Gullervo x Pipari 14.11.2009, narttu B\/B, 0\/0 ohjaaja Timo Paavola ~~ ~~ ~~ ~~ ~~ ~~ ~~ ~~ IP3 BH DORINA OD POLICIE CESK\u00c9 REPUBLIKY &#8221;Tytt\u00f6&#8221; [&hellip;]<\/p>\n","protected":false},"author":1,"featured_media":0,"parent":52,"menu_order":3,"comment_status":"closed","ping_status":"closed","template":"","meta":{"footnotes":"","_links_to":"","_links_to_target":""},"class_list":["post-58","page","type-page","status-publish","hentry"],"_links":{"self":[{"href":"http:\/\/tamaon.com\/to\/index.php?rest_route=\/wp\/v2\/pages\/58","targetHints":{"allow":["GET"]}}],"collection":[{"href":"http:\/\/tamaon.com\/to\/index.php?rest_route=\/wp\/v2\/pages"}],"about":[{"href":"http:\/\/tamaon.com\/to\/index.php?rest_route=\/wp\/v2\/types\/page"}],"author":[{"embeddable":true,"href":"http:\/\/tamaon.com\/to\/index.php?rest_route=\/wp\/v2\/users\/1"}],"replies":[{"embeddable":true,"href":"http:\/\/tamaon.com\/to\/index.php?rest_route=%2Fwp%2Fv2%2Fcomments&post=58"}],"version-history":[{"count":24,"href":"http:\/\/tamaon.com\/to\/index.php?rest_route=\/wp\/v2\/pages\/58\/revisions"}],"predecessor-version":[{"id":1557,"href":"http:\/\/tamaon.com\/to\/index.php?rest_route=\/wp\/v2\/pages\/58\/revisions\/1557"}],"up":[{"embeddable":true,"href":"http:\/\/tamaon.com\/to\/index.php?rest_route=\/wp\/v2\/pages\/52"}],"wp:attachment":[{"href":"http:\/\/tamaon.com\/to\/index.php?rest_route=%2Fwp%2Fv2%2Fmedia&parent=58"}],"curies":[{"name":"wp","href":"https:\/\/api.w.org\/{rel}","templated":true}]}}