{"id":40,"date":"2012-10-02T17:02:10","date_gmt":"2012-10-02T14:02:10","guid":{"rendered":"http:\/\/tamaon.com\/to\/?page_id=40"},"modified":"2018-11-15T11:40:47","modified_gmt":"2018-11-15T09:40:47","slug":"minulle-tama-on-koira","status":"publish","type":"page","link":"http:\/\/tamaon.com\/to\/?page_id=40","title":{"rendered":"Minulle T\u00e4m\u00e4 on koira?"},"content":{"rendered":"<p>Kasvatamme k\u00e4ytt\u00f6linjaisia malinoiseja virka- ja harrastusk\u00e4ytt\u00f6\u00f6n.<\/p>\n<p>Arvostamme voimakasviettist\u00e4, hyv\u00e4hermoista, itsevarmaa, yhteisty\u00f6haluista ja terverakenteista belgianpaimenkoiraa.<\/p>\n<p>Olemme iloisia voidessamme kertoa, ett\u00e4 kasvattejamme on p\u00e4\u00e4ssyt erilaisiin harrastuslajeihin. Voit n\u00e4hd\u00e4 T\u00e4m\u00e4 on koiria seuraavien lajien parissa tai virkateht\u00e4viss\u00e4:<\/p>\n<div>\n<ul>\n<li>poliisikoira<\/li>\n<li>rajavartiokoira<\/li>\n<li>suojelu<\/li>\n<li>mondioring<\/li>\n<li>agility<\/li>\n<li>pelastus<\/li>\n<li>vepe<\/li>\n<li>haku<\/li>\n<li>erikoisj\u00e4lki<\/li>\n<li>koiratanssi<\/li>\n<li>vetohiihto<\/li>\n<li>toko<\/li>\n<li>rallytoko<\/li>\n<\/ul>\n<\/div>\n<p>N\u00e4yttelyss\u00e4kin on muutama kasvatti k\u00e4ynyt, ja tuloksia on tullut kakkosen ja sertin v\u00e4lilt\u00e4. N\u00e4yttelykoiriksi emme kasvattejamme kuitenkaan halua, mutta jos etsit aktiivista harrastus- tai ty\u00f6kaveria, autamme sinua mielell\u00e4mme pennun hankinnassa.<\/p>\n<p>Pentumme luovutetaan aina el\u00e4inl\u00e4\u00e4k\u00e4rin tarkastamina, mikrosirutettuina ja pentutestattuina. Panostamme pentujen erilaisiin kokemuksiin ennen luovutusik\u00e4\u00e4. Pentujen mukaan l\u00e4htee runsas pentupaketti,\u00a0ja maksamme ensimm\u00e4isen vuoden\u00a0Suomen Belgianpaimenkoirayhdistyksen (SBPKY) j\u00e4senmaksun (uusille j\u00e4senille).<\/p>\n<p>Tuomme my\u00f6s satunnaisesti erilaisista yhdistelmist\u00e4 koiria Suomeen. Sijoituskoirien omistajien toivomme harrastavan jotain suojelulajia, koska meille tutun lajin kriteereill\u00e4 on helpompi arvioida sijoituskoiran k\u00e4ytt\u00f6ominaisuuksia ja mahdollista jalostusk\u00e4ytt\u00f6\u00e4.<\/p>\n<p>Jos kasvattimme ei t\u00e4yt\u00e4 luonteensa tai fyysisten ominaisuuksien puolesta mink\u00e4\u00e4n harrastuksen vaatimuksia, on omistaja oikeutettu takuupentuun. T\u00e4ll\u00f6in aiempi kasvattimme siirtyy takaisin kasvattajan omistukseen.<\/p>\n<p>T\u00e4m\u00e4 on tiimil\u00e4isi\u00e4 on ymp\u00e4ri Suomea. Yhteisen virtuaalisen kokoontumispaikan tarjoaa T\u00e4m\u00e4 on keskustelupalsta sek\u00e4 ryhm\u00e4 facebookissa, jotka on tarkoitettu kasvattiemme sek\u00e4 sijoituskoiriemme omistajille.<\/p>\n<p>Keskustelupalstalla ja facessa voi jakaa muiden tiimil\u00e4isten kanssa ilot ja surut, pit\u00e4\u00e4 treenip\u00e4iv\u00e4kirjaa tai muuten vain kertoa koiransa kuulumisia.<\/p>\n<p>J\u00e4rjest\u00e4mme vuosittain kasvattiemme sek\u00e4 sijoituskoiriemme omistajille T\u00e4m\u00e4 on leirin. Neuvojaan meille ovat jakaneet seuraavat huippukouluttajat:<\/p>\n<p><strong>2015<\/strong><\/p>\n<p><em>tiedot tulossa<\/em><\/p>\n<h3>2014<\/h3>\n<p>T\u00e4m\u00e4 on leiri omalla porukalla<br \/>\nKouluttajina Juha ja Susanna Korri<\/p>\n<h3>2013<\/h3>\n<p>T\u00e4m\u00e4 on vetohiihtoleiri<br \/>\nJuha Korri<br \/>\n-hiihto koiran kanssa<br \/>\nRiikka Iivanainen<br \/>\n-hiihtotekniikka<br \/>\nTiina B\u00e5ng<br \/>\n-koiran lihashuolto<\/p>\n<p>T\u00e4m\u00e4 on leiri:<br \/>\nTimo Salminen<br \/>\n-suojelun c-osa<br \/>\nHeli Salminen<br \/>\n-pk-tottelevaisuus<\/p>\n<p>T\u00e4m\u00e4 on peltoj\u00e4lkileiri<br \/>\nOuti Hermi\u00f6<\/p>\n<p>T\u00e4m\u00e4 on tokoleiri:<br \/>\nRiitta Jantunen-Korri ja Pekka Korri<\/p>\n<h3>2012<\/h3>\n<p>T\u00e4m\u00e4 on -leiri<br \/>\nHannu Liljegren<br \/>\n-suojelun c-osa sek\u00e4 pk-tottelevaisuus<\/p>\n<p>T\u00e4m\u00e4 on tokoleiri:<br \/>\nRiitta Jantunen-Korri ja Pekka Korri<\/p>\n<h3>2011<\/h3>\n<p>T\u00e4m\u00e4 on -leiri<br \/>\nTimo Helynen<br \/>\n-suojelun c-osa sek\u00e4 tiimin maalimiesoppilasvalmennus<br \/>\nOuti Hermi\u00f6<br \/>\n-peltoj\u00e4lki<\/p>\n<p>T\u00e4m\u00e4 on agilityleiri<br \/>\nJanita Leinonen<\/p>\n<p>Tiimin maalimiesoppilas- ja sijoituskoirien yhteinen valmennus: Juha Korri<\/p>\n<h3>2010<\/h3>\n<p>Marko Koskensalo<br \/>\n-suojelun c-osa, tottelevaisuusluento<br \/>\nSonja Paavola<br \/>\n-agility<\/p>\n<h3>2009<\/h3>\n<p>Oman porukan leiri<br \/>\nJuha ja Susanna Korri<br \/>\n&#8211; a-,b- ja c-osa<br \/>\nMisa Riiali<br \/>\n-agility<\/p>\n<h3>2008<\/h3>\n<p>Timo Salminen<br \/>\n-suojelun c-osa<br \/>\nMia Skogster<br \/>\n-tottelevaisuus<br \/>\nJuha ja Susanna Korri<br \/>\n-peltoj\u00e4lki<\/p>\n<h3>2007<\/h3>\n<p>Juha Korri<br \/>\n-suojelun c-osa<br \/>\nTuukka Nikola<br \/>\n-tottelevaisuus<br \/>\nOuti Hermi\u00f6<br \/>\n-peltoj\u00e4lki<br \/>\nMaria Aaltonen<br \/>\n-agility<br \/>\nTamara Merenvalta-Keskinen<br \/>\n-luento koiran lihashuollosta<\/p>\n<p>Leirien ulkopuolella tarjoamme mielell\u00e4mme kaiken tieto-taitomme kasvattiemme ja sijoituskoiriemme omistajille heid\u00e4n niin halutessaan. He ovat aina tervetulleita treenaamaan kanssamme. Jos emme itse pysty auttamaan, pyrimme saamaan parhaimmat mahdolliset henkil\u00f6t opastamaan ko. asioissa.<\/p>\n<p>Autamme my\u00f6s sopivan ryhm\u00e4n l\u00f6ytymisess\u00e4 aloittelevalle harrastajalle. Kasvattajatukemme on aina voimassa, ja meist\u00e4 on mukavaa n\u00e4hd\u00e4 usein kasvattejamme.<\/p>\n<p>Olemme osallistuneet T\u00e4m\u00e4 on joukkueena muutamana vuotena kaikkien rotujen v\u00e4liseen leikkimieliseen roturace -kilpailuun ja p\u00e4rj\u00e4nneetkin siell\u00e4 mitalisijoille asti. P\u00e4\u00e4asia on kuitenkin ollut viett\u00e4\u00e4 mukavaa p\u00e4iv\u00e4\u00e4 yhdess\u00e4.<\/p>\n<p>VALIO on osoitus koirankoulutuksen laadukkaasta tasosta, sek\u00e4 koirakon useasta p\u00e4\u00e4m\u00e4\u00e4r\u00e4tietoisesta harjoittelutunnista. Haluamme kiitt\u00e4\u00e4 kasvattiemme omistajia heid\u00e4n valioidessaan T\u00e4m\u00e4 on koiran.<\/p>\n<p style=\"text-align: center;\"><a href=\"http:\/\/tamaon.com\/to\/wp-content\/uploads\/2012\/10\/tk4mitalit.jpg\"><img loading=\"lazy\" decoding=\"async\" class=\"aligncenter size-full wp-image-274\" style=\"border: 1px solid black;\" title=\"tk4mitalit\" src=\"http:\/\/tamaon.com\/to\/wp-content\/uploads\/2012\/10\/tk4mitalit.jpg\" alt=\"\" width=\"250\" height=\"188\" \/><\/a><\/p>\n<p>Kiitokseksi teet\u00e4mme valiokoiran omistajalle kultaisen T\u00e4m\u00e4 on -riipuksen. Korua ei voi ostaa, vaan se on aina merkkin\u00e4 valiokoirasta.<\/p>\n<figure id=\"attachment_276\" aria-describedby=\"caption-attachment-276\" style=\"width: 188px\" class=\"wp-caption alignleft\"><a href=\"http:\/\/tamaon.com\/to\/wp-content\/uploads\/2012\/10\/kitavalio.jpg\"><img loading=\"lazy\" decoding=\"async\" class=\"size-full wp-image-276 \" style=\"border: 1px solid black;\" title=\"kitavalio\" src=\"http:\/\/tamaon.com\/to\/wp-content\/uploads\/2012\/10\/kitavalio.jpg\" alt=\"\" width=\"188\" height=\"250\" \/><\/a><figcaption id=\"caption-attachment-276\" class=\"wp-caption-text\">Elise &amp; Kita<\/figcaption><\/figure>\n<p>Valioarvoja ovat ansainneet:<\/p>\n<p>2015<\/p>\n<ul>\n<li>T\u00e4m\u00e4 on Erityinen &#8221;Rintti&#8221;, om. Viivi K\u00e4rn\u00e4 TOKO<\/li>\n<\/ul>\n<p>2014<\/p>\n<ul>\n<li>T\u00e4m\u00e4 on Com &#8221;Hera&#8221;, om. Antti S\u00e4yn\u00e4j\u00e4rvi TOKO<\/li>\n<\/ul>\n<p>2010<\/p>\n<ul>\n<li>T\u00e4m\u00e4 on Bakteeri &#8221;Toimi&#8221;, om. Suvi Virtala TOKO<br \/>\nT\u00e4m\u00e4 on Ceriffi &#8221;Kytt\u00e4&#8221;, om. Marja-Leena Hituri TOKO<br \/>\nT\u00e4m\u00e4 on Ceriffi &#8221;Kytt\u00e4&#8221;, om. Marja-Leena Hituri VEPE<\/li>\n<\/ul>\n<p>2008<\/p>\n<ul>\n<li>T\u00e4m\u00e4 on Alli Gaattori &#8221;Kita&#8221;, om. Elise Luttinen IPO<\/li>\n<\/ul>\n<p>Hopeinen T\u00e4m\u00e4 on -riipus on lahja tai huomionosoitus meilt\u00e4. Hopeisen riipuksen voi halutessaan tilata itselleen kauttamme. Hopeisen riipuksen hinta on 80\u20ac.<\/p>\n","protected":false},"excerpt":{"rendered":"<p>Kasvatamme k\u00e4ytt\u00f6linjaisia malinoiseja virka- ja harrastusk\u00e4ytt\u00f6\u00f6n. Arvostamme voimakasviettist\u00e4, hyv\u00e4hermoista, itsevarmaa, yhteisty\u00f6haluista ja terverakenteista belgianpaimenkoiraa. Olemme iloisia voidessamme kertoa, ett\u00e4 kasvattejamme on p\u00e4\u00e4ssyt erilaisiin harrastuslajeihin. Voit n\u00e4hd\u00e4 T\u00e4m\u00e4 on koiria seuraavien lajien parissa tai virkateht\u00e4viss\u00e4: poliisikoira rajavartiokoira suojelu mondioring agility pelastus vepe haku erikoisj\u00e4lki koiratanssi vetohiihto toko rallytoko N\u00e4yttelyss\u00e4kin on muutama kasvatti k\u00e4ynyt, ja tuloksia on [&hellip;]<\/p>\n","protected":false},"author":1,"featured_media":0,"parent":22,"menu_order":14,"comment_status":"closed","ping_status":"closed","template":"","meta":{"footnotes":"","_links_to":"","_links_to_target":""},"class_list":["post-40","page","type-page","status-publish","hentry"],"_links":{"self":[{"href":"http:\/\/tamaon.com\/to\/index.php?rest_route=\/wp\/v2\/pages\/40","targetHints":{"allow":["GET"]}}],"collection":[{"href":"http:\/\/tamaon.com\/to\/index.php?rest_route=\/wp\/v2\/pages"}],"about":[{"href":"http:\/\/tamaon.com\/to\/index.php?rest_route=\/wp\/v2\/types\/page"}],"author":[{"embeddable":true,"href":"http:\/\/tamaon.com\/to\/index.php?rest_route=\/wp\/v2\/users\/1"}],"replies":[{"embeddable":true,"href":"http:\/\/tamaon.com\/to\/index.php?rest_route=%2Fwp%2Fv2%2Fcomments&post=40"}],"version-history":[{"count":29,"href":"http:\/\/tamaon.com\/to\/index.php?rest_route=\/wp\/v2\/pages\/40\/revisions"}],"predecessor-version":[{"id":1598,"href":"http:\/\/tamaon.com\/to\/index.php?rest_route=\/wp\/v2\/pages\/40\/revisions\/1598"}],"up":[{"embeddable":true,"href":"http:\/\/tamaon.com\/to\/index.php?rest_route=\/wp\/v2\/pages\/22"}],"wp:attachment":[{"href":"http:\/\/tamaon.com\/to\/index.php?rest_route=%2Fwp%2Fv2%2Fmedia&parent=40"}],"curies":[{"name":"wp","href":"https:\/\/api.w.org\/{rel}","templated":true}]}}