{"id":395,"date":"2012-10-03T22:16:28","date_gmt":"2012-10-03T19:16:28","guid":{"rendered":"http:\/\/tamaon.com\/to\/?page_id=395"},"modified":"2012-10-03T23:25:26","modified_gmt":"2012-10-03T20:25:26","slug":"agility","status":"publish","type":"page","link":"http:\/\/tamaon.com\/to\/?page_id=395","title":{"rendered":"Agility"},"content":{"rendered":"<p><a href=\"http:\/\/tamaon.com\/to\/wp-content\/uploads\/2012\/10\/A_kontakti.jpg\"><img loading=\"lazy\" decoding=\"async\" class=\"size-full wp-image-431 alignleft\" style=\"border: 1px solid black;\" title=\"A_kontakti\" src=\"http:\/\/tamaon.com\/to\/wp-content\/uploads\/2012\/10\/A_kontakti.jpg\" alt=\"\" width=\"350\" height=\"266\" \/><\/a>Agility on kiihke\u00e4, nopea ja mukaansa tempaava laji.\u00a0Se on helppoa koiralle\u00a0joka on fyysisesti terve, ketter\u00e4, ohjattava\u00a0ja jolla on hermot kasassa. Valitettavasti ohjaajalta vaaditaan v\u00e4hint\u00e4\u00e4nkin samoja ominaisuuksia.<\/p>\n<p>Agility j\u00e4i Ranilta sivumpaan muutamaksi vuodeksi, kunnes T\u00e4m\u00e4 on C-pentueen &#8221;Sunan&#8221; ohjaaja otti Ranin lainaohjattavakseen.<\/p>\n<p>Ranin ja Misan yhteisty\u00f6 sujui hyvin, parivaljakko toimi hyvin yhteen \ud83d\ude42 Rani j\u00e4i el\u00e4kkeelle agilitysta tammikuussa 2010.<\/p>\n<p style=\"text-align: center;\"><a href=\"http:\/\/tamaon.com\/to\/wp-content\/uploads\/2012\/10\/Rengas.jpg\"><img loading=\"lazy\" decoding=\"async\" class=\"wp-image-430 aligncenter\" style=\"border: 1px solid black;\" title=\"Rengas\" src=\"http:\/\/tamaon.com\/to\/wp-content\/uploads\/2012\/10\/Rengas.jpg\" alt=\"\" width=\"350\" height=\"218\" \/><\/a><\/p>\n","protected":false},"excerpt":{"rendered":"<p>Agility on kiihke\u00e4, nopea ja mukaansa tempaava laji.\u00a0Se on helppoa koiralle\u00a0joka on fyysisesti terve, ketter\u00e4, ohjattava\u00a0ja jolla on hermot kasassa. Valitettavasti ohjaajalta vaaditaan v\u00e4hint\u00e4\u00e4nkin samoja ominaisuuksia. Agility j\u00e4i Ranilta sivumpaan muutamaksi vuodeksi, kunnes T\u00e4m\u00e4 on C-pentueen &#8221;Sunan&#8221; ohjaaja otti Ranin lainaohjattavakseen. Ranin ja Misan yhteisty\u00f6 sujui hyvin, parivaljakko toimi hyvin yhteen \ud83d\ude42 Rani j\u00e4i el\u00e4kkeelle [&hellip;]<\/p>\n","protected":false},"author":1,"featured_media":0,"parent":75,"menu_order":4,"comment_status":"closed","ping_status":"closed","template":"onecolumn-page.php","meta":{"footnotes":"","_links_to":"","_links_to_target":""},"class_list":["post-395","page","type-page","status-publish","hentry"],"_links":{"self":[{"href":"http:\/\/tamaon.com\/to\/index.php?rest_route=\/wp\/v2\/pages\/395","targetHints":{"allow":["GET"]}}],"collection":[{"href":"http:\/\/tamaon.com\/to\/index.php?rest_route=\/wp\/v2\/pages"}],"about":[{"href":"http:\/\/tamaon.com\/to\/index.php?rest_route=\/wp\/v2\/types\/page"}],"author":[{"embeddable":true,"href":"http:\/\/tamaon.com\/to\/index.php?rest_route=\/wp\/v2\/users\/1"}],"replies":[{"embeddable":true,"href":"http:\/\/tamaon.com\/to\/index.php?rest_route=%2Fwp%2Fv2%2Fcomments&post=395"}],"version-history":[{"count":5,"href":"http:\/\/tamaon.com\/to\/index.php?rest_route=\/wp\/v2\/pages\/395\/revisions"}],"predecessor-version":[{"id":432,"href":"http:\/\/tamaon.com\/to\/index.php?rest_route=\/wp\/v2\/pages\/395\/revisions\/432"}],"up":[{"embeddable":true,"href":"http:\/\/tamaon.com\/to\/index.php?rest_route=\/wp\/v2\/pages\/75"}],"wp:attachment":[{"href":"http:\/\/tamaon.com\/to\/index.php?rest_route=%2Fwp%2Fv2%2Fmedia&parent=395"}],"curies":[{"name":"wp","href":"https:\/\/api.w.org\/{rel}","templated":true}]}}