






{"id":393,"date":"2012-10-03T22:16:12","date_gmt":"2012-10-03T19:16:12","guid":{"rendered":"http:\/\/tamaon.com\/to\/?page_id=393"},"modified":"2012-10-03T23:20:30","modified_gmt":"2012-10-03T20:20:30","slug":"toko","status":"publish","type":"page","link":"http:\/\/tamaon.com\/to\/?page_id=393","title":{"rendered":"Toko"},"content":{"rendered":"<p>Yhteenveto<br \/>\n<style>\r\n\r\ntable#t13 {\r\nborder-collapse: collapse;\t\r\nborder-width: 0px;\r\nborder-style: outset;\r\nmargin: 20px 0;\r\nline-height: 2.0em;\r\ntext-align: left;\r\nvertical-align: top;width: 100%;border-top: 1px solid #EEEEEE;border-bottom: 1px solid #EEEEEE;box-shadow: 0 2px 3px rgba(0, 0, 0, 0.4);\r\n}\r\ntable#t13 thead tr {\r\n\r\n}\r\ntable#t13 thead tr th.t13 {\r\ncolor: #333333;\r\nbackground: none repeat scroll 0 0 #FFFFFF;\r\nfont-size: 0.8em;\r\nletter-spacing: 0;\r\nline-height: 0.8;\r\npadding: 4px;\r\ntext-transform: none;\r\ntext-align: left;border-bottom: 1px solid #EEEEEE;\r\n}\r\n\r\ntable#t13 thead tr th#t13.start {\r\n\r\n}\r\ntable#t13 thead tr th#t13.end {\r\n\r\n}\r\ntable#t13 tbody tr {\r\n    background: none repeat scroll 0 0 #FFFFFF;\r\n}\r\ntable#t13 tbody tr.table-alternate {\r\n    background: none repeat scroll 0 0 #FDFDFD;\r\n}\r\ntable#t13 tbody tr td#n1 {\r\n\twidth: 10%;\r\n\t}table#t13 tbody tr td#n2 {\r\n\twidth: 10%;\r\n\t}table#t13 tbody tr td#n3 {\r\n\twidth: 10%;\r\n\t}table#t13 tbody tr td#n4 {\r\n\twidth: ;\r\n\t}table#t13 tbody tr td#n5 {\r\n\twidth: ;\r\n\t}table#t13 tbody tr td#n6 {\r\n\twidth: ;\r\n\t}table#t13 tbody tr td#n7 {\r\n\twidth: ;\r\n\t}table#t13 tbody tr td#n8 {\r\n\twidth: ;\r\n\t}\r\n\r\ntable#t13 tbody tr td {\r\n    padding: 5px;\r\n\tborder-width: 0px;\r\n\tfont-size: 0.8em;\r\n\tborder-top: medium none;border-bottom: 1px solid #EEEEEE;\r\n    text-align: left;\r\n\tline-height: 0.8;\r\n\tvertical-align: top;\r\n}\r\n}\r\ntable#t13 tfoot tr {\r\n}\r\n\r\ntable#t13 tfoot tr td {\r\n    background: none repeat scroll 0 0 #FCFCFC;\t\r\n\tpadding: 4px;\r\n\tborder-width: 0px;\r\n\tcolor: #7a7a7a;\r\n\tfont-size: 0.8em;\r\n\tborder-top: medium none;\r\n    text-align: left;\r\n}\r\n<\/style><table id=\"t13\">\r\n\t\t<thead>\r\n\t\t\t<tr><th scope=\"col\" class=\"t13\" id=\"n1\">pvm<\/th><th scope=\"col\" class=\"t13\" id=\"n2\">paikka<\/th><th scope=\"col\" class=\"t13\" id=\"n3\">luokka<\/th><th scope=\"col\" class=\"t13\" id=\"n4\">tulos<\/th><th scope=\"col\" class=\"t13\" id=\"n5\">pisteet<\/th><th scope=\"col\" class=\"t13\" id=\"n6\">tuomari<\/th><th scope=\"col\" class=\"t13\" id=\"n7\">sij.<\/th><th scope=\"col\" class=\"t13\" id=\"n8\">muuta<\/th><\/tr><\/thead>\r\n\t<tbody><tr class=\"table-alternate row1\"> <td id=\"n1\" class=\"start\">03.11.2001<\/td><td id=\"n2\" >Espoo<\/td><td id=\"n3\" >ALO<\/td><td id=\"n4\" >I<\/td><td id=\"n5\" >194<\/td><td id=\"n6\" >Timo Lepp\u00e4korpi<\/td><td id=\"n7\" >-<\/td><td id=\"n8\" >Helsingin piirimestaruuskisa<\/td><\/tr><tr class= \"table-noalt row2\"><td id=\"n1\" class=\"start\">03.03.2002<\/td><td id=\"n2\" > Pornainen<\/td><td id=\"n3\" >ALO<\/td><td id=\"n4\" >I<\/td><td id=\"n5\" >200<\/td><td id=\"n6\" >Reija Puolakka<\/td><td id=\"n7\" >1.<\/td><td id=\"n8\" >KP<\/td><\/tr><tr class=\"table-alternate row3\"> <td id=\"n1\" class=\"start\">22.05.2002<\/td><td id=\"n2\" >Helsinki<\/td><td id=\"n3\" >AVO<\/td><td id=\"n4\" >I<\/td><td id=\"n5\" > 172<\/td><td id=\"n6\" >Terttu Lappalainen<\/td><td id=\"n7\" >2.<\/td><td id=\"n8\" >-<\/td><\/tr><tr class= \"table-noalt row4\"><td id=\"n1\" class=\"start\">27.10.2002<\/td><td id=\"n2\" >Lahti<\/td><td id=\"n3\" >AVO<\/td><td id=\"n4\" >I<\/td><td id=\"n5\" >198,5<\/td><td id=\"n6\" >Marita Packalen<\/td><td id=\"n7\" >1.<\/td><td id=\"n8\" >KP<\/td><\/tr><tr class=\"table-alternate row5\"> <td id=\"n1\" class=\"start\">02.11.2002<\/td><td id=\"n2\" >V\u00e4\u00e4ksy<\/td><td id=\"n3\" >AVO<\/td><td id=\"n4\" >I<\/td><td id=\"n5\" >200<\/td><td id=\"n6\" >Reija Puolakka<\/td><td id=\"n7\" >1.<\/td><td id=\"n8\" >KP<\/td><\/tr><tr class= \"table-noalt row6\"><td id=\"n1\" class=\"start\">30.03.2003<\/td><td id=\"n2\" >Jyv\u00e4skyl\u00e4<\/td><td id=\"n3\" >VOI<\/td><td id=\"n4\" > III<\/td><td id=\"n5\" > 206,5<\/td><td id=\"n6\" >Mauri Pehkonen<\/td><td id=\"n7\" >2.<\/td><td id=\"n8\" >-<\/td><\/tr><tr class=\"table-alternate row7\"> <td id=\"n1\" class=\"start\">01.07.2006<\/td><td id=\"n2\" >H\u00e4meenlinna<\/td><td id=\"n3\" >VOI<\/td><td id=\"n4\" >III<\/td><td id=\"n5\" >195,33<\/td><td id=\"n6\" >-<\/td><td id=\"n7\" >3.<\/td><td id=\"n8\" >SM 2006 Joukkuetoko<\/td><\/tr><tr class= \"table-noalt row8\"><td id=\"n1\" class=\"start\">05.09.2010<\/td><td id=\"n2\" >Tuusula<\/td><td id=\"n3\" >VOI<\/td><td id=\"n4\" >0<\/td><td id=\"n5\" >167<\/td><td id=\"n6\" >Hannele P\u00f6rsti<\/td><td id=\"n7\" >-<\/td><td id=\"n8\" >-<\/td><\/tr><\/tbody><\/table><\/p>\n<p>3.11.2001 Espoo: ALO I 194p<br \/>\n<style>\r\n\r\ntable#t14 {\r\nborder-collapse: collapse;\t\r\nborder-width: 0px;\r\nborder-style: outset;\r\nmargin: 20px 0;\r\nline-height: 2.0em;\r\ntext-align: left;\r\nvertical-align: top;width: 100%;border-top: 1px solid #EEEEEE;border-bottom: 1px solid #EEEEEE;box-shadow: 0 2px 3px rgba(0, 0, 0, 0.4);\r\n}\r\ntable#t14 thead tr {\r\n\r\n}\r\ntable#t14 thead tr th.t14 {\r\ncolor: #333333;\r\nbackground: none repeat scroll 0 0 #FFFFFF;\r\nfont-size: 0.8em;\r\nletter-spacing: 0;\r\nline-height: 0.8;\r\npadding: 4px;\r\ntext-transform: none;\r\ntext-align: left;border-bottom: 1px solid #EEEEEE;\r\n}\r\n\r\ntable#t14 thead tr th#t14.start {\r\n\r\n}\r\ntable#t14 thead tr th#t14.end {\r\n\r\n}\r\ntable#t14 tbody tr {\r\n    background: none repeat scroll 0 0 #FFFFFF;\r\n}\r\ntable#t14 tbody tr.table-alternate {\r\n    background: none repeat scroll 0 0 #FDFDFD;\r\n}\r\ntable#t14 tbody tr td#n1 {\r\n\twidth: 25%;\r\n\t}table#t14 tbody tr td#n2 {\r\n\twidth: 10%;\r\n\t}table#t14 tbody tr td#n3 {\r\n\twidth: 25%;\r\n\t}\r\n\r\ntable#t14 tbody tr td {\r\n    padding: 5px;\r\n\tborder-width: 0px;\r\n\tfont-size: 0.8em;\r\n\tborder-top: medium none;border-bottom: 1px solid #EEEEEE;\r\n    text-align: left;\r\n\tline-height: 0.8;\r\n\tvertical-align: top;\r\n}\r\n}\r\ntable#t14 tfoot tr {\r\n}\r\n\r\ntable#t14 tfoot tr td {\r\n    background: none repeat scroll 0 0 #FCFCFC;\t\r\n\tpadding: 4px;\r\n\tborder-width: 0px;\r\n\tcolor: #7a7a7a;\r\n\tfont-size: 0.8em;\r\n\tborder-top: medium none;\r\n    text-align: left;\r\n}\r\n<\/style><table id=\"t14\">\r\n\t\t<thead>\r\n\t\t\t<tr><th scope=\"col\" class=\"t14\" id=\"n1\"> Osasuoritus<\/th><th scope=\"col\" class=\"t14\" id=\"n2\">Kerroin<\/th><th scope=\"col\" class=\"t14\" id=\"n3\">Pisteet<\/th><\/tr><\/thead>\r\n\t<tbody><tr class=\"table-alternate row1\"> <td id=\"n1\" class=\"start\">Hampaiden n\u00e4ytt\u00f6<\/td><td id=\"n2\" >1<\/td><td id=\"n3\" >10<\/td><\/tr><tr class= \"table-noalt row2\"><td id=\"n1\" class=\"start\">Paikalla makaaminen<\/td><td id=\"n2\" >4<\/td><td id=\"n3\" >10<\/td><\/tr><tr class=\"table-alternate row3\"> <td id=\"n1\" class=\"start\">Seuraaminen kytkettyn\u00e4<\/td><td id=\"n2\" >2<\/td><td id=\"n3\" >10<\/td><\/tr><tr class= \"table-noalt row4\"><td id=\"n1\" class=\"start\">Seuraaminen taluttimetta<\/td><td id=\"n2\" >4<\/td><td id=\"n3\" >10<\/td><\/tr><tr class=\"table-alternate row5\"> <td id=\"n1\" class=\"start\">Maahanmeno<\/td><td id=\"n2\" >2<\/td><td id=\"n3\" >10<\/td><\/tr><tr class= \"table-noalt row6\"><td id=\"n1\" class=\"start\">Luoksetulo<\/td><td id=\"n2\" >2<\/td><td id=\"n3\" >10<\/td><\/tr><tr class=\"table-alternate row7\"> <td id=\"n1\" class=\"start\">Seisominen<\/td><td id=\"n2\" >2<\/td><td id=\"n3\" >7<\/td><\/tr><tr class= \"table-noalt row8\"><td id=\"n1\" class=\"start\">Vapaahyppy<\/td><td id=\"n2\" >2<\/td><td id=\"n3\" >10<\/td><\/tr><tr class=\"table-alternate row9\"> <td id=\"n1\" class=\"start\"> Kokonaisvaikutus<\/td><td id=\"n2\" >1<\/td><td id=\"n3\" >10<\/td><\/tr><\/tbody><\/table><\/p>\n<p>3.3.2002 Pornainen: ALO I 200p<br \/>\n<style>\r\n\r\ntable#t15 {\r\nborder-collapse: collapse;\t\r\nborder-width: 0px;\r\nborder-style: outset;\r\nmargin: 20px 0;\r\nline-height: 2.0em;\r\ntext-align: left;\r\nvertical-align: top;width: 100%;border-top: 1px solid #EEEEEE;border-bottom: 1px solid #EEEEEE;box-shadow: 0 2px 3px rgba(0, 0, 0, 0.4);\r\n}\r\ntable#t15 thead tr {\r\n\r\n}\r\ntable#t15 thead tr th.t15 {\r\ncolor: #333333;\r\nbackground: none repeat scroll 0 0 #FFFFFF;\r\nfont-size: 0.8em;\r\nletter-spacing: 0;\r\nline-height: 0.8;\r\npadding: 4px;\r\ntext-transform: none;\r\ntext-align: left;border-bottom: 1px solid #EEEEEE;\r\n}\r\n\r\ntable#t15 thead tr th#t15.start {\r\n\r\n}\r\ntable#t15 thead tr th#t15.end {\r\n\r\n}\r\ntable#t15 tbody tr {\r\n    background: none repeat scroll 0 0 #FFFFFF;\r\n}\r\ntable#t15 tbody tr.table-alternate {\r\n    background: none repeat scroll 0 0 #FDFDFD;\r\n}\r\ntable#t15 tbody tr td#n1 {\r\n\twidth: 25%;\r\n\t}table#t15 tbody tr td#n2 {\r\n\twidth: 10%;\r\n\t}table#t15 tbody tr td#n3 {\r\n\twidth: 25%;\r\n\t}\r\n\r\ntable#t15 tbody tr td {\r\n    padding: 5px;\r\n\tborder-width: 0px;\r\n\tfont-size: 0.8em;\r\n\tborder-top: medium none;border-bottom: 1px solid #EEEEEE;\r\n    text-align: left;\r\n\tline-height: 0.8;\r\n\tvertical-align: top;\r\n}\r\n}\r\ntable#t15 tfoot tr {\r\n}\r\n\r\ntable#t15 tfoot tr td {\r\n    background: none repeat scroll 0 0 #FCFCFC;\t\r\n\tpadding: 4px;\r\n\tborder-width: 0px;\r\n\tcolor: #7a7a7a;\r\n\tfont-size: 0.8em;\r\n\tborder-top: medium none;\r\n    text-align: left;\r\n}\r\n<\/style><table id=\"t15\">\r\n\t\t<thead>\r\n\t\t\t<tr><th scope=\"col\" class=\"t15\" id=\"n1\"> Osasuoritus<\/th><th scope=\"col\" class=\"t15\" id=\"n2\">Kerroin<\/th><th scope=\"col\" class=\"t15\" id=\"n3\">Pisteet<\/th><\/tr><\/thead>\r\n\t<tbody><tr class=\"table-alternate row1\"> <td id=\"n1\" class=\"start\">Hampaiden n\u00e4ytt\u00f6<\/td><td id=\"n2\" >1<\/td><td id=\"n3\" >10<\/td><\/tr><tr class= \"table-noalt row2\"><td id=\"n1\" class=\"start\">Paikalla makaaminen<\/td><td id=\"n2\" >4<\/td><td id=\"n3\" >10<\/td><\/tr><tr class=\"table-alternate row3\"> <td id=\"n1\" class=\"start\">Seuraaminen kytkettyn\u00e4<\/td><td id=\"n2\" >2<\/td><td id=\"n3\" >10<\/td><\/tr><tr class= \"table-noalt row4\"><td id=\"n1\" class=\"start\">Seuraaminen taluttimetta<\/td><td id=\"n2\" >4<\/td><td id=\"n3\" >10<\/td><\/tr><tr class=\"table-alternate row5\"> <td id=\"n1\" class=\"start\">Maahanmeno<\/td><td id=\"n2\" >2<\/td><td id=\"n3\" >10<\/td><\/tr><tr class= \"table-noalt row6\"><td id=\"n1\" class=\"start\">Luoksetulo<\/td><td id=\"n2\" >2<\/td><td id=\"n3\" >10<\/td><\/tr><tr class=\"table-alternate row7\"> <td id=\"n1\" class=\"start\">Seisominen<\/td><td id=\"n2\" >2<\/td><td id=\"n3\" >10<\/td><\/tr><tr class= \"table-noalt row8\"><td id=\"n1\" class=\"start\">Vapaahyppy<\/td><td id=\"n2\" >2<\/td><td id=\"n3\" >10<\/td><\/tr><tr class=\"table-alternate row9\"> <td id=\"n1\" class=\"start\"> Kokonaisvaikutus<\/td><td id=\"n2\" >1<\/td><td id=\"n3\" >10<\/td><\/tr><\/tbody><\/table><\/p>\n<p>22.5.2002 Helsinki: AVO I 172p<br \/>\n<style>\r\n\r\ntable#t16 {\r\nborder-collapse: collapse;\t\r\nborder-width: 0px;\r\nborder-style: outset;\r\nmargin: 20px 0;\r\nline-height: 2.0em;\r\ntext-align: left;\r\nvertical-align: top;width: 100%;border-top: 1px solid #EEEEEE;border-bottom: 1px solid #EEEEEE;box-shadow: 0 2px 3px rgba(0, 0, 0, 0.4);\r\n}\r\ntable#t16 thead tr {\r\n\r\n}\r\ntable#t16 thead tr th.t16 {\r\ncolor: #333333;\r\nbackground: none repeat scroll 0 0 #FFFFFF;\r\nfont-size: 0.8em;\r\nletter-spacing: 0;\r\nline-height: 0.8;\r\npadding: 4px;\r\ntext-transform: none;\r\ntext-align: left;border-bottom: 1px solid #EEEEEE;\r\n}\r\n\r\ntable#t16 thead tr th#t16.start {\r\n\r\n}\r\ntable#t16 thead tr th#t16.end {\r\n\r\n}\r\ntable#t16 tbody tr {\r\n    background: none repeat scroll 0 0 #FFFFFF;\r\n}\r\ntable#t16 tbody tr.table-alternate {\r\n    background: none repeat scroll 0 0 #FDFDFD;\r\n}\r\ntable#t16 tbody tr td#n1 {\r\n\twidth: 25%;\r\n\t}table#t16 tbody tr td#n2 {\r\n\twidth: 10%;\r\n\t}table#t16 tbody tr td#n3 {\r\n\twidth: 25%;\r\n\t}\r\n\r\ntable#t16 tbody tr td {\r\n    padding: 5px;\r\n\tborder-width: 0px;\r\n\tfont-size: 0.8em;\r\n\tborder-top: medium none;border-bottom: 1px solid #EEEEEE;\r\n    text-align: left;\r\n\tline-height: 0.8;\r\n\tvertical-align: top;\r\n}\r\n}\r\ntable#t16 tfoot tr {\r\n}\r\n\r\ntable#t16 tfoot tr td {\r\n    background: none repeat scroll 0 0 #FCFCFC;\t\r\n\tpadding: 4px;\r\n\tborder-width: 0px;\r\n\tcolor: #7a7a7a;\r\n\tfont-size: 0.8em;\r\n\tborder-top: medium none;\r\n    text-align: left;\r\n}\r\n<\/style><table id=\"t16\">\r\n\t\t<thead>\r\n\t\t\t<tr><th scope=\"col\" class=\"t16\" id=\"n1\"> Osasuoritus<\/th><th scope=\"col\" class=\"t16\" id=\"n2\">Kerroin<\/th><th scope=\"col\" class=\"t16\" id=\"n3\">Pisteet<\/th><\/tr><\/thead>\r\n\t<tbody><tr class=\"table-alternate row1\"> <td id=\"n1\" class=\"start\">Paikalla makaaminen<\/td><td id=\"n2\" >4<\/td><td id=\"n3\" >10<\/td><\/tr><tr class= \"table-noalt row2\"><td id=\"n1\" class=\"start\">Seuraaminen taluttimetta<\/td><td id=\"n2\" >3<\/td><td id=\"n3\" >9,5<\/td><\/tr><tr class=\"table-alternate row3\"> <td id=\"n1\" class=\"start\">Maahanmeno<\/td><td id=\"n2\" >1<\/td><td id=\"n3\" >10<\/td><\/tr><tr class= \"table-noalt row4\"><td id=\"n1\" class=\"start\">Luoksetulo<\/td><td id=\"n2\" >3<\/td><td id=\"n3\" >9,5<\/td><\/tr><tr class=\"table-alternate row5\"> <td id=\"n1\" class=\"start\">Seisominen<\/td><td id=\"n2\" >2<\/td><td id=\"n3\" >10<\/td><\/tr><tr class= \"table-noalt row6\"><td id=\"n1\" class=\"start\">Noutaminen<\/td><td id=\"n2\" >2<\/td><td id=\"n3\" >10<\/td><\/tr><tr class=\"table-alternate row7\"> <td id=\"n1\" class=\"start\">Kauko-ohjaus<\/td><td id=\"n2\" >2<\/td><td id=\"n3\" >8<\/td><\/tr><tr class= \"table-noalt row8\"><td id=\"n1\" class=\"start\">Vapaa estehyppy<\/td><td id=\"n2\" >2<\/td><td id=\"n3\" >0<\/td><\/tr><tr class=\"table-alternate row9\"> <td id=\"n1\" class=\"start\">Kokonaisvaikutus<\/td><td id=\"n2\" >1<\/td><td id=\"n3\" >9<\/td><\/tr><\/tbody><\/table><\/p>\n<p>2.11.2002 V\u00e4\u00e4ksy: AVO I 200p<br \/>\n<style>\r\n\r\ntable#t17 {\r\nborder-collapse: collapse;\t\r\nborder-width: 0px;\r\nborder-style: outset;\r\nmargin: 20px 0;\r\nline-height: 2.0em;\r\ntext-align: left;\r\nvertical-align: top;width: 100%;border-top: 1px solid #EEEEEE;border-bottom: 1px solid #EEEEEE;box-shadow: 0 2px 3px rgba(0, 0, 0, 0.4);\r\n}\r\ntable#t17 thead tr {\r\n\r\n}\r\ntable#t17 thead tr th.t17 {\r\ncolor: #333333;\r\nbackground: none repeat scroll 0 0 #FFFFFF;\r\nfont-size: 0.8em;\r\nletter-spacing: 0;\r\nline-height: 0.8;\r\npadding: 4px;\r\ntext-transform: none;\r\ntext-align: left;border-bottom: 1px solid #EEEEEE;\r\n}\r\n\r\ntable#t17 thead tr th#t17.start {\r\n\r\n}\r\ntable#t17 thead tr th#t17.end {\r\n\r\n}\r\ntable#t17 tbody tr {\r\n    background: none repeat scroll 0 0 #FFFFFF;\r\n}\r\ntable#t17 tbody tr.table-alternate {\r\n    background: none repeat scroll 0 0 #FDFDFD;\r\n}\r\ntable#t17 tbody tr td#n1 {\r\n\twidth: 25%;\r\n\t}table#t17 tbody tr td#n2 {\r\n\twidth: 10%;\r\n\t}table#t17 tbody tr td#n3 {\r\n\twidth: 25%;\r\n\t}\r\n\r\ntable#t17 tbody tr td {\r\n    padding: 5px;\r\n\tborder-width: 0px;\r\n\tfont-size: 0.8em;\r\n\tborder-top: medium none;border-bottom: 1px solid #EEEEEE;\r\n    text-align: left;\r\n\tline-height: 0.8;\r\n\tvertical-align: top;\r\n}\r\n}\r\ntable#t17 tfoot tr {\r\n}\r\n\r\ntable#t17 tfoot tr td {\r\n    background: none repeat scroll 0 0 #FCFCFC;\t\r\n\tpadding: 4px;\r\n\tborder-width: 0px;\r\n\tcolor: #7a7a7a;\r\n\tfont-size: 0.8em;\r\n\tborder-top: medium none;\r\n    text-align: left;\r\n}\r\n<\/style><table id=\"t17\">\r\n\t\t<thead>\r\n\t\t\t<tr><th scope=\"col\" class=\"t17\" id=\"n1\"> Osasuoritus<\/th><th scope=\"col\" class=\"t17\" id=\"n2\">Kerroin<\/th><th scope=\"col\" class=\"t17\" id=\"n3\">Pisteet<\/th><\/tr><\/thead>\r\n\t<tbody><tr class=\"table-alternate row1\"> <td id=\"n1\" class=\"start\">Paikalla makaaminen<\/td><td id=\"n2\" >4<\/td><td id=\"n3\" >10<\/td><\/tr><tr class= \"table-noalt row2\"><td id=\"n1\" class=\"start\">Seuraaminen taluttimetta<\/td><td id=\"n2\" >3<\/td><td id=\"n3\" >10<\/td><\/tr><tr class=\"table-alternate row3\"> <td id=\"n1\" class=\"start\">Maahanmeno<\/td><td id=\"n2\" >1<\/td><td id=\"n3\" >10<\/td><\/tr><tr class= \"table-noalt row4\"><td id=\"n1\" class=\"start\">Luoksetulo<\/td><td id=\"n2\" >3<\/td><td id=\"n3\" >10<\/td><\/tr><tr class=\"table-alternate row5\"> <td id=\"n1\" class=\"start\">Seisominen<\/td><td id=\"n2\" >2<\/td><td id=\"n3\" >10<\/td><\/tr><tr class= \"table-noalt row6\"><td id=\"n1\" class=\"start\">Noutaminen<\/td><td id=\"n2\" >2<\/td><td id=\"n3\" >10<\/td><\/tr><tr class=\"table-alternate row7\"> <td id=\"n1\" class=\"start\">Kauko-ohjaus<\/td><td id=\"n2\" >2<\/td><td id=\"n3\" >10<\/td><\/tr><tr class= \"table-noalt row8\"><td id=\"n1\" class=\"start\">Vapaa estehyppy<\/td><td id=\"n2\" >2<\/td><td id=\"n3\" >10<\/td><\/tr><tr class=\"table-alternate row9\"> <td id=\"n1\" class=\"start\">Kokonaisvaikutus<\/td><td id=\"n2\" >1<\/td><td id=\"n3\" >10<\/td><\/tr><\/tbody><\/table><\/p>\n<p>30.3.2003 Jyv\u00e4skyl\u00e4: VOI III 206,5p<br \/>\n<style>\r\n\r\ntable#t18 {\r\nborder-collapse: collapse;\t\r\nborder-width: 0px;\r\nborder-style: outset;\r\nmargin: 20px 0;\r\nline-height: 2.0em;\r\ntext-align: left;\r\nvertical-align: top;width: 100%;border-top: 1px solid #EEEEEE;border-bottom: 1px solid #EEEEEE;box-shadow: 0 2px 3px rgba(0, 0, 0, 0.4);\r\n}\r\ntable#t18 thead tr {\r\n\r\n}\r\ntable#t18 thead tr th.t18 {\r\ncolor: #333333;\r\nbackground: none repeat scroll 0 0 #FFFFFF;\r\nfont-size: 0.8em;\r\nletter-spacing: 0;\r\nline-height: 0.8;\r\npadding: 4px;\r\ntext-transform: none;\r\ntext-align: left;border-bottom: 1px solid #EEEEEE;\r\n}\r\n\r\ntable#t18 thead tr th#t18.start {\r\n\r\n}\r\ntable#t18 thead tr th#t18.end {\r\n\r\n}\r\ntable#t18 tbody tr {\r\n    background: none repeat scroll 0 0 #FFFFFF;\r\n}\r\ntable#t18 tbody tr.table-alternate {\r\n    background: none repeat scroll 0 0 #FDFDFD;\r\n}\r\ntable#t18 tbody tr td#n1 {\r\n\twidth: 25%;\r\n\t}table#t18 tbody tr td#n2 {\r\n\twidth: 10%;\r\n\t}table#t18 tbody tr td#n3 {\r\n\twidth: 25%;\r\n\t}\r\n\r\ntable#t18 tbody tr td {\r\n    padding: 5px;\r\n\tborder-width: 0px;\r\n\tfont-size: 0.8em;\r\n\tborder-top: medium none;border-bottom: 1px solid #EEEEEE;\r\n    text-align: left;\r\n\tline-height: 0.8;\r\n\tvertical-align: top;\r\n}\r\n}\r\ntable#t18 tfoot tr {\r\n}\r\n\r\ntable#t18 tfoot tr td {\r\n    background: none repeat scroll 0 0 #FCFCFC;\t\r\n\tpadding: 4px;\r\n\tborder-width: 0px;\r\n\tcolor: #7a7a7a;\r\n\tfont-size: 0.8em;\r\n\tborder-top: medium none;\r\n    text-align: left;\r\n}\r\n<\/style><table id=\"t18\">\r\n\t\t<thead>\r\n\t\t\t<tr><th scope=\"col\" class=\"t18\" id=\"n1\"> Osasuoritus<\/th><th scope=\"col\" class=\"t18\" id=\"n2\">Kerroin<\/th><th scope=\"col\" class=\"t18\" id=\"n3\">Pisteet<\/th><\/tr><\/thead>\r\n\t<tbody><tr class=\"table-alternate row1\"> <td id=\"n1\" class=\"start\">Paikalla makaaminen<\/td><td id=\"n2\" >4<\/td><td id=\"n3\" >10<\/td><\/tr><tr class= \"table-noalt row2\"><td id=\"n1\" class=\"start\">Seuraaminen taluttimetta<\/td><td id=\"n2\" >3<\/td><td id=\"n3\" >8,5<\/td><\/tr><tr class=\"table-alternate row3\"> <td id=\"n1\" class=\"start\">Maahanmeno<\/td><td id=\"n2\" >2<\/td><td id=\"n3\" >10<\/td><\/tr><tr class= \"table-noalt row4\"><td id=\"n1\" class=\"start\">Luoksetulo<\/td><td id=\"n2\" >4<\/td><td id=\"n3\" >9,5<\/td><\/tr><tr class=\"table-alternate row5\"> <td id=\"n1\" class=\"start\">L\u00e4hett\u00e4minen m\u00e4\u00e4r\u00e4tylle paikalle ja luoksetulo<\/td><td id=\"n2\" >4<\/td><td id=\"n3\" >0<\/td><\/tr><tr class= \"table-noalt row6\"><td id=\"n1\" class=\"start\">Hyppynouto<\/td><td id=\"n2\" >3<\/td><td id=\"n3\" >10<\/td><\/tr><tr class=\"table-alternate row7\"> <td id=\"n1\" class=\"start\">Metalliesineen nouto<\/td><td id=\"n2\" >2<\/td><td id=\"n3\" >10<\/td><\/tr><tr class= \"table-noalt row8\"><td id=\"n1\" class=\"start\">Tunnistusnouto<\/td><td id=\"n2\" >4<\/td><td id=\"n3\" >0<\/td><\/tr><tr class=\"table-alternate row9\"> <td id=\"n1\" class=\"start\">Kauko-ohjaus<\/td><td id=\"n2\" >5<\/td><td id=\"n3\" >5<\/td><\/tr><tr class= \"table-noalt row10\"><td id=\"n1\" class=\"start\">Kokonaisvaikutus<\/td><td id=\"n2\" >1<\/td><td id=\"n3\" >8<\/td><\/tr><\/tbody><\/table><\/p>\n<p>1.7.2006 H\u00e4meenlinna: VOI III 195,33p<br \/>\n<style>\r\n\r\ntable#t19 {\r\nborder-collapse: collapse;\t\r\nborder-width: 0px;\r\nborder-style: outset;\r\nmargin: 20px 0;\r\nline-height: 2.0em;\r\ntext-align: left;\r\nvertical-align: top;width: 100%;border-top: 1px solid #EEEEEE;border-bottom: 1px solid #EEEEEE;box-shadow: 0 2px 3px rgba(0, 0, 0, 0.4);\r\n}\r\ntable#t19 thead tr {\r\n\r\n}\r\ntable#t19 thead tr th.t19 {\r\ncolor: #333333;\r\nbackground: none repeat scroll 0 0 #FFFFFF;\r\nfont-size: 0.8em;\r\nletter-spacing: 0;\r\nline-height: 0.8;\r\npadding: 4px;\r\ntext-transform: none;\r\ntext-align: left;border-bottom: 1px solid #EEEEEE;\r\n}\r\n\r\ntable#t19 thead tr th#t19.start {\r\n\r\n}\r\ntable#t19 thead tr th#t19.end {\r\n\r\n}\r\ntable#t19 tbody tr {\r\n    background: none repeat scroll 0 0 #FFFFFF;\r\n}\r\ntable#t19 tbody tr.table-alternate {\r\n    background: none repeat scroll 0 0 #FDFDFD;\r\n}\r\ntable#t19 tbody tr td#n1 {\r\n\twidth: 25%;\r\n\t}table#t19 tbody tr td#n2 {\r\n\twidth: 10%;\r\n\t}table#t19 tbody tr td#n3 {\r\n\twidth: 25%;\r\n\t}\r\n\r\ntable#t19 tbody tr td {\r\n    padding: 5px;\r\n\tborder-width: 0px;\r\n\tfont-size: 0.8em;\r\n\tborder-top: medium none;border-bottom: 1px solid #EEEEEE;\r\n    text-align: left;\r\n\tline-height: 0.8;\r\n\tvertical-align: top;\r\n}\r\n}\r\ntable#t19 tfoot tr {\r\n}\r\n\r\ntable#t19 tfoot tr td {\r\n    background: none repeat scroll 0 0 #FCFCFC;\t\r\n\tpadding: 4px;\r\n\tborder-width: 0px;\r\n\tcolor: #7a7a7a;\r\n\tfont-size: 0.8em;\r\n\tborder-top: medium none;\r\n    text-align: left;\r\n}\r\n<\/style><table id=\"t19\">\r\n\t\t<thead>\r\n\t\t\t<tr><th scope=\"col\" class=\"t19\" id=\"n1\"> Osasuoritus<\/th><th scope=\"col\" class=\"t19\" id=\"n2\">Kerroin<\/th><th scope=\"col\" class=\"t19\" id=\"n3\">Pisteet<\/th><\/tr><\/thead>\r\n\t<tbody><tr class=\"table-alternate row1\"> <td id=\"n1\" class=\"start\">Paikalla makaaminen<\/td><td id=\"n2\" >4<\/td><td id=\"n3\" >10<\/td><\/tr><tr class= \"table-noalt row2\"><td id=\"n1\" class=\"start\">Seuraaminen taluttimetta<\/td><td id=\"n2\" >3<\/td><td id=\"n3\" >9<\/td><\/tr><tr class=\"table-alternate row3\"> <td id=\"n1\" class=\"start\">Istuminen seuraamisen yhteydess\u00e4<\/td><td id=\"n2\" >3<\/td><td id=\"n3\" >10<\/td><\/tr><tr class= \"table-noalt row4\"><td id=\"n1\" class=\"start\">Luoksetulo<\/td><td id=\"n2\" >4<\/td><td id=\"n3\" >5<\/td><\/tr><tr class=\"table-alternate row5\"> <td id=\"n1\" class=\"start\">L\u00e4hett\u00e4minen m\u00e4\u00e4r\u00e4tylle paikalle ja luoksetulo<\/td><td id=\"n2\" >4<\/td><td id=\"n3\" >0<\/td><\/tr><tr class= \"table-noalt row6\"><td id=\"n1\" class=\"start\">Hyppynouto<\/td><td id=\"n2\" >2<\/td><td id=\"n3\" >9<\/td><\/tr><tr class=\"table-alternate row7\"> <td id=\"n1\" class=\"start\">Metalliesineen nouto<\/td><td id=\"n2\" >2<\/td><td id=\"n3\" >8<\/td><\/tr><tr class= \"table-noalt row8\"><td id=\"n1\" class=\"start\">Tunnistusnouto<\/td><td id=\"n2\" >4<\/td><td id=\"n3\" >9<\/td><\/tr><tr class=\"table-alternate row9\"> <td id=\"n1\" class=\"start\">Kauko-ohjaus<\/td><td id=\"n2\" >5<\/td><td id=\"n3\" >0<\/td><\/tr><tr class= \"table-noalt row10\"><td id=\"n1\" class=\"start\">Kokonaisvaikutus<\/td><td id=\"n2\" >1<\/td><td id=\"n3\" >9<\/td><\/tr><\/tbody><\/table><\/p>\n","protected":false},"excerpt":{"rendered":"<p>Yhteenveto 3.11.2001 Espoo: ALO I 194p 3.3.2002 Pornainen: ALO I 200p 22.5.2002 Helsinki: AVO I 172p 2.11.2002 V\u00e4\u00e4ksy: AVO I 200p 30.3.2003 Jyv\u00e4skyl\u00e4: VOI III 206,5p 1.7.2006 H\u00e4meenlinna: VOI III 195,33p<\/p>\n","protected":false},"author":1,"featured_media":0,"parent":75,"menu_order":3,"comment_status":"closed","ping_status":"closed","template":"onecolumn-page.php","meta":{"footnotes":"","_links_to":"","_links_to_target":""},"class_list":["post-393","page","type-page","status-publish","hentry"],"_links":{"self":[{"href":"http:\/\/tamaon.com\/to\/index.php?rest_route=\/wp\/v2\/pages\/393","targetHints":{"allow":["GET"]}}],"collection":[{"href":"http:\/\/tamaon.com\/to\/index.php?rest_route=\/wp\/v2\/pages"}],"about":[{"href":"http:\/\/tamaon.com\/to\/index.php?rest_route=\/wp\/v2\/types\/page"}],"author":[{"embeddable":true,"href":"http:\/\/tamaon.com\/to\/index.php?rest_route=\/wp\/v2\/users\/1"}],"replies":[{"embeddable":true,"href":"http:\/\/tamaon.com\/to\/index.php?rest_route=%2Fwp%2Fv2%2Fcomments&post=393"}],"version-history":[{"count":11,"href":"http:\/\/tamaon.com\/to\/index.php?rest_route=\/wp\/v2\/pages\/393\/revisions"}],"predecessor-version":[{"id":429,"href":"http:\/\/tamaon.com\/to\/index.php?rest_route=\/wp\/v2\/pages\/393\/revisions\/429"}],"up":[{"embeddable":true,"href":"http:\/\/tamaon.com\/to\/index.php?rest_route=\/wp\/v2\/pages\/75"}],"wp:attachment":[{"href":"http:\/\/tamaon.com\/to\/index.php?rest_route=%2Fwp%2Fv2%2Fmedia&parent=393"}],"curies":[{"name":"wp","href":"https:\/\/api.w.org\/{rel}","templated":true}]}}