{"id":391,"date":"2012-10-03T22:15:50","date_gmt":"2012-10-03T19:15:50","guid":{"rendered":"http:\/\/tamaon.com\/to\/?page_id=391"},"modified":"2012-10-03T22:42:10","modified_gmt":"2012-10-03T19:42:10","slug":"nayttely","status":"publish","type":"page","link":"http:\/\/tamaon.com\/to\/?page_id=391","title":{"rendered":"N\u00e4yttely"},"content":{"rendered":"<p>28.4.2002 Parikkala, tuomari Olavi Pasanen<br \/>\n\u00c4\u00e4riviivoiltaan sopusuhtainen. Voisi olla rungoltaan t\u00e4ytel\u00e4isempi. Normaalit raajat, hyv\u00e4 s\u00e4k\u00e4- ja selk\u00e4linja. Oikean muotoinen p\u00e4\u00e4. Hyv\u00e4t hampaat. Normaalit silm\u00e4t. Korvien asento hiven ulosty\u00f6ntyv\u00e4. Liikkuu joustavasti. Tyydytt\u00e4v\u00e4 karvapeite.<br \/>\n1\/1 SA SERT ROP<\/p>\n<p>8.6.2002 Salo, tuomari Pentti Mattsson<br \/>\nEritt\u00e4in hyv\u00e4 tyyppi. Oikea koko ja mittasuhteet. Hyv\u00e4 p\u00e4\u00e4, samoin rinta ja koko runko-osa. Hyv\u00e4 lantio ja raajojen kulmaukset. Liikkuu hyvin.<br \/>\n1\/1 SA SERT ROP<\/p>\n<p style=\"text-align: center;\"><a href=\"http:\/\/tamaon.com\/to\/wp-content\/uploads\/2012\/10\/nly.jpg\"><img loading=\"lazy\" decoding=\"async\" class=\"aligncenter size-full wp-image-419\" style=\"border: 1px solid black;\" title=\"nly\" src=\"http:\/\/tamaon.com\/to\/wp-content\/uploads\/2012\/10\/nly.jpg\" alt=\"\" width=\"400\" height=\"362\" \/><\/a><\/p>\n","protected":false},"excerpt":{"rendered":"<p>28.4.2002 Parikkala, tuomari Olavi Pasanen \u00c4\u00e4riviivoiltaan sopusuhtainen. Voisi olla rungoltaan t\u00e4ytel\u00e4isempi. Normaalit raajat, hyv\u00e4 s\u00e4k\u00e4- ja selk\u00e4linja. Oikean muotoinen p\u00e4\u00e4. Hyv\u00e4t hampaat. Normaalit silm\u00e4t. Korvien asento hiven ulosty\u00f6ntyv\u00e4. Liikkuu joustavasti. Tyydytt\u00e4v\u00e4 karvapeite. 1\/1 SA SERT ROP 8.6.2002 Salo, tuomari Pentti Mattsson Eritt\u00e4in hyv\u00e4 tyyppi. Oikea koko ja mittasuhteet. Hyv\u00e4 p\u00e4\u00e4, samoin rinta ja koko runko-osa. [&hellip;]<\/p>\n","protected":false},"author":1,"featured_media":0,"parent":75,"menu_order":2,"comment_status":"closed","ping_status":"closed","template":"onecolumn-page.php","meta":{"footnotes":"","_links_to":"","_links_to_target":""},"class_list":["post-391","page","type-page","status-publish","hentry"],"_links":{"self":[{"href":"http:\/\/tamaon.com\/to\/index.php?rest_route=\/wp\/v2\/pages\/391","targetHints":{"allow":["GET"]}}],"collection":[{"href":"http:\/\/tamaon.com\/to\/index.php?rest_route=\/wp\/v2\/pages"}],"about":[{"href":"http:\/\/tamaon.com\/to\/index.php?rest_route=\/wp\/v2\/types\/page"}],"author":[{"embeddable":true,"href":"http:\/\/tamaon.com\/to\/index.php?rest_route=\/wp\/v2\/users\/1"}],"replies":[{"embeddable":true,"href":"http:\/\/tamaon.com\/to\/index.php?rest_route=%2Fwp%2Fv2%2Fcomments&post=391"}],"version-history":[{"count":4,"href":"http:\/\/tamaon.com\/to\/index.php?rest_route=\/wp\/v2\/pages\/391\/revisions"}],"predecessor-version":[{"id":418,"href":"http:\/\/tamaon.com\/to\/index.php?rest_route=\/wp\/v2\/pages\/391\/revisions\/418"}],"up":[{"embeddable":true,"href":"http:\/\/tamaon.com\/to\/index.php?rest_route=\/wp\/v2\/pages\/75"}],"wp:attachment":[{"href":"http:\/\/tamaon.com\/to\/index.php?rest_route=%2Fwp%2Fv2%2Fmedia&parent=391"}],"curies":[{"name":"wp","href":"https:\/\/api.w.org\/{rel}","templated":true}]}}