
{"id":389,"date":"2012-10-03T22:15:33","date_gmt":"2012-10-03T19:15:33","guid":{"rendered":"http:\/\/tamaon.com\/to\/?page_id=389"},"modified":"2012-10-03T22:38:40","modified_gmt":"2012-10-03T19:38:40","slug":"luonnetesti-rolt","status":"publish","type":"page","link":"http:\/\/tamaon.com\/to\/?page_id=389","title":{"rendered":"Luonnetesti &#038; Rolt"},"content":{"rendered":"<p><strong>LUONNETESTI<\/strong><br \/>\nRani on luonnetestattu 2,5 vuotiaana 17.08.2002 Vantaalla<br \/>\nTuomarit Jorma Piiroinen &amp; Bengt S\u00f6derholm<\/p>\n<style>\r\n\r\ntable#t12 {\r\nborder-collapse: collapse;\t\r\nborder-width: 0px;\r\nborder-style: outset;\r\nmargin: 20px 0;\r\nline-height: 2.0em;\r\ntext-align: left;\r\nvertical-align: top;width: 100%;border-top: 1px solid #EEEEEE;border-bottom: 1px solid #EEEEEE;box-shadow: 0 2px 3px rgba(0, 0, 0, 0.4);\r\n}\r\ntable#t12 thead tr {\r\n\r\n}\r\ntable#t12 thead tr th.t12 {\r\ncolor: #333333;\r\nbackground: none repeat scroll 0 0 #FFFFFF;\r\nfont-size: 0.8em;\r\nletter-spacing: 0;\r\nline-height: 0.8;\r\npadding: 4px;\r\ntext-transform: none;\r\ntext-align: left;border-bottom: 1px solid #EEEEEE;\r\n}\r\n\r\ntable#t12 thead tr th#t12.start {\r\n\r\n}\r\ntable#t12 thead tr th#t12.end {\r\n\r\n}\r\ntable#t12 tbody tr {\r\n    background: none repeat scroll 0 0 #FFFFFF;\r\n}\r\ntable#t12 tbody tr.table-alternate {\r\n    background: none repeat scroll 0 0 #FDFDFD;\r\n}\r\ntable#t12 tbody tr td#n1 {\r\n\twidth: 25%;\r\n\t}table#t12 tbody tr td#n2 {\r\n\twidth: 10%;\r\n\t}table#t12 tbody tr td#n3 {\r\n\twidth: 25%;\r\n\t}\r\n\r\ntable#t12 tbody tr td {\r\n    padding: 5px;\r\n\tborder-width: 0px;\r\n\tfont-size: 0.8em;\r\n\tborder-top: medium none;border-bottom: 1px solid #EEEEEE;\r\n    text-align: left;\r\n\tline-height: 1.0;\r\n\tvertical-align: top;\r\n}\r\n}\r\ntable#t12 tfoot tr {\r\n}\r\n\r\ntable#t12 tfoot tr td {\r\n    background: none repeat scroll 0 0 #FCFCFC;\t\r\n\tpadding: 4px;\r\n\tborder-width: 0px;\r\n\tcolor: #7a7a7a;\r\n\tfont-size: 0.8em;\r\n\tborder-top: medium none;\r\n    text-align: left;\r\n}\r\n<\/style><table id=\"t12\">\r\n\t\t<thead>\r\n\t\t\t<tr><th scope=\"col\" class=\"t12\" id=\"n1\"><\/th><th scope=\"col\" class=\"t12\" id=\"n2\"><\/th><th scope=\"col\" class=\"t12\" id=\"n3\"><\/th><\/tr><\/thead>\r\n\t<tbody><tr class=\"table-alternate row1\"> <td id=\"n1\" class=\"start\"> Toimintakyky<\/td><td id=\"n2\" >+2<\/td><td id=\"n3\" >Suuri<\/td><\/tr><tr class= \"table-noalt row2\"><td id=\"n1\" class=\"start\">Ter\u00e4vyys<\/td><td id=\"n2\" >+3<\/td><td id=\"n3\" >Kohtuullinen ilman j\u00e4ljellej\u00e4\u00e4v\u00e4\u00e4 hy\u00f6kk\u00e4yshalua<\/td><\/tr><tr class=\"table-alternate row3\"> <td id=\"n1\" class=\"start\">Puolustushalu<\/td><td id=\"n2\" >+3<\/td><td id=\"n3\" >Kohtuullinen, hillitty<\/td><\/tr><tr class= \"table-noalt row4\"><td id=\"n1\" class=\"start\">Taistelutahto<\/td><td id=\"n2\" >+3<\/td><td id=\"n3\" >Suuri<\/td><\/tr><tr class=\"table-alternate row5\"> <td id=\"n1\" class=\"start\">Hermorakenne<\/td><td id=\"n2\" >+2<\/td><td id=\"n3\" >Suhteellisen rauhallinen<\/td><\/tr><tr class= \"table-noalt row6\"><td id=\"n1\" class=\"start\">Temperamentti<\/td><td id=\"n2\" >+3<\/td><td id=\"n3\" >Vilkas<\/td><\/tr><tr class=\"table-alternate row7\"> <td id=\"n1\" class=\"start\">Kovuus<\/td><td id=\"n2\" >+3<\/td><td id=\"n3\" >Kohtuullisen kova<\/td><\/tr><tr class= \"table-noalt row8\"><td id=\"n1\" class=\"start\">Luoksep\u00e4\u00e4st\u00e4vyys<\/td><td id=\"n2\" >+3<\/td><td id=\"n3\" >Hyv\u00e4ntahtoinen, luoksep\u00e4\u00e4st\u00e4v\u00e4, avoin<\/td><\/tr><tr class=\"table-alternate row9\"> <td id=\"n1\" class=\"start\">Laukauspelottomuus<\/td><td id=\"n2\" >+<\/td><td id=\"n3\" >(+ laukausvarma, ++ -kokematon +++ paukku\u00e4rtyis\u00e4\r\n- laukausaltis, -- -arka)<\/td><\/tr><tr class= \"table-noalt row10\"><td id=\"n1\" class=\"start\">Loppupisteet<\/td><td id=\"n2\" >+250<\/td><td id=\"n3\" ><\/td><\/tr><\/tbody><\/table>\n<p style=\"text-align: left;\"><a href=\"http:\/\/tamaon.com\/to\/wp-content\/uploads\/2012\/10\/ranirelaa.jpg\"><img loading=\"lazy\" decoding=\"async\" class=\"aligncenter size-full wp-image-416\" style=\"border: 1px solid black;\" title=\"ranirelaa\" src=\"http:\/\/tamaon.com\/to\/wp-content\/uploads\/2012\/10\/ranirelaa.jpg\" alt=\"\" width=\"300\" height=\"197\" \/><\/a><\/p>\n<p><strong>ROLT<\/strong><br \/>\nROLT:in Rani suoritti 2-vuotiaana 20.4.2002<br \/>\nTuomarit Katri Kynt\u00e4j\u00e4 &amp; Pia Suokas<\/p>\n<p>Loppupisteet\u00a0 11<\/p>\n<p>ROLT (belgianpaimenkoirien rodunomainen luonnetesti) eroaa SKL:n luonnetestist\u00e4 eniten arvostelun painotuksessa. Siin\u00e4 arvostellaan viisi osa-aluetta joissa koiran tulee esiinty\u00e4 mahdollisimman belgim\u00e4isesti.<\/p>\n<p>Yleisvaikutelmassa erinomaisen saa koira joka on valpas ja tarkkaavainen, v\u00e4sym\u00e4t\u00f6n, r\u00e4iskyv\u00e4 ja vilkas temperamenttinen. Sosiaalisuudessa koiran tulee olla avoin ja luonteva. Taistelutahdon tulee olla sitke\u00e4, kiihke\u00e4, voimakas ja kest\u00e4v\u00e4. Puolustuskyky (t\u00e4ss\u00e4 uhataan ohjaajaa, ei koiraa) tulisi ihannebelgill\u00e4 olla ep\u00e4r\u00f6im\u00e4t\u00f6n, itsep\u00e4inen, kiihke\u00e4 ja tulinen. Viimeinen osio eli hermorakenne tulee olla kunnossa. Koiran tulee koko testin ajan osoittaa pelottomuutta ja tyyneytt\u00e4. ROLT:in lopputulos kuvaa koiran luonteen vastaavuutta belgianpaimenkoiran rotum\u00e4\u00e4ritelm\u00e4ss\u00e4 kuvattuun luonteeseen.<\/p>\n<p>Lis\u00e4\u00e4 ROLT:ista voi lukea <a href=\"http:\/\/www.finbelge.fi\/jalostus\/rolt.htm\" target=\"_blank\">t\u00e4\u00e4lt\u00e4<\/a>.<\/p>\n","protected":false},"excerpt":{"rendered":"<p>LUONNETESTI Rani on luonnetestattu 2,5 vuotiaana 17.08.2002 Vantaalla Tuomarit Jorma Piiroinen &amp; Bengt S\u00f6derholm ROLT ROLT:in Rani suoritti 2-vuotiaana 20.4.2002 Tuomarit Katri Kynt\u00e4j\u00e4 &amp; Pia Suokas Loppupisteet\u00a0 11 ROLT (belgianpaimenkoirien rodunomainen luonnetesti) eroaa SKL:n luonnetestist\u00e4 eniten arvostelun painotuksessa. Siin\u00e4 arvostellaan viisi osa-aluetta joissa koiran tulee esiinty\u00e4 mahdollisimman belgim\u00e4isesti. Yleisvaikutelmassa erinomaisen saa koira joka on valpas [&hellip;]<\/p>\n","protected":false},"author":1,"featured_media":0,"parent":75,"menu_order":1,"comment_status":"closed","ping_status":"closed","template":"onecolumn-page.php","meta":{"footnotes":"","_links_to":"","_links_to_target":""},"class_list":["post-389","page","type-page","status-publish","hentry"],"_links":{"self":[{"href":"http:\/\/tamaon.com\/to\/index.php?rest_route=\/wp\/v2\/pages\/389","targetHints":{"allow":["GET"]}}],"collection":[{"href":"http:\/\/tamaon.com\/to\/index.php?rest_route=\/wp\/v2\/pages"}],"about":[{"href":"http:\/\/tamaon.com\/to\/index.php?rest_route=\/wp\/v2\/types\/page"}],"author":[{"embeddable":true,"href":"http:\/\/tamaon.com\/to\/index.php?rest_route=\/wp\/v2\/users\/1"}],"replies":[{"embeddable":true,"href":"http:\/\/tamaon.com\/to\/index.php?rest_route=%2Fwp%2Fv2%2Fcomments&post=389"}],"version-history":[{"count":7,"href":"http:\/\/tamaon.com\/to\/index.php?rest_route=\/wp\/v2\/pages\/389\/revisions"}],"predecessor-version":[{"id":413,"href":"http:\/\/tamaon.com\/to\/index.php?rest_route=\/wp\/v2\/pages\/389\/revisions\/413"}],"up":[{"embeddable":true,"href":"http:\/\/tamaon.com\/to\/index.php?rest_route=\/wp\/v2\/pages\/75"}],"wp:attachment":[{"href":"http:\/\/tamaon.com\/to\/index.php?rest_route=%2Fwp%2Fv2%2Fmedia&parent=389"}],"curies":[{"name":"wp","href":"https:\/\/api.w.org\/{rel}","templated":true}]}}