{"id":38,"date":"2012-10-02T17:01:46","date_gmt":"2012-10-02T14:01:46","guid":{"rendered":"http:\/\/tamaon.com\/to\/?page_id=38"},"modified":"2022-01-18T13:20:49","modified_gmt":"2022-01-18T11:20:49","slug":"suunnitteilla","status":"publish","type":"page","link":"http:\/\/tamaon.com\/to\/?page_id=38","title":{"rendered":"Suunnitteilla"},"content":{"rendered":"<p style=\"text-align: center;\">ei pentusuunnitelmia<\/p>\n<p style=\"text-align: center;\">~~ ~~ ~~ ~~ ~~ ~~ ~~ ~~<\/p>\n<blockquote><p><a title=\"Minulle T\u00e4m\u00e4 on koira?\" href=\"http:\/\/tamaon.com\/to\/?page_id=40\">Minulleko T\u00e4m\u00e4 on -koira?<\/a><\/p>\n<p>Tavoitteenamme on kasvattaa koiria joilla riitt\u00e4\u00e4 virtaa harrastus- ja ty\u00f6teht\u00e4viss\u00e4, mutta jotka osaavat rauhoittua kotona perheen kanssa kun mit\u00e4\u00e4n ei tapahdu.\u00a0Ihanteemme on kaikinpuolin terve, sosiaalinen ja hyv\u00e4hermoinen koira.<\/p>\n<p>Pennut syntyv\u00e4t ja\u00a0kasvavat asuintiloissa kanssamme.<\/p><\/blockquote>\n","protected":false},"excerpt":{"rendered":"<p>ei pentusuunnitelmia ~~ ~~ ~~ ~~ ~~ ~~ ~~ ~~ Minulleko T\u00e4m\u00e4 on -koira? Tavoitteenamme on kasvattaa koiria joilla riitt\u00e4\u00e4 virtaa harrastus- ja ty\u00f6teht\u00e4viss\u00e4, mutta jotka osaavat rauhoittua kotona perheen kanssa kun mit\u00e4\u00e4n ei tapahdu.\u00a0Ihanteemme on kaikinpuolin terve, sosiaalinen ja hyv\u00e4hermoinen koira. Pennut syntyv\u00e4t ja\u00a0kasvavat asuintiloissa kanssamme.<\/p>\n","protected":false},"author":1,"featured_media":0,"parent":22,"menu_order":13,"comment_status":"closed","ping_status":"closed","template":"","meta":{"footnotes":"","_links_to":"","_links_to_target":""},"class_list":["post-38","page","type-page","status-publish","hentry"],"_links":{"self":[{"href":"http:\/\/tamaon.com\/to\/index.php?rest_route=\/wp\/v2\/pages\/38","targetHints":{"allow":["GET"]}}],"collection":[{"href":"http:\/\/tamaon.com\/to\/index.php?rest_route=\/wp\/v2\/pages"}],"about":[{"href":"http:\/\/tamaon.com\/to\/index.php?rest_route=\/wp\/v2\/types\/page"}],"author":[{"embeddable":true,"href":"http:\/\/tamaon.com\/to\/index.php?rest_route=\/wp\/v2\/users\/1"}],"replies":[{"embeddable":true,"href":"http:\/\/tamaon.com\/to\/index.php?rest_route=%2Fwp%2Fv2%2Fcomments&post=38"}],"version-history":[{"count":59,"href":"http:\/\/tamaon.com\/to\/index.php?rest_route=\/wp\/v2\/pages\/38\/revisions"}],"predecessor-version":[{"id":1765,"href":"http:\/\/tamaon.com\/to\/index.php?rest_route=\/wp\/v2\/pages\/38\/revisions\/1765"}],"up":[{"embeddable":true,"href":"http:\/\/tamaon.com\/to\/index.php?rest_route=\/wp\/v2\/pages\/22"}],"wp:attachment":[{"href":"http:\/\/tamaon.com\/to\/index.php?rest_route=%2Fwp%2Fv2%2Fmedia&parent=38"}],"curies":[{"name":"wp","href":"https:\/\/api.w.org\/{rel}","templated":true}]}}