{"id":36,"date":"2012-10-02T17:00:32","date_gmt":"2012-10-02T14:00:32","guid":{"rendered":"http:\/\/tamaon.com\/to\/?page_id=36"},"modified":"2017-02-21T18:35:42","modified_gmt":"2017-02-21T16:35:42","slug":"pentueiden-isat","status":"publish","type":"page","link":"http:\/\/tamaon.com\/to\/?page_id=36","title":{"rendered":"Pentueiden is\u00e4t"},"content":{"rendered":"<p><a href=\"http:\/\/tamaon.com\/to\/wp-content\/uploads\/2012\/10\/dpentueisa.jpg\"><img loading=\"lazy\" decoding=\"async\" class=\"alignleft size-full wp-image-323\" style=\"border: 1px solid black;\" title=\"dpentueisa\" src=\"http:\/\/tamaon.com\/to\/wp-content\/uploads\/2012\/10\/dpentueisa.jpg\" alt=\"\" width=\"250\" height=\"188\" \/><\/a><strong>ROKU<\/strong><br \/>\nIP3 SchH3<\/p>\n<p>Roku kilpaili IPOssa useita vuosia maamme arvokisoissa. Roku on ollut my\u00f6s\u00a0edustamassa Suomea FMBB-kisoissa Ranskassa. Se on kuvattu lonkiltaan A\/A, kyyn\u00e4r\u00e4t 0\/0 ja silm\u00e4t terveet.<\/p>\n<p>Roku on omistamamme Ranin t\u00e4ysveli.<\/p>\n<p>C-osuudessa Roku puree syv\u00e4ll\u00e4 ja rauhallisella otteella joka on harvinaislaatuisen kova. Roku on itsevarma ja vietik\u00e4s uros.<\/p>\n<p>Roku <a href=\"http:\/\/www.kayttobelgi.info\/koira.php?reknro=FIN22000\/00\" target=\"_blank\">K\u00e4ytt\u00f6belgi.infossa<\/a> &amp; <a href=\"http:\/\/jalostus.kennelliitto.fi\/frmKoira.aspx?RekNo=FIN22000\/00&amp;R=15.3\" target=\"_blank\">KoiraNetiss\u00e4<\/a><\/p>\n<p><a href=\"http:\/\/tamaon.com\/to\/wp-content\/uploads\/2012\/10\/cpentueisa.jpg\"><img loading=\"lazy\" decoding=\"async\" class=\"alignleft size-full wp-image-322\" style=\"border: 1px solid black;\" title=\"cpentueisa\" src=\"http:\/\/tamaon.com\/to\/wp-content\/uploads\/2012\/10\/cpentueisa.jpg\" alt=\"\" width=\"250\" height=\"224\" \/><\/a><strong>MECBERGER CHORTORYISKI<\/strong><br \/>\nM-07 M-08 FIN KVA BH IP3<\/p>\n<p>Helgen <a href=\"http:\/\/www.kolumbus.fi\/skogster\/\" target=\"_blank\">kasvattajan sivut<\/a><\/p>\n<p>Kuvia <a href=\"http:\/\/www.kolumbus.fi\/skogster\/mecberger\/fikuvat.htm\" target=\"_blank\">Helgest\u00e4<\/a><\/p>\n<p>Helge <a href=\"http:\/\/www.kayttobelgi.info\/koira.php?reknro=FIN12638\/03\" target=\"_blank\">K\u00e4ytt\u00f6belgi.infossa<\/a> &amp; <a href=\"http:\/\/jalostus.kennelliitto.fi\/frmKoira.aspx?RekNo=FIN12638\/03&amp;R=15.3\" target=\"_blank\">KoiraNetiss\u00e4<\/a><\/p>\n<p>&nbsp;<\/p>\n<p>&nbsp;<\/p>\n<p><a href=\"http:\/\/tamaon.com\/to\/wp-content\/uploads\/2012\/10\/bpentueisa.jpg\"><img loading=\"lazy\" decoding=\"async\" class=\"alignleft size-full wp-image-321\" style=\"border: 1px solid black;\" title=\"bpentueisa\" src=\"http:\/\/tamaon.com\/to\/wp-content\/uploads\/2012\/10\/bpentueisa.jpg\" alt=\"\" width=\"181\" height=\"166\" \/><\/a><strong>COYOTE VAN DE BERLEX-HOEVE<\/strong><br \/>\nBH VPG2<\/p>\n<p>Coyote van de Berlex-Hoeve eli kotoisammin Pertti on\u00a0suurikokoinen, itsevarma uros. Se on hyv\u00e4hermoinen sek\u00e4 kotona ett\u00e4 ty\u00f6ss\u00e4.\u00a0Temperamentiltaan se\u00a0on rauhallinen.<\/p>\n<p>Pertill\u00e4 on luontaisesti t\u00e4ysi ja\u00a0voimakas otek\u00e4ytt\u00e4ytyminen. Silt\u00e4 l\u00f6ytyy dominoivuutta ja kovuutta. Pertill\u00e4 on vahvat ja selke\u00e4t viettialueet. Ihmisi\u00e4 kohtaan se\u00a0on varma ja sosiaalinen.<\/p>\n<p>Pertill\u00e4 on eritt\u00e4in hyv\u00e4 ruokahalu. Se on niin hyv\u00e4 ett\u00e4 se pit\u00e4\u00e4 oikein mainita erikseen \ud83d\ude42 Pertti on noin 72-74 cm korkea ja painoa on ~43 kg.<\/p>\n<p>Pertin kasvattajan sivut l\u00f6ytyv\u00e4t osoitteesta:<br \/>\n<a href=\"http:\/\/www.bertaerts.be\/\" target=\"_blank\">http:\/\/www.bertaerts.be\/<\/a><\/p>\n<p>Lis\u00e4\u00e4 kuvia Pertist\u00e4 <a href=\"http:\/\/www.tamaon.com\/pertingalleri\/fipertingalleria.html\" target=\"fimain\">galleriassa<\/a>.<\/p>\n<p>Pertti <a href=\"http:\/\/www.kayttobelgi.info\/koira.php?reknro=FIN12592\/04\" target=\"_blank\">K\u00e4ytt\u00f6belgi.infossa<\/a> &amp; <a href=\"http:\/\/jalostus.kennelliitto.fi\/frmKoira.aspx?RekNo=FIN12592\/04&amp;R=15.3\" target=\"_blank\">KoiraNetiss\u00e4<\/a><\/p>\n<p><a href=\"http:\/\/tamaon.com\/to\/wp-content\/uploads\/2012\/10\/apentueisa.jpg\"><img loading=\"lazy\" decoding=\"async\" class=\"alignleft size-full wp-image-320\" style=\"border: 1px solid black;\" title=\"apentueisa\" src=\"http:\/\/tamaon.com\/to\/wp-content\/uploads\/2012\/10\/apentueisa.jpg\" alt=\"\" width=\"250\" height=\"215\" \/><\/a><strong>POIS KOTTOO ALFONSO<\/strong><br \/>\nFIN KVA VKM-01 VKM-02 M-02 VKM-03<br \/>\nVKM-04 IP3 SCHH3<\/p>\n<p>Suomen k\u00e4ytt\u00f6malinoisien menestyneimm\u00e4st\u00e4 yhdistelm\u00e4st\u00e4 (Quarl x Sisley) syntynyt suurikokoinen, voimakas, itsevarma ja taistelutahtoinen uros, jolla oli ensiluokkaiset kilpailun\u00e4yt\u00f6t paitsi suojelusta (lukuisia arvokilpailumitaleita mm. SM kultaa -02 ja lukuisia MM-edustuksia) my\u00f6s valjakkohiihdosta (4 x SM kultaa!).<\/p>\n<p>K\u00e4ynyt my\u00f6s kerran n\u00e4yttelyss\u00e4 tuloksena sert+VSP.<\/p>\n<p>J\u00e4lkel\u00e4isn\u00e4ytt\u00f6n\u00e4 ennen T\u00e4m\u00e4 on -pentuetta kolme hyv\u00e4\u00e4 pentuetta (<a href=\"http:\/\/home.online.no\/%7eemtjahns\/Mprelitter01.html\" target=\"_blank\">Nangijala As<\/a> s.-01, Lemmink\u00e4isen E s.-02, <a href=\"http:\/\/www.kutinan.com\/kpentue.htm\" target=\"_blank\">Kutinan K<\/a> s.- 03). Norjassa syntyneest\u00e4 Nangijala As-pentueesta toimii yksi uros poliisikoirana Suomessa.<\/p>\n<p>Pois Kottoo Alfonson <a href=\"http:\/\/www.tamaon.com\/elokuva\/TIKOVIDEO.wmv\">video<br \/>\n<\/a>Tiko <a href=\"http:\/\/www.kayttobelgi.info\/koira.php?reknro=FIN20983\/96\" target=\"_blank\">K\u00e4ytt\u00f6belgi.infossa<\/a> &amp; <a href=\"http:\/\/jalostus.kennelliitto.fi\/frmKoira.aspx?RekNo=FIN20983\/96&amp;R=15.3\" target=\"_blank\">KoiraNetiss\u00e4<\/a><\/p>\n","protected":false},"excerpt":{"rendered":"<p>ROKU IP3 SchH3 Roku kilpaili IPOssa useita vuosia maamme arvokisoissa. Roku on ollut my\u00f6s\u00a0edustamassa Suomea FMBB-kisoissa Ranskassa. Se on kuvattu lonkiltaan A\/A, kyyn\u00e4r\u00e4t 0\/0 ja silm\u00e4t terveet. Roku on omistamamme Ranin t\u00e4ysveli. C-osuudessa Roku puree syv\u00e4ll\u00e4 ja rauhallisella otteella joka on harvinaislaatuisen kova. Roku on itsevarma ja vietik\u00e4s uros. Roku K\u00e4ytt\u00f6belgi.infossa &amp; KoiraNetiss\u00e4 MECBERGER CHORTORYISKI [&hellip;]<\/p>\n","protected":false},"author":1,"featured_media":0,"parent":22,"menu_order":12,"comment_status":"closed","ping_status":"closed","template":"","meta":{"footnotes":"","_links_to":"","_links_to_target":""},"class_list":["post-36","page","type-page","status-publish","hentry"],"_links":{"self":[{"href":"http:\/\/tamaon.com\/to\/index.php?rest_route=\/wp\/v2\/pages\/36","targetHints":{"allow":["GET"]}}],"collection":[{"href":"http:\/\/tamaon.com\/to\/index.php?rest_route=\/wp\/v2\/pages"}],"about":[{"href":"http:\/\/tamaon.com\/to\/index.php?rest_route=\/wp\/v2\/types\/page"}],"author":[{"embeddable":true,"href":"http:\/\/tamaon.com\/to\/index.php?rest_route=\/wp\/v2\/users\/1"}],"replies":[{"embeddable":true,"href":"http:\/\/tamaon.com\/to\/index.php?rest_route=%2Fwp%2Fv2%2Fcomments&post=36"}],"version-history":[{"count":6,"href":"http:\/\/tamaon.com\/to\/index.php?rest_route=\/wp\/v2\/pages\/36\/revisions"}],"predecessor-version":[{"id":1532,"href":"http:\/\/tamaon.com\/to\/index.php?rest_route=\/wp\/v2\/pages\/36\/revisions\/1532"}],"up":[{"embeddable":true,"href":"http:\/\/tamaon.com\/to\/index.php?rest_route=\/wp\/v2\/pages\/22"}],"wp:attachment":[{"href":"http:\/\/tamaon.com\/to\/index.php?rest_route=%2Fwp%2Fv2%2Fmedia&parent=36"}],"curies":[{"name":"wp","href":"https:\/\/api.w.org\/{rel}","templated":true}]}}