
{"id":32,"date":"2012-10-02T16:48:29","date_gmt":"2012-10-02T13:48:29","guid":{"rendered":"http:\/\/tamaon.com\/to\/?page_id=32"},"modified":"2025-09-13T14:35:54","modified_gmt":"2025-09-13T11:35:54","slug":"a-pentue-2004","status":"publish","type":"page","link":"http:\/\/tamaon.com\/to\/?page_id=32","title":{"rendered":"A-pentue 2004"},"content":{"rendered":"<p style=\"text-align: center;\"><a href=\"http:\/\/tamaon.com\/to\/wp-content\/uploads\/2012\/10\/tikopentue.jpg\"><img loading=\"lazy\" decoding=\"async\" class=\"alignnone size-full wp-image-250\" style=\"border: 1px solid black; margin-left: 2px; margin-right: 2px;\" title=\"tikopentue\" src=\"http:\/\/tamaon.com\/to\/wp-content\/uploads\/2012\/10\/tikopentue.jpg\" alt=\"\" width=\"112\" height=\"150\" \/><\/a><a href=\"http:\/\/tamaon.com\/to\/wp-content\/uploads\/2012\/10\/2Ranisivupro.jpg\"><img loading=\"lazy\" decoding=\"async\" class=\"alignnone size-full wp-image-222\" style=\"border: 1px solid black; margin-left: 2px; margin-right: 2px;\" title=\"2Ranisivupro\" src=\"http:\/\/tamaon.com\/to\/wp-content\/uploads\/2012\/10\/2Ranisivupro.jpg\" alt=\"\" width=\"115\" height=\"150\" \/><\/a><br \/>\nPois Kottoo Alfonso x Rani<br \/>\n11.3.2004<\/p>\n<p style=\"text-align: center;\"><a href=\"http:\/\/www.tamaon.com\/pdf\/A-sukutaulu.pdf\" target=\"_blank\" rel=\"noopener\">Sukutaulu (pdf)<\/a><\/p>\n<p style=\"text-align: center;\"><a href=\"http:\/\/tamaon.com\/to\/wp-content\/uploads\/2012\/10\/kita1.jpg\"><img loading=\"lazy\" decoding=\"async\" class=\"size-full wp-image-244 alignnone\" style=\"border: 1px solid black; margin-left: 1px; margin-right: 1px;\" title=\"kita1\" src=\"http:\/\/tamaon.com\/to\/wp-content\/uploads\/2012\/10\/kita1.jpg\" alt=\"\" width=\"155\" height=\"300\" \/><\/a><a href=\"http:\/\/tamaon.com\/to\/wp-content\/uploads\/2012\/10\/kita2.jpg\"><img loading=\"lazy\" decoding=\"async\" class=\" wp-image-245 alignnone\" style=\"border: 1px solid black; margin-left: 1px; margin-right: 1px;\" title=\"kita2\" src=\"http:\/\/tamaon.com\/to\/wp-content\/uploads\/2012\/10\/kita2.jpg\" alt=\"\" width=\"217\" height=\"300\" \/><\/a><a href=\"http:\/\/tamaon.com\/to\/wp-content\/uploads\/2012\/10\/kita3.jpg\"><img loading=\"lazy\" decoding=\"async\" class=\"wp-image-246 alignnone\" style=\"border: 1px solid black; margin-left: 1px; margin-right: 1px;\" title=\"kita3\" src=\"http:\/\/tamaon.com\/to\/wp-content\/uploads\/2012\/10\/kita3.jpg\" alt=\"\" width=\"234\" height=\"300\" \/><\/a><a href=\"http:\/\/www.tamaon.com\/pdf\/A-sukutaulu.pdf\" target=\"_blank\" rel=\"noopener\"><br \/>\n<\/a><\/p>\n<p style=\"text-align: center;\">\u00a0<style>\r\n\r\ntable#t1 {\r\nborder-collapse: collapse;\t\r\nborder-width: 0px;\r\nborder-style: outset;\r\nmargin: 20px 0;\r\nline-height: 2.0em;\r\ntext-align: left;\r\nvertical-align: top;width: 100%;border-top: 1px solid #EEEEEE;border-bottom: 1px solid #EEEEEE;box-shadow: 0 2px 3px rgba(0, 0, 0, 0.4);\r\n}\r\ntable#t1 thead tr {\r\n\r\n}\r\ntable#t1 thead tr th.t1 {\r\ncolor: #333333;\r\nbackground: none repeat scroll 0 0 #FFFFFF;\r\nfont-size: 0.8em;\r\nletter-spacing: 0;\r\nline-height: 0.8;\r\npadding: 4px;\r\ntext-transform: none;\r\ntext-align: left;border-bottom: 1px solid #EEEEEE;\r\n}\r\n\r\ntable#t1 thead tr th#t1.start {\r\n\r\n}\r\ntable#t1 thead tr th#t1.end {\r\n\r\n}\r\ntable#t1 tbody tr {\r\n    background: none repeat scroll 0 0 #FFFFFF;\r\n}\r\ntable#t1 tbody tr.table-alternate {\r\n    background: none repeat scroll 0 0 #FDFDFD;\r\n}\r\ntable#t1 tbody tr td#n1 {\r\n\twidth: 20%;\r\n\t}table#t1 tbody tr td#n2 {\r\n\twidth: 10%;\r\n\t}table#t1 tbody tr td#n3 {\r\n\twidth: 10%;\r\n\t}table#t1 tbody tr td#n4 {\r\n\twidth: 10%;\r\n\t}table#t1 tbody tr td#n5 {\r\n\twidth: 10%;\r\n\t}table#t1 tbody tr td#n6 {\r\n\twidth: 10%;\r\n\t}table#t1 tbody tr td#n7 {\r\n\twidth: 10%;\r\n\t}table#t1 tbody tr td#n8 {\r\n\twidth: 20%;\r\n\t}table#t1 tbody tr td#n9 {\r\n\twidth: 10%;\r\n\t}table#t1 tbody tr td#n10 {\r\n\twidth: 10%;\r\n\t}\r\n\r\ntable#t1 tbody tr td {\r\n    padding: 5px;\r\n\tborder-width: 0px;\r\n\tfont-size: 0.8em;\r\n\tborder-top: medium none;border-bottom: 1px solid #EEEEEE;\r\n    text-align: left;\r\n\tline-height: 1.0;\r\n\tvertical-align: top;\r\n}\r\n}\r\ntable#t1 tfoot tr {\r\n}\r\n\r\ntable#t1 tfoot tr td {\r\n    background: none repeat scroll 0 0 #FCFCFC;\t\r\n\tpadding: 4px;\r\n\tborder-width: 0px;\r\n\tcolor: #7a7a7a;\r\n\tfont-size: 0.8em;\r\n\tborder-top: medium none;\r\n    text-align: left;\r\n}\r\n<\/style><table id=\"t1\">\r\n\t\t<thead>\r\n\t\t\t<tr><th scope=\"col\" class=\"t1\" id=\"n1\">nimi<\/th><th scope=\"col\" class=\"t1\" id=\"n2\">lonkat<\/th><th scope=\"col\" class=\"t1\" id=\"n3\">kyyn\u00e4r<\/th><th scope=\"col\" class=\"t1\" id=\"n4\">selk\u00e4<\/th><th scope=\"col\" class=\"t1\" id=\"n5\">silm\u00e4t<\/th><th scope=\"col\" class=\"t1\" id=\"n6\">olkap<\/th><th scope=\"col\" class=\"t1\" id=\"n7\">purenta<\/th><th scope=\"col\" class=\"t1\" id=\"n8\">k\u00e4ytt\u00f6tulokset<\/th><th scope=\"col\" class=\"t1\" id=\"n9\">n\u00e4yttely<\/th><th scope=\"col\" class=\"t1\" id=\"n10\">muuta<\/th><\/tr><\/thead>\r\n\t<tbody><tr class=\"table-alternate row1\"> <td id=\"n1\" class=\"start\">narttu<\/td><td id=\"n2\" ><\/td><td id=\"n3\" ><\/td><td id=\"n4\" ><\/td><td id=\"n5\" ><\/td><td id=\"n6\" ><\/td><td id=\"n7\" ><\/td><td id=\"n8\" ><\/td><td id=\"n9\" ><\/td><td id=\"n10\" ><\/td><\/tr><tr class= \"table-noalt row2\"><td id=\"n1\" class=\"start\">ALLI GAATTORI<\/td><td id=\"n2\" >A\/A<\/td><td id=\"n3\" >0\/0<\/td><td id=\"n4\" >ok<\/td><td id=\"n5\" >ok<\/td><td id=\"n6\" >ok<\/td><td id=\"n7\" >ok<\/td><td id=\"n8\" >RM 08 IP3 BH TK1<\/td><td id=\"n9\" >ERI<\/td><td id=\"n10\" >Steriloitu. RM-07 sij.3, RM-08 sij.1, RM-09 sij.2, RM-10 sij.3, SM-08 sij.4, SM-09 sij.9, SM-11 sij.7,, FMBB-09 sij.6 ja FCI-IPO-MM-09 sij. 25.<\/td><\/tr><\/tbody><\/table><\/p>\n<p style=\"text-align: center;\"><a href=\"http:\/\/tamaon.com\/to\/wp-content\/uploads\/2012\/10\/RaniKita.jpg\"><img loading=\"lazy\" decoding=\"async\" class=\"size-full wp-image-436 aligncenter\" style=\"border: 1px solid black;\" title=\"RaniKita\" src=\"http:\/\/tamaon.com\/to\/wp-content\/uploads\/2012\/10\/RaniKita.jpg\" alt=\"\" width=\"450\" height=\"279\" srcset=\"http:\/\/tamaon.com\/to\/wp-content\/uploads\/2012\/10\/RaniKita.jpg 450w, http:\/\/tamaon.com\/to\/wp-content\/uploads\/2012\/10\/RaniKita-400x248.jpg 400w\" sizes=\"auto, (max-width: 450px) 100vw, 450px\" \/><br \/>\n<\/a>I <a href=\"http:\/\/tamaon.com\/gallery3\/index.php\/A-pentue\" target=\"_blank\" rel=\"noopener\">Galleria<\/a> I<\/p>\n<p><strong><a href=\"http:\/\/tamaon.com\/to\/wp-content\/uploads\/2012\/10\/kitapentusivu.jpg\"><img loading=\"lazy\" decoding=\"async\" class=\"alignleft size-full wp-image-241\" style=\"border: 1px solid black;\" title=\"kitapentusivu\" src=\"http:\/\/tamaon.com\/to\/wp-content\/uploads\/2012\/10\/kitapentusivu.jpg\" alt=\"\" width=\"142\" height=\"200\" \/><\/a>T\u00e4m\u00e4 on Alli Gaattori<\/strong>&#8221;Kita&#8221;<\/p>\n<p>FIN18880\/04<br \/>\nom. Elise Luttinen, Helsinki<\/p>\n<p><a href=\"http:\/\/www.tamaon.com\/elokuvatus\/Kita1.mpg\" target=\"_blank\" rel=\"noopener\">Pentuvideo<\/a><br \/>\nKita <a href=\"http:\/\/www.tamaon.com\/elokuvatus\/TamaOnAlliGaattori_IPO3_C.wmv\">IP3 C-osa<\/a>, Tali 16.09.2007<\/p>\n<p>Kita on eritt\u00e4in voimakasviettinen, selke\u00e4t viettialueet omaava narttu. Sill\u00e4 on geneettinen, voimakas t\u00e4ydensuun ote. Se on eritt\u00e4in hyv\u00e4 j\u00e4ljest\u00e4m\u00e4\u00e4n ja omaa\u00a0erinomaisen ruokahalun.<br \/>\nKita on korkeudeltaan 62 cm ja painaa 25 kg.<\/p>\n","protected":false},"excerpt":{"rendered":"<p>Pois Kottoo Alfonso x Rani 11.3.2004 Sukutaulu (pdf) \u00a0 I Galleria I T\u00e4m\u00e4 on Alli Gaattori&#8221;Kita&#8221; FIN18880\/04 om. Elise Luttinen, Helsinki Pentuvideo Kita IP3 C-osa, Tali 16.09.2007 Kita on eritt\u00e4in voimakasviettinen, selke\u00e4t viettialueet omaava narttu. Sill\u00e4 on geneettinen, voimakas t\u00e4ydensuun ote. Se on eritt\u00e4in hyv\u00e4 j\u00e4ljest\u00e4m\u00e4\u00e4n ja omaa\u00a0erinomaisen ruokahalun. Kita on korkeudeltaan 62 cm ja [&hellip;]<\/p>\n","protected":false},"author":1,"featured_media":0,"parent":22,"menu_order":14,"comment_status":"closed","ping_status":"closed","template":"","meta":{"footnotes":"","_links_to":"","_links_to_target":""},"class_list":["post-32","page","type-page","status-publish","hentry"],"_links":{"self":[{"href":"http:\/\/tamaon.com\/to\/index.php?rest_route=\/wp\/v2\/pages\/32","targetHints":{"allow":["GET"]}}],"collection":[{"href":"http:\/\/tamaon.com\/to\/index.php?rest_route=\/wp\/v2\/pages"}],"about":[{"href":"http:\/\/tamaon.com\/to\/index.php?rest_route=\/wp\/v2\/types\/page"}],"author":[{"embeddable":true,"href":"http:\/\/tamaon.com\/to\/index.php?rest_route=\/wp\/v2\/users\/1"}],"replies":[{"embeddable":true,"href":"http:\/\/tamaon.com\/to\/index.php?rest_route=%2Fwp%2Fv2%2Fcomments&post=32"}],"version-history":[{"count":40,"href":"http:\/\/tamaon.com\/to\/index.php?rest_route=\/wp\/v2\/pages\/32\/revisions"}],"predecessor-version":[{"id":1770,"href":"http:\/\/tamaon.com\/to\/index.php?rest_route=\/wp\/v2\/pages\/32\/revisions\/1770"}],"up":[{"embeddable":true,"href":"http:\/\/tamaon.com\/to\/index.php?rest_route=\/wp\/v2\/pages\/22"}],"wp:attachment":[{"href":"http:\/\/tamaon.com\/to\/index.php?rest_route=%2Fwp%2Fv2%2Fmedia&parent=32"}],"curies":[{"name":"wp","href":"https:\/\/api.w.org\/{rel}","templated":true}]}}