
{"id":30,"date":"2012-10-02T16:48:10","date_gmt":"2012-10-02T13:48:10","guid":{"rendered":"http:\/\/tamaon.com\/to\/?page_id=30"},"modified":"2025-09-13T14:35:48","modified_gmt":"2025-09-13T11:35:48","slug":"b-pentue-2006","status":"publish","type":"page","link":"http:\/\/tamaon.com\/to\/?page_id=30","title":{"rendered":"B-pentue 2006"},"content":{"rendered":"<p style=\"text-align: center;\"><a href=\"http:\/\/tamaon.com\/to\/wp-content\/uploads\/2012\/10\/1Pertti2v.jpg\"><img loading=\"lazy\" decoding=\"async\" class=\"alignnone wp-image-221\" style=\"border: 1px solid black; margin-left: 2px; margin-right: 2px;\" title=\"1Pertti2v\" src=\"http:\/\/tamaon.com\/to\/wp-content\/uploads\/2012\/10\/1Pertti2v.jpg\" alt=\"\" width=\"138\" height=\"150\" \/><\/a><a href=\"http:\/\/tamaon.com\/to\/wp-content\/uploads\/2012\/10\/2Ranisivupro.jpg\"><img loading=\"lazy\" decoding=\"async\" class=\"alignnone size-full wp-image-222\" style=\"border: 1px solid black; margin-left: 2px; margin-right: 2px;\" title=\"2Ranisivupro\" src=\"http:\/\/tamaon.com\/to\/wp-content\/uploads\/2012\/10\/2Ranisivupro.jpg\" alt=\"\" width=\"115\" height=\"150\" \/><\/a><br \/>\nCoyote van de Berlex-Hoeve x Rani<br \/>\n27.1.2006<\/p>\n<p style=\"text-align: center;\"><style>\r\n\r\ntable#t2 {\r\nborder-collapse: collapse;\t\r\nborder-width: 0px;\r\nborder-style: outset;\r\nmargin: 20px 0;\r\nline-height: 2.0em;\r\ntext-align: left;\r\nvertical-align: top;width: 100%;border-top: 1px solid #EEEEEE;border-bottom: 1px solid #EEEEEE;box-shadow: 0 2px 3px rgba(0, 0, 0, 0.4);\r\n}\r\ntable#t2 thead tr {\r\n\r\n}\r\ntable#t2 thead tr th.t2 {\r\ncolor: #333333;\r\nbackground: none repeat scroll 0 0 #FFFFFF;\r\nfont-size: 0.8em;\r\nletter-spacing: 0;\r\nline-height: 0.8;\r\npadding: 4px;\r\ntext-transform: none;\r\ntext-align: left;border-bottom: 1px solid #EEEEEE;\r\n}\r\n\r\ntable#t2 thead tr th#t2.start {\r\n\r\n}\r\ntable#t2 thead tr th#t2.end {\r\n\r\n}\r\ntable#t2 tbody tr {\r\n    background: none repeat scroll 0 0 #FFFFFF;\r\n}\r\ntable#t2 tbody tr.table-alternate {\r\n    background: none repeat scroll 0 0 #FDFDFD;\r\n}\r\ntable#t2 tbody tr td#n1 {\r\n\twidth: 20%;\r\n\t}table#t2 tbody tr td#n2 {\r\n\twidth: 10%;\r\n\t}table#t2 tbody tr td#n3 {\r\n\twidth: 10%;\r\n\t}table#t2 tbody tr td#n4 {\r\n\twidth: 10%;\r\n\t}table#t2 tbody tr td#n5 {\r\n\twidth: 10%;\r\n\t}table#t2 tbody tr td#n6 {\r\n\twidth: 10%;\r\n\t}table#t2 tbody tr td#n7 {\r\n\twidth: 10%;\r\n\t}table#t2 tbody tr td#n8 {\r\n\twidth: 20%;\r\n\t}table#t2 tbody tr td#n9 {\r\n\twidth: 10%;\r\n\t}table#t2 tbody tr td#n10 {\r\n\twidth: 10%;\r\n\t}\r\n\r\ntable#t2 tbody tr td {\r\n    padding: 5px;\r\n\tborder-width: 0px;\r\n\tfont-size: 0.8em;\r\n\tborder-top: medium none;border-bottom: 1px solid #EEEEEE;\r\n    text-align: left;\r\n\tline-height: 1.0;\r\n\tvertical-align: top;\r\n}\r\n}\r\ntable#t2 tfoot tr {\r\n}\r\n\r\ntable#t2 tfoot tr td {\r\n    background: none repeat scroll 0 0 #FCFCFC;\t\r\n\tpadding: 4px;\r\n\tborder-width: 0px;\r\n\tcolor: #7a7a7a;\r\n\tfont-size: 0.8em;\r\n\tborder-top: medium none;\r\n    text-align: left;\r\n}\r\n<\/style><table id=\"t2\">\r\n\t\t<thead>\r\n\t\t\t<tr><th scope=\"col\" class=\"t2\" id=\"n1\">nimi<\/th><th scope=\"col\" class=\"t2\" id=\"n2\">lonkat<\/th><th scope=\"col\" class=\"t2\" id=\"n3\">kyyn\u00e4r<\/th><th scope=\"col\" class=\"t2\" id=\"n4\">selk\u00e4<\/th><th scope=\"col\" class=\"t2\" id=\"n5\">silm\u00e4t<\/th><th scope=\"col\" class=\"t2\" id=\"n6\">kivekset<\/th><th scope=\"col\" class=\"t2\" id=\"n7\">purenta<\/th><th scope=\"col\" class=\"t2\" id=\"n8\">k\u00e4ytt\u00f6tulokset<\/th><th scope=\"col\" class=\"t2\" id=\"n9\">n\u00e4yttely<\/th><th scope=\"col\" class=\"t2\" id=\"n10\">muuta<\/th><\/tr><\/thead>\r\n\t<tbody><tr class=\"table-alternate row1\"> <td id=\"n1\" class=\"start\">urokset<\/td><td id=\"n2\" ><\/td><td id=\"n3\" ><\/td><td id=\"n4\" ><\/td><td id=\"n5\" ><\/td><td id=\"n6\" ><\/td><td id=\"n7\" ><\/td><td id=\"n8\" ><\/td><td id=\"n9\" ><\/td><td id=\"n10\" ><\/td><\/tr><tr class= \"table-noalt row2\"><td id=\"n1\" class=\"start\">BATTERY<\/td><td id=\"n2\" ><\/td><td id=\"n3\" ><\/td><td id=\"n4\" ><\/td><td id=\"n5\" ><\/td><td id=\"n6\" >ok<\/td><td id=\"n7\" ><\/td><td id=\"n8\" ><\/td><td id=\"n9\" ><\/td><td id=\"n10\" >RIP 2013<\/td><\/tr><tr class=\"table-alternate row3\"> <td id=\"n1\" class=\"start\">BIISONI<\/td><td id=\"n2\" >B\/B<\/td><td id=\"n3\" >0\/0<\/td><td id=\"n4\" >ok<\/td><td id=\"n5\" >ok<\/td><td id=\"n6\" >ok<\/td><td id=\"n7\" >ok<\/td><td id=\"n8\" >BH<\/td><td id=\"n9\" ><\/td><td id=\"n10\" ><\/td><\/tr><tr class= \"table-noalt row4\"><td id=\"n1\" class=\"start\">BRUTAALI<\/td><td id=\"n2\" >B\/B<\/td><td id=\"n3\" >0\/0<\/td><td id=\"n4\" >ok<\/td><td id=\"n5\" >ok<\/td><td id=\"n6\" >ok<\/td><td id=\"n7\" >ok<\/td><td id=\"n8\" >VPG1 BH<\/td><td id=\"n9\" >SERT ERI<\/td><td id=\"n10\" >Lt +180p. Kastroitu\r\nRIP 10\/2013<\/td><\/tr><tr class=\"table-alternate row5\"> <td id=\"n1\" class=\"start\">nartut<\/td><td id=\"n2\" ><\/td><td id=\"n3\" ><\/td><td id=\"n4\" ><\/td><td id=\"n5\" ><\/td><td id=\"n6\" ><\/td><td id=\"n7\" ><\/td><td id=\"n8\" ><\/td><td id=\"n9\" ><\/td><td id=\"n10\" ><\/td><\/tr><tr class= \"table-noalt row6\"><td id=\"n1\" class=\"start\">B'STIS<\/td><td id=\"n2\" >B\/B<\/td><td id=\"n3\" >0\/0<\/td><td id=\"n4\" >SP0<\/td><td id=\"n5\" >ok<\/td><td id=\"n6\" >*<\/td><td id=\"n7\" >ok<\/td><td id=\"n8\" >IP3 BH<\/td><td id=\"n9\" >-<\/td><td id=\"n10\" >Lt +142p. Steriloitu, RIP 1\/2017<\/td><\/tr><tr class=\"table-alternate row7\"> <td id=\"n1\" class=\"start\">BAKTEERI<\/td><td id=\"n2\" >B\/B<\/td><td id=\"n3\" >0\/0<\/td><td id=\"n4\" >ok<\/td><td id=\"n5\" >ok<\/td><td id=\"n6\" >*<\/td><td id=\"n7\" >ok<\/td><td id=\"n8\" >FI TVA BH TK2 TK1 Agi1<\/td><td id=\"n9\" >EH<\/td><td id=\"n10\" >Lt +199p. Steriloitu\r\nRIP 9\/2012<\/td><\/tr><tr class= \"table-noalt row8\"><td id=\"n1\" class=\"start\">BRILJANTTI<\/td><td id=\"n2\" >B\/B<\/td><td id=\"n3\" >0\/0<\/td><td id=\"n4\" >ok<\/td><td id=\"n5\" >ok<\/td><td id=\"n6\" >*<\/td><td id=\"n7\" >ok<\/td><td id=\"n8\" >IP3 BH<\/td><td id=\"n9\" >EH<\/td><td id=\"n10\" >Lt +246p. Steriloitu, RIP 11\/2015<\/td><\/tr><\/tbody><\/table><\/p>\n<p style=\"text-align: center;\"><a href=\"http:\/\/tamaon.com\/to\/wp-content\/uploads\/2012\/10\/bpentue.jpg\"><img loading=\"lazy\" decoding=\"async\" class=\"aligncenter wp-image-260\" style=\"border: 1px solid black;\" title=\"bpentue\" src=\"http:\/\/tamaon.com\/to\/wp-content\/uploads\/2012\/10\/bpentue.jpg\" alt=\"\" width=\"450\" height=\"198\" srcset=\"http:\/\/tamaon.com\/to\/wp-content\/uploads\/2012\/10\/bpentue.jpg 450w, http:\/\/tamaon.com\/to\/wp-content\/uploads\/2012\/10\/bpentue-400x176.jpg 400w\" sizes=\"auto, (max-width: 450px) 100vw, 450px\" \/><\/a><\/p>\n<p style=\"text-align: center;\">l <a href=\"http:\/\/tamaon.com\/gallery3\/index.php\/B-pentue\">Galleria<\/a> l<\/p>\n<p style=\"text-align: left;\"><strong><a href=\"http:\/\/tamaon.com\/to\/wp-content\/uploads\/2012\/10\/miki.jpg\"><img loading=\"lazy\" decoding=\"async\" class=\"alignleft size-full wp-image-253\" style=\"border: 1px solid black;\" title=\"miki\" src=\"http:\/\/tamaon.com\/to\/wp-content\/uploads\/2012\/10\/miki.jpg\" alt=\"\" width=\"139\" height=\"200\" \/><\/a>T\u00e4m\u00e4 on Battery<\/strong> &#8221;Miki&#8221;<\/p>\n<p>FIN26075\/06 P<br \/>\nom. Topi Siren, Jyv\u00e4skyl\u00e4<\/p>\n<p>&nbsp;<\/p>\n<p>&nbsp;<\/p>\n<p>&nbsp;<\/p>\n<p><strong><a href=\"http:\/\/tamaon.com\/to\/wp-content\/uploads\/2012\/10\/jahy.jpg\"><img loading=\"lazy\" decoding=\"async\" class=\"alignleft size-full wp-image-254\" style=\"border: 1px solid black;\" title=\"jahy\" src=\"http:\/\/tamaon.com\/to\/wp-content\/uploads\/2012\/10\/jahy.jpg\" alt=\"\" width=\"139\" height=\"196\" \/><\/a>T\u00e4m\u00e4 on Biisoni <\/strong>&#8221;J\u00e4hy&#8221;<\/p>\n<p>FIN26076\/06 P<br \/>\nom. Jarmo M\u00e4\u00e4tt\u00e4nen, Turku<\/p>\n<p>&nbsp;<\/p>\n<p>&nbsp;<\/p>\n<p>&nbsp;<\/p>\n<p><strong><a href=\"http:\/\/tamaon.com\/to\/wp-content\/uploads\/2012\/10\/villi.jpg\"><img loading=\"lazy\" decoding=\"async\" class=\"alignleft size-full wp-image-255\" style=\"border: 1px solid black;\" title=\"villi\" src=\"http:\/\/tamaon.com\/to\/wp-content\/uploads\/2012\/10\/villi.jpg\" alt=\"\" width=\"139\" height=\"183\" \/><\/a>T\u00e4m\u00e4 on Brutaali <\/strong>&#8221;Villi&#8221;<\/p>\n<p>FIN26077\/06 P<br \/>\nom. Minna Herrala, Turku<\/p>\n<p>Villin <a href=\"http:\/\/www.youtube.com\/watch?v=RP1eJ8-HuX4&amp;feature=youtu.be\" target=\"_blank\" rel=\"noopener\">luonnetesti<\/a><\/p>\n<p>&nbsp;<\/p>\n<p>&nbsp;<\/p>\n<p>&nbsp;<\/p>\n<p><strong><a href=\"http:\/\/tamaon.com\/to\/wp-content\/uploads\/2012\/10\/helmipentue.jpg\"><img loading=\"lazy\" decoding=\"async\" class=\"alignleft size-full wp-image-256\" style=\"border: 1px solid black;\" title=\"helmipentue\" src=\"http:\/\/tamaon.com\/to\/wp-content\/uploads\/2012\/10\/helmipentue.jpg\" alt=\"\" width=\"139\" height=\"196\" \/><\/a>T\u00e4m\u00e4 on B&#8217;stis<\/strong> &#8221;Helmi&#8221;<\/p>\n<p>FIN26079\/06 P<br \/>\nom. Jukka Alanen<\/p>\n<p>&nbsp;<\/p>\n<p>&nbsp;<\/p>\n<p>&nbsp;<\/p>\n<p><strong><a href=\"http:\/\/tamaon.com\/to\/wp-content\/uploads\/2012\/10\/toimipentue.jpg\"><img loading=\"lazy\" decoding=\"async\" class=\"alignleft size-full wp-image-257\" style=\"border: 1px solid black;\" title=\"toimipentue\" src=\"http:\/\/tamaon.com\/to\/wp-content\/uploads\/2012\/10\/toimipentue.jpg\" alt=\"\" width=\"139\" height=\"185\" \/><\/a>T\u00e4m\u00e4 on Bakteeri<\/strong> &#8221;Toimi&#8221;<\/p>\n<p>FIN26078\/06 P<br \/>\nom. <a href=\"http:\/\/www.hipsu.com\/\" target=\"_blank\" rel=\"noopener\">Suvi Virtala<\/p>\n<p><\/a><\/p>\n<p>&nbsp;<\/p>\n<p>&nbsp;<\/p>\n<p><strong><a href=\"http:\/\/tamaon.com\/to\/wp-content\/uploads\/2012\/10\/karma.jpg\"><img loading=\"lazy\" decoding=\"async\" class=\"alignleft wp-image-258\" style=\"border: 1px solid black;\" title=\"karma\" src=\"http:\/\/tamaon.com\/to\/wp-content\/uploads\/2012\/10\/karma.jpg\" alt=\"\" width=\"139\" height=\"200\" \/><\/a>T\u00e4m\u00e4 on Briljantti<\/strong><span style=\"color: #660000;\">\u00a0 &#8221;Karma&#8221;<\/span><\/p>\n<p>FIN26080\/06 P<br \/>\nom. Saija S\u00e4rm\u00e4kari, Helsinki<\/p>\n","protected":false},"excerpt":{"rendered":"<p>Coyote van de Berlex-Hoeve x Rani 27.1.2006 l Galleria l T\u00e4m\u00e4 on Battery &#8221;Miki&#8221; FIN26075\/06 P om. Topi Siren, Jyv\u00e4skyl\u00e4 &nbsp; &nbsp; &nbsp; T\u00e4m\u00e4 on Biisoni &#8221;J\u00e4hy&#8221; FIN26076\/06 P om. Jarmo M\u00e4\u00e4tt\u00e4nen, Turku &nbsp; &nbsp; &nbsp; T\u00e4m\u00e4 on Brutaali &#8221;Villi&#8221; FIN26077\/06 P om. Minna Herrala, Turku Villin luonnetesti &nbsp; &nbsp; &nbsp; T\u00e4m\u00e4 on B&#8217;stis &#8221;Helmi&#8221; [&hellip;]<\/p>\n","protected":false},"author":1,"featured_media":0,"parent":22,"menu_order":13,"comment_status":"closed","ping_status":"closed","template":"","meta":{"footnotes":"","_links_to":"","_links_to_target":""},"class_list":["post-30","page","type-page","status-publish","hentry"],"_links":{"self":[{"href":"http:\/\/tamaon.com\/to\/index.php?rest_route=\/wp\/v2\/pages\/30","targetHints":{"allow":["GET"]}}],"collection":[{"href":"http:\/\/tamaon.com\/to\/index.php?rest_route=\/wp\/v2\/pages"}],"about":[{"href":"http:\/\/tamaon.com\/to\/index.php?rest_route=\/wp\/v2\/types\/page"}],"author":[{"embeddable":true,"href":"http:\/\/tamaon.com\/to\/index.php?rest_route=\/wp\/v2\/users\/1"}],"replies":[{"embeddable":true,"href":"http:\/\/tamaon.com\/to\/index.php?rest_route=%2Fwp%2Fv2%2Fcomments&post=30"}],"version-history":[{"count":17,"href":"http:\/\/tamaon.com\/to\/index.php?rest_route=\/wp\/v2\/pages\/30\/revisions"}],"predecessor-version":[{"id":1771,"href":"http:\/\/tamaon.com\/to\/index.php?rest_route=\/wp\/v2\/pages\/30\/revisions\/1771"}],"up":[{"embeddable":true,"href":"http:\/\/tamaon.com\/to\/index.php?rest_route=\/wp\/v2\/pages\/22"}],"wp:attachment":[{"href":"http:\/\/tamaon.com\/to\/index.php?rest_route=%2Fwp%2Fv2%2Fmedia&parent=30"}],"curies":[{"name":"wp","href":"https:\/\/api.w.org\/{rel}","templated":true}]}}