
{"id":28,"date":"2012-10-02T16:47:52","date_gmt":"2012-10-02T13:47:52","guid":{"rendered":"http:\/\/tamaon.com\/to\/?page_id=28"},"modified":"2025-09-13T14:35:44","modified_gmt":"2025-09-13T11:35:44","slug":"c-pentue-2008","status":"publish","type":"page","link":"http:\/\/tamaon.com\/to\/?page_id=28","title":{"rendered":"C-pentue 2008"},"content":{"rendered":"<p style=\"text-align: center;\"><a href=\"http:\/\/tamaon.com\/to\/wp-content\/uploads\/2012\/10\/helgenaama.jpg\"><img loading=\"lazy\" decoding=\"async\" class=\"alignnone size-full wp-image-278\" style=\"border: 1px solid black; margin-left: 2px; margin-right: 2px;\" title=\"helgenaama\" src=\"http:\/\/tamaon.com\/to\/wp-content\/uploads\/2012\/10\/helgenaama.jpg\" alt=\"\" width=\"114\" height=\"150\" \/><\/a><a href=\"http:\/\/tamaon.com\/to\/wp-content\/uploads\/2012\/10\/2Ranisivupro.jpg\"><img loading=\"lazy\" decoding=\"async\" class=\"alignnone size-full wp-image-222\" style=\"border: 1px solid black; margin-left: 2px; margin-right: 2px;\" title=\"2Ranisivupro\" src=\"http:\/\/tamaon.com\/to\/wp-content\/uploads\/2012\/10\/2Ranisivupro.jpg\" alt=\"\" width=\"115\" height=\"150\" \/><\/a><br \/>\nMecberger Chortoryiski x Rani<br \/>\n24.6.2008<\/p>\n<p style=\"text-align: center;\"><style>\r\n\r\ntable#t3 {\r\nborder-collapse: collapse;\t\r\nborder-width: 0px;\r\nborder-style: outset;\r\nmargin: 20px 0;\r\nline-height: 2.0em;\r\ntext-align: left;\r\nvertical-align: top;width: 100%;border-top: 1px solid #EEEEEE;border-bottom: 1px solid #EEEEEE;box-shadow: 0 2px 3px rgba(0, 0, 0, 0.4);\r\n}\r\ntable#t3 thead tr {\r\n\r\n}\r\ntable#t3 thead tr th.t3 {\r\ncolor: #333333;\r\nbackground: none repeat scroll 0 0 #FFFFFF;\r\nfont-size: 0.8em;\r\nletter-spacing: 0;\r\nline-height: 0.8;\r\npadding: 4px;\r\ntext-transform: none;\r\ntext-align: left;border-bottom: 1px solid #EEEEEE;\r\n}\r\n\r\ntable#t3 thead tr th#t3.start {\r\n\r\n}\r\ntable#t3 thead tr th#t3.end {\r\n\r\n}\r\ntable#t3 tbody tr {\r\n    background: none repeat scroll 0 0 #FFFFFF;\r\n}\r\ntable#t3 tbody tr.table-alternate {\r\n    background: none repeat scroll 0 0 #FDFDFD;\r\n}\r\ntable#t3 tbody tr td#n1 {\r\n\twidth: 20%;\r\n\t}table#t3 tbody tr td#n2 {\r\n\twidth: 10%;\r\n\t}table#t3 tbody tr td#n3 {\r\n\twidth: 10%;\r\n\t}table#t3 tbody tr td#n4 {\r\n\twidth: 10%;\r\n\t}table#t3 tbody tr td#n5 {\r\n\twidth: 10%;\r\n\t}table#t3 tbody tr td#n6 {\r\n\twidth: 10%;\r\n\t}table#t3 tbody tr td#n7 {\r\n\twidth: 10%;\r\n\t}table#t3 tbody tr td#n8 {\r\n\twidth: 20%;\r\n\t}table#t3 tbody tr td#n9 {\r\n\twidth: 10%;\r\n\t}table#t3 tbody tr td#n10 {\r\n\twidth: 10%;\r\n\t}\r\n\r\ntable#t3 tbody tr td {\r\n    padding: 5px;\r\n\tborder-width: 0px;\r\n\tfont-size: 0.8em;\r\n\tborder-top: medium none;border-bottom: 1px solid #EEEEEE;\r\n    text-align: left;\r\n\tline-height: 1.0;\r\n\tvertical-align: top;\r\n}\r\n}\r\ntable#t3 tfoot tr {\r\n}\r\n\r\ntable#t3 tfoot tr td {\r\n    background: none repeat scroll 0 0 #FCFCFC;\t\r\n\tpadding: 4px;\r\n\tborder-width: 0px;\r\n\tcolor: #7a7a7a;\r\n\tfont-size: 0.8em;\r\n\tborder-top: medium none;\r\n    text-align: left;\r\n}\r\n<\/style><table id=\"t3\">\r\n\t\t<thead>\r\n\t\t\t<tr><th scope=\"col\" class=\"t3\" id=\"n1\">nimi<\/th><th scope=\"col\" class=\"t3\" id=\"n2\">lonkat<\/th><th scope=\"col\" class=\"t3\" id=\"n3\">kyyn\u00e4r<\/th><th scope=\"col\" class=\"t3\" id=\"n4\">selk\u00e4<\/th><th scope=\"col\" class=\"t3\" id=\"n5\">silm\u00e4t<\/th><th scope=\"col\" class=\"t3\" id=\"n6\">kivekset<\/th><th scope=\"col\" class=\"t3\" id=\"n7\">purenta<\/th><th scope=\"col\" class=\"t3\" id=\"n8\">k\u00e4ytt\u00f6tulokset<\/th><th scope=\"col\" class=\"t3\" id=\"n9\">n\u00e4yttely<\/th><th scope=\"col\" class=\"t3\" id=\"n10\">muuta<\/th><\/tr><\/thead>\r\n\t<tbody><tr class=\"table-alternate row1\"> <td id=\"n1\" class=\"start\">urokset<\/td><td id=\"n2\" ><\/td><td id=\"n3\" ><\/td><td id=\"n4\" ><\/td><td id=\"n5\" ><\/td><td id=\"n6\" ><\/td><td id=\"n7\" ><\/td><td id=\"n8\" ><\/td><td id=\"n9\" ><\/td><td id=\"n10\" ><\/td><\/tr><tr class= \"table-noalt row2\"><td id=\"n1\" class=\"start\">CAHELI<\/td><td id=\"n2\" >A\/A<\/td><td id=\"n3\" >0\/0<\/td><td id=\"n4\" >ok<\/td><td id=\"n5\" >-<\/td><td id=\"n6\" >ok<\/td><td id=\"n7\" >ok<\/td><td id=\"n8\" >-<\/td><td id=\"n9\" >-<\/td><td id=\"n10\" >Virkakoira<\/td><\/tr><tr class=\"table-alternate row3\"> <td id=\"n1\" class=\"start\">CAPINA<\/td><td id=\"n2\" >A\/A<\/td><td id=\"n3\" >0\/0<\/td><td id=\"n4\" >SP0<\/td><td id=\"n5\" >ok<\/td><td id=\"n6\" >ok<\/td><td id=\"n7\" >ok<\/td><td id=\"n8\" >FI KVA IP3 BH<\/td><td id=\"n9\" >SERT VSP ERI PU1<\/td><td id=\"n10\" >MM karsinta-12 sij.3, SM-12 sij.8, FCI IPO MM-12 sij.12, FMBB-13 sij.21, SM-13 sij.4, FCI IPO MM-13 sij.55, RM-13 sij.5\r\nT\u00e4m\u00e4 on I-pentueen is\u00e4.<\/td><\/tr><tr class= \"table-noalt row4\"><td id=\"n1\" class=\"start\">CARHU<\/td><td id=\"n2\" >A\/A<\/td><td id=\"n3\" >0\/0<\/td><td id=\"n4\" >ok<\/td><td id=\"n5\" >ok<\/td><td id=\"n6\" >ok<\/td><td id=\"n7\" >ok<\/td><td id=\"n8\" >-<\/td><td id=\"n9\" >-<\/td><td id=\"n10\" >Virkakoira<\/td><\/tr><tr class=\"table-alternate row5\"> <td id=\"n1\" class=\"start\">CERIFFI<\/td><td id=\"n2\" >A\/A<\/td><td id=\"n3\" >0\/0<\/td><td id=\"n4\" >ok<\/td><td id=\"n5\" >-<\/td><td id=\"n6\" >ok<\/td><td id=\"n7\" >ala\/vino<\/td><td id=\"n8\" >VM-11, M-12, VM-12, M-14, HK3 IP3 EK3 JK3 VK1\r\nRH-FLB RH T-A BH TK4 VEPE VOI1 RTK4<\/td><td id=\"n9\" >-<\/td><td id=\"n10\" >Lt +250p.<\/td><\/tr><tr class= \"table-noalt row6\"><td id=\"n1\" class=\"start\">CERPELE<\/td><td id=\"n2\" >A\/A<\/td><td id=\"n3\" >0\/0<\/td><td id=\"n4\" >ok<\/td><td id=\"n5\" >ok<\/td><td id=\"n6\" >ok<\/td><td id=\"n7\" >ok<\/td><td id=\"n8\" >IP3 BH<\/td><td id=\"n9\" >-<\/td><td id=\"n10\" >-<\/td><\/tr><tr class=\"table-alternate row7\"> <td id=\"n1\" class=\"start\">CORVETTE<\/td><td id=\"n2\" >A\/A<\/td><td id=\"n3\" >0\/0<\/td><td id=\"n4\" >ok<\/td><td id=\"n5\" >ok<\/td><td id=\"n6\" >ok<\/td><td id=\"n7\" >ala<\/td><td id=\"n8\" >IP1 BH TK4 TK3 TK2 TK1 AD RTK1<\/td><td id=\"n9\" >-<\/td><td id=\"n10\" >Kastroitu, RIP 12\/16<\/td><\/tr><tr class= \"table-noalt row8\"><td id=\"n1\" class=\"start\">nartut<\/td><td id=\"n2\" ><\/td><td id=\"n3\" ><\/td><td id=\"n4\" ><\/td><td id=\"n5\" ><\/td><td id=\"n6\" ><\/td><td id=\"n7\" ><\/td><td id=\"n8\" ><\/td><td id=\"n9\" ><\/td><td id=\"n10\" ><\/td><\/tr><tr class=\"table-alternate row9\"> <td id=\"n1\" class=\"start\">COM<\/td><td id=\"n2\" >A\/A<\/td><td id=\"n3\" >0\/0<\/td><td id=\"n4\" >ok<\/td><td id=\"n5\" >ok<\/td><td id=\"n6\" >*<\/td><td id=\"n7\" >ok<\/td><td id=\"n8\" >FI KVA FI TVA IP3 HK3 JK3 EK3 FH1 BH RH-FLA TK2 TK1 Agi3 PEHA-A H PEHA-B P RT ALOHYV<\/td><td id=\"n9\" >H<\/td><td id=\"n10\" >-<\/td><\/tr><tr class= \"table-noalt row10\"><td id=\"n1\" class=\"start\">CALAMAN NOPEE<\/td><td id=\"n2\" >B\/B<\/td><td id=\"n3\" >0\/0<\/td><td id=\"n4\" >SP0 LTV1<\/td><td id=\"n5\" >ok<\/td><td id=\"n6\" >*<\/td><td id=\"n7\" >ok<\/td><td id=\"n8\" >BH toko AVO3 Agi3 vepe AVO3<\/td><td id=\"n9\" >EH<\/td><td id=\"n10\" >MH, Lt +175p., T\u00e4m\u00e4 on G-pentueen em\u00e4<\/td><\/tr><\/tbody><\/table><\/p>\n<p style=\"text-align: center;\"><a href=\"http:\/\/tamaon.com\/to\/wp-content\/uploads\/2012\/10\/cpentue.jpg\"><img loading=\"lazy\" decoding=\"async\" class=\"aligncenter size-full wp-image-280\" style=\"border: 1px solid black;\" title=\"cpentue\" src=\"http:\/\/tamaon.com\/to\/wp-content\/uploads\/2012\/10\/cpentue.jpg\" alt=\"\" width=\"450\" height=\"240\" srcset=\"http:\/\/tamaon.com\/to\/wp-content\/uploads\/2012\/10\/cpentue.jpg 450w, http:\/\/tamaon.com\/to\/wp-content\/uploads\/2012\/10\/cpentue-400x213.jpg 400w\" sizes=\"auto, (max-width: 450px) 100vw, 450px\" \/><\/a><\/p>\n<p style=\"text-align: center;\">l <a href=\"http:\/\/tamaon.com\/gallery3\/index.php\/C-pentue\">Galleria<\/a> l<\/p>\n<p style=\"text-align: left;\"><strong><a href=\"http:\/\/tamaon.com\/to\/wp-content\/uploads\/2012\/10\/caheli.jpg\"><img loading=\"lazy\" decoding=\"async\" class=\"alignleft size-full wp-image-283\" style=\"border: 1px solid black;\" title=\"caheli\" src=\"http:\/\/tamaon.com\/to\/wp-content\/uploads\/2012\/10\/caheli.jpg\" alt=\"\" width=\"200\" height=\"261\" \/><\/a>T\u00e4m\u00e4 on Caheli<\/strong> &#8221;M\u00f6rri&#8221;<\/p>\n<p>FIN44653\/08<br \/>\nom. <a href=\"http:\/\/www.poliisi.fi\/poliisi\/pkoira\/home.nsf\/pages\/indexfin\" target=\"_blank\" rel=\"noopener\">Poliisikoiralaitos<\/a>\/ Kimmo Roiha<\/p>\n<p>&nbsp;<\/p>\n<p>&nbsp;<\/p>\n<p>&nbsp;<\/p>\n<p>&nbsp;<\/p>\n<p><strong><a href=\"http:\/\/tamaon.com\/to\/wp-content\/uploads\/2012\/10\/Teme5.jpg\"><img loading=\"lazy\" decoding=\"async\" class=\"alignleft size-full wp-image-284\" style=\"border: 1px solid black;\" title=\"Teme5\" src=\"http:\/\/tamaon.com\/to\/wp-content\/uploads\/2012\/10\/Teme5.jpg\" alt=\"\" width=\"200\" height=\"293\" \/><\/a>T\u00e4m\u00e4 on Capina <\/strong>&#8221;Teme&#8221;<\/p>\n<p>FIN44657\/08<br \/>\nom. Suvi &amp; Jani Karvonen, Vantaa<\/p>\n<p><a title=\"I-pentue 2014\" href=\"http:\/\/tamaon.com\/to\/?page_id=1031\">T\u00e4m\u00e4 on I-pentueen is\u00e4<\/a>.<\/p>\n<p>&nbsp;<\/p>\n<p>&nbsp;<\/p>\n<p>&nbsp;<\/p>\n<p><strong><br \/>\n<a href=\"http:\/\/tamaon.com\/to\/wp-content\/uploads\/2012\/10\/carhu.jpg\"><img loading=\"lazy\" decoding=\"async\" class=\"alignleft size-full wp-image-285\" style=\"border: 1px solid black;\" title=\"carhu\" src=\"http:\/\/tamaon.com\/to\/wp-content\/uploads\/2012\/10\/carhu.jpg\" alt=\"\" width=\"200\" height=\"250\" \/><\/a>T\u00e4m\u00e4 on Carhu <\/strong>&#8221;Urho&#8221;<\/p>\n<p>FIN44654\/08<br \/>\nom. <a href=\"http:\/\/www.rajankoiramiehet.fi\/\" target=\"_blank\" rel=\"noopener\">Rajavartiolaitos<\/a>\/ Keijo Valta<\/p>\n<p>&nbsp;<\/p>\n<p>&nbsp;<\/p>\n<p>&nbsp;<\/p>\n<p>&nbsp;<\/p>\n<p><strong><a href=\"http:\/\/tamaon.com\/to\/wp-content\/uploads\/2012\/10\/ceriffinaama.jpg\"><img loading=\"lazy\" decoding=\"async\" class=\"alignleft size-full wp-image-286\" style=\"border: 1px solid black;\" title=\"ceriffinaama\" src=\"http:\/\/tamaon.com\/to\/wp-content\/uploads\/2012\/10\/ceriffinaama.jpg\" alt=\"\" width=\"200\" height=\"261\" \/><\/a>T\u00e4m\u00e4 on Ceriffi<\/strong> &#8221;Kytt\u00e4&#8221;<\/p>\n<p>FIN44656\/08<br \/>\nom. Marja-Leena Hituri, Kemi<\/p>\n<p>&nbsp;<\/p>\n<p>&nbsp;<\/p>\n<p>&nbsp;<\/p>\n<p>&nbsp;<\/p>\n<p><strong><a href=\"http:\/\/tamaon.com\/to\/wp-content\/uploads\/2012\/10\/cerpele1.jpg\"><img loading=\"lazy\" decoding=\"async\" class=\"alignleft size-full wp-image-287\" style=\"border: 1px solid black;\" title=\"cerpele1\" src=\"http:\/\/tamaon.com\/to\/wp-content\/uploads\/2012\/10\/cerpele1.jpg\" alt=\"\" width=\"200\" height=\"253\" \/><\/a>T\u00e4m\u00e4 on Cerpele<\/strong> &#8221;Reijo&#8221;<\/p>\n<p>FIN44655\/08<br \/>\nom. Antti Kurki, Espoo<\/p>\n<p>&nbsp;<\/p>\n<p>&nbsp;<\/p>\n<p>&nbsp;<\/p>\n<p>&nbsp;<\/p>\n<p><strong><a href=\"http:\/\/tamaon.com\/to\/wp-content\/uploads\/2012\/10\/corvette.jpg\"><img loading=\"lazy\" decoding=\"async\" class=\"alignleft size-full wp-image-288\" style=\"border: 1px solid black;\" title=\"corvette\" src=\"http:\/\/tamaon.com\/to\/wp-content\/uploads\/2012\/10\/corvette.jpg\" alt=\"\" width=\"200\" height=\"253\" \/><\/a>T\u00e4m\u00e4 on Corvette<\/strong> &#8221;Konna&#8221;<\/p>\n<p>FIN44658\/08<br \/>\nom. <a href=\"http:\/\/nikes.vuodatus.net\/\" target=\"_blank\" rel=\"noopener\">Tiia N\u00e4rkki<\/a>, Porvoo<\/p>\n<p>&nbsp;<\/p>\n<p>&nbsp;<\/p>\n<p>&nbsp;<\/p>\n<p>&nbsp;<\/p>\n<p><strong><a href=\"http:\/\/tamaon.com\/to\/wp-content\/uploads\/2012\/10\/heranaama.jpg\"><img loading=\"lazy\" decoding=\"async\" class=\"alignleft size-full wp-image-289\" style=\"border: 1px solid black;\" title=\"heranaama\" src=\"http:\/\/tamaon.com\/to\/wp-content\/uploads\/2012\/10\/heranaama.jpg\" alt=\"\" width=\"200\" height=\"276\" \/><\/a>T\u00e4m\u00e4 on Com <\/strong>&#8221;Hera&#8221;<\/p>\n<p>FIN44659\/08<br \/>\nom. Antti S\u00e4yn\u00e4j\u00e4rvi, Hyvink\u00e4\u00e4<\/p>\n<p>&nbsp;<\/p>\n<div align=\"left\">\n<div align=\"left\">\n<p>&nbsp;<\/p>\n<p>&nbsp;<\/p>\n<p>&nbsp;<\/p>\n<p><strong><a href=\"http:\/\/tamaon.com\/to\/wp-content\/uploads\/2012\/10\/suna.jpg\"><img loading=\"lazy\" decoding=\"async\" class=\"alignleft size-full wp-image-290\" style=\"border: 1px solid black;\" title=\"suna\" src=\"http:\/\/tamaon.com\/to\/wp-content\/uploads\/2012\/10\/suna.jpg\" alt=\"\" width=\"200\" height=\"245\" \/><\/a>T\u00e4m\u00e4 on Calaman Nopee<\/strong> &#8221;Suna&#8221;<\/p>\n<p>FIN44660\/08<br \/>\nom. Misa Riiali, M\u00e4nts\u00e4l\u00e4<\/p>\n<p><a title=\"G-pentue 2013\" href=\"http:\/\/tamaon.com\/to\/?page_id=861\">G-pentueen em\u00e4<\/a><\/p>\n<\/div>\n<p>&#8211; narttu jolla on kuusi varvasta toisessa etujalassa.<br \/>\nMonivarpaisuus on esim. lunnikoirilla <a href=\"http:\/\/www.lunnikoira.fi\/rotumaaritelma.html\" target=\"_blank\" rel=\"noopener\">rotum\u00e4\u00e4ritelm\u00e4\u00e4n<\/a> kuuluva ominaisuus. Belgianpaimenkoirilla monivarpaisuus ei ole kovin yleist\u00e4 ja tietoa ei l\u00f6ydy paljon. Suomessa on vuonna 2003 syntynyt kennel Wintergamen <a href=\"http:\/\/www.wintergame.info\/myytti.htm\" target=\"_blank\" rel=\"noopener\">M-pentueeseen<\/a> narttu joka on monivarpainen. Myytill\u00e4 on kuvattaessa my\u00f6s todettu tuplaluut jaloissa ja sen takaraajat ovat hieman normaalia lyhyemm\u00e4t. Toinen tiedossamme oleva belgianpaimenkoira on kennel Ruutipussi <a href=\"http:\/\/www.ruutipussi.com\/index.php?pageid=6&amp;aid=36&amp;lang=fi\" target=\"_blank\" rel=\"noopener\">A-pentueeseen<\/a> vuonna 2005 syntynyt Armas joka toimii poliisikoirana keski-Suomessa. Armas liikkuu hyvin ja voi normaalisti.<br \/>\nJos tunnet lis\u00e4\u00e4 monivarpaisia belgianpaimenkoiria niin otathan yhteytt\u00e4 minuun: <a href=\"mailto:susanna.molsa@tamaon.com\" target=\"_blank\" rel=\"noopener\">susanna.molsa@tamaon.com<\/a><\/p>\n<p>Pikkutyt\u00f6n jalka rtg-kuvattiin ja sill\u00e4 on normaalit jalan luut. Yksi varvas oli haarautunut niin ett\u00e4 kahdella varpaalla oli yhteinen alkuosan varvasluu. Toinen hajavarpaista poistettiin kirurgisesti 13.8.08 jotta niiden yhteinen nivel ei rasitu. Ennuste koiran normaalille harrastusk\u00e4yt\u00f6lle on hyv\u00e4.<\/p>\n<\/div>\n","protected":false},"excerpt":{"rendered":"<p>Mecberger Chortoryiski x Rani 24.6.2008 l Galleria l T\u00e4m\u00e4 on Caheli &#8221;M\u00f6rri&#8221; FIN44653\/08 om. Poliisikoiralaitos\/ Kimmo Roiha &nbsp; &nbsp; &nbsp; &nbsp; T\u00e4m\u00e4 on Capina &#8221;Teme&#8221; FIN44657\/08 om. Suvi &amp; Jani Karvonen, Vantaa T\u00e4m\u00e4 on I-pentueen is\u00e4. &nbsp; &nbsp; &nbsp; T\u00e4m\u00e4 on Carhu &#8221;Urho&#8221; FIN44654\/08 om. Rajavartiolaitos\/ Keijo Valta &nbsp; &nbsp; &nbsp; &nbsp; T\u00e4m\u00e4 on Ceriffi [&hellip;]<\/p>\n","protected":false},"author":1,"featured_media":0,"parent":22,"menu_order":12,"comment_status":"closed","ping_status":"closed","template":"","meta":{"footnotes":"","_links_to":"","_links_to_target":""},"class_list":["post-28","page","type-page","status-publish","hentry"],"_links":{"self":[{"href":"http:\/\/tamaon.com\/to\/index.php?rest_route=\/wp\/v2\/pages\/28","targetHints":{"allow":["GET"]}}],"collection":[{"href":"http:\/\/tamaon.com\/to\/index.php?rest_route=\/wp\/v2\/pages"}],"about":[{"href":"http:\/\/tamaon.com\/to\/index.php?rest_route=\/wp\/v2\/types\/page"}],"author":[{"embeddable":true,"href":"http:\/\/tamaon.com\/to\/index.php?rest_route=\/wp\/v2\/users\/1"}],"replies":[{"embeddable":true,"href":"http:\/\/tamaon.com\/to\/index.php?rest_route=%2Fwp%2Fv2%2Fcomments&post=28"}],"version-history":[{"count":13,"href":"http:\/\/tamaon.com\/to\/index.php?rest_route=\/wp\/v2\/pages\/28\/revisions"}],"predecessor-version":[{"id":1772,"href":"http:\/\/tamaon.com\/to\/index.php?rest_route=\/wp\/v2\/pages\/28\/revisions\/1772"}],"up":[{"embeddable":true,"href":"http:\/\/tamaon.com\/to\/index.php?rest_route=\/wp\/v2\/pages\/22"}],"wp:attachment":[{"href":"http:\/\/tamaon.com\/to\/index.php?rest_route=%2Fwp%2Fv2%2Fmedia&parent=28"}],"curies":[{"name":"wp","href":"https:\/\/api.w.org\/{rel}","templated":true}]}}