
{"id":26,"date":"2012-10-02T16:47:31","date_gmt":"2012-10-02T13:47:31","guid":{"rendered":"http:\/\/tamaon.com\/to\/?page_id=26"},"modified":"2025-09-13T14:35:39","modified_gmt":"2025-09-13T11:35:39","slug":"d-pentue-2009","status":"publish","type":"page","link":"http:\/\/tamaon.com\/to\/?page_id=26","title":{"rendered":"D-pentue 2009"},"content":{"rendered":"<p style=\"text-align: center;\"><a href=\"http:\/\/tamaon.com\/to\/wp-content\/uploads\/2012\/10\/rokunaama.jpg\"><img loading=\"lazy\" decoding=\"async\" class=\"alignnone size-full wp-image-294\" style=\"border: 1px solid black; margin-left: 2px; margin-right: 2px;\" title=\"rokunaama\" src=\"http:\/\/tamaon.com\/to\/wp-content\/uploads\/2012\/10\/rokunaama.jpg\" alt=\"\" width=\"152\" height=\"200\" \/><\/a><a href=\"http:\/\/tamaon.com\/to\/wp-content\/uploads\/2012\/10\/helkanaama.jpg\"><img loading=\"lazy\" decoding=\"async\" class=\"alignnone size-full wp-image-293\" style=\"border: 1px solid black; margin-left: 2px; margin-right: 2px;\" title=\"helkanaama\" src=\"http:\/\/tamaon.com\/to\/wp-content\/uploads\/2012\/10\/helkanaama.jpg\" alt=\"\" width=\"161\" height=\"200\" \/><\/a><br \/>\nRoku x Mecberger Helka<br \/>\n20.12.2009<\/p>\n<p style=\"text-align: center;\"><style>\r\n\r\ntable#t4 {\r\nborder-collapse: collapse;\t\r\nborder-width: 0px;\r\nborder-style: outset;\r\nmargin: 20px 0;\r\nline-height: 2.0em;\r\ntext-align: left;\r\nvertical-align: top;width: 100%;border-top: 1px solid #EEEEEE;border-bottom: 1px solid #EEEEEE;box-shadow: 0 2px 3px rgba(0, 0, 0, 0.4);\r\n}\r\ntable#t4 thead tr {\r\n\r\n}\r\ntable#t4 thead tr th.t4 {\r\ncolor: #333333;\r\nbackground: none repeat scroll 0 0 #FFFFFF;\r\nfont-size: 0.8em;\r\nletter-spacing: 0;\r\nline-height: 0.8;\r\npadding: 4px;\r\ntext-transform: none;\r\ntext-align: left;border-bottom: 1px solid #EEEEEE;\r\n}\r\n\r\ntable#t4 thead tr th#t4.start {\r\n\r\n}\r\ntable#t4 thead tr th#t4.end {\r\n\r\n}\r\ntable#t4 tbody tr {\r\n    background: none repeat scroll 0 0 #FFFFFF;\r\n}\r\ntable#t4 tbody tr.table-alternate {\r\n    background: none repeat scroll 0 0 #FDFDFD;\r\n}\r\ntable#t4 tbody tr td#n1 {\r\n\twidth: 20%;\r\n\t}table#t4 tbody tr td#n2 {\r\n\twidth: 10%;\r\n\t}table#t4 tbody tr td#n3 {\r\n\twidth: 10%;\r\n\t}table#t4 tbody tr td#n4 {\r\n\twidth: 10%;\r\n\t}table#t4 tbody tr td#n5 {\r\n\twidth: 10%;\r\n\t}table#t4 tbody tr td#n6 {\r\n\twidth: 10%;\r\n\t}table#t4 tbody tr td#n7 {\r\n\twidth: 10%;\r\n\t}table#t4 tbody tr td#n8 {\r\n\twidth: 20%;\r\n\t}table#t4 tbody tr td#n9 {\r\n\twidth: 10%;\r\n\t}\r\n\r\ntable#t4 tbody tr td {\r\n    padding: 5px;\r\n\tborder-width: 0px;\r\n\tfont-size: 0.8em;\r\n\tborder-top: medium none;border-bottom: 1px solid #EEEEEE;\r\n    text-align: left;\r\n\tline-height: 1.0;\r\n\tvertical-align: top;\r\n}\r\n}\r\ntable#t4 tfoot tr {\r\n}\r\n\r\ntable#t4 tfoot tr td {\r\n    background: none repeat scroll 0 0 #FCFCFC;\t\r\n\tpadding: 4px;\r\n\tborder-width: 0px;\r\n\tcolor: #7a7a7a;\r\n\tfont-size: 0.8em;\r\n\tborder-top: medium none;\r\n    text-align: left;\r\n}\r\n<\/style><table id=\"t4\">\r\n\t\t<thead>\r\n\t\t\t<tr><th scope=\"col\" class=\"t4\" id=\"n1\">nimi<\/th><th scope=\"col\" class=\"t4\" id=\"n2\">lonkat<\/th><th scope=\"col\" class=\"t4\" id=\"n3\">kyyn\u00e4r<\/th><th scope=\"col\" class=\"t4\" id=\"n4\">selk\u00e4<\/th><th scope=\"col\" class=\"t4\" id=\"n5\">silm\u00e4t<\/th><th scope=\"col\" class=\"t4\" id=\"n6\">purenta<\/th><th scope=\"col\" class=\"t4\" id=\"n7\">k\u00e4ytt\u00f6tulokset<\/th><th scope=\"col\" class=\"t4\" id=\"n8\">n\u00e4yttely<\/th><th scope=\"col\" class=\"t4\" id=\"n9\">muuta<\/th><\/tr><\/thead>\r\n\t<tbody><tr class=\"table-alternate row1\"> <td id=\"n1\" class=\"start\">nartut<\/td><td id=\"n2\" ><\/td><td id=\"n3\" ><\/td><td id=\"n4\" ><\/td><td id=\"n5\" ><\/td><td id=\"n6\" ><\/td><td id=\"n7\" ><\/td><td id=\"n8\" ><\/td><td id=\"n9\" ><\/td><\/tr><tr class= \"table-noalt row2\"><td id=\"n1\" class=\"start\">DEMONI<\/td><td id=\"n2\" >A\/A<\/td><td id=\"n3\" >0\/0<\/td><td id=\"n4\" >Spondyloosia Th11-12 ja Lh 5-6 v\u00e4liss\u00e4, h\u00e4nn\u00e4n ensimm. nikamat luutuneet yhteen, L2 nikaman edess\u00e4 alkavaa piikki\u00e4.<\/td><td id=\"n5\" >ok<\/td><td id=\"n6\" >ok<\/td><td id=\"n7\" >toko EVL2 TK3 TK2 TK1 Agi1<\/td><td id=\"n8\" >HYL<\/td><td id=\"n9\" >Steriloitu. Lopetettu 3\/2015.<\/td><\/tr><tr class=\"table-alternate row3\"> <td id=\"n1\" class=\"start\">DINOSAURUS<\/td><td id=\"n2\" >B\/A<\/td><td id=\"n3\" >0\/1<\/td><td id=\"n4\" >viim.lannenikama luupiikit, muuten ok.<\/td><td id=\"n5\" >-<\/td><td id=\"n6\" >ok<\/td><td id=\"n7\" >IP3 BH<\/td><td id=\"n8\" >-<\/td><td id=\"n9\" >polvet ok<\/td><\/tr><tr class= \"table-noalt row4\"><td id=\"n1\" class=\"start\">DYNAMIITTIA<\/td><td id=\"n2\" >A\/A<\/td><td id=\"n3\" >0\/0<\/td><td id=\"n4\" >SP0 LTV0 VA0<\/td><td id=\"n5\" >ok<\/td><td id=\"n6\" >ok<\/td><td id=\"n7\" >BH<\/td><td id=\"n8\" >-<\/td><td id=\"n9\" >Lt +157p.<\/td><\/tr><\/tbody><\/table><\/p>\n<p><a href=\"http:\/\/tamaon.com\/to\/wp-content\/uploads\/2012\/10\/helkajadpennut.jpg\"><img loading=\"lazy\" decoding=\"async\" class=\"alignnone size-full wp-image-292 aligncenter\" style=\"border: 1px solid black;\" title=\"helkajadpennut\" src=\"http:\/\/tamaon.com\/to\/wp-content\/uploads\/2012\/10\/helkajadpennut.jpg\" alt=\"\" width=\"450\" height=\"338\" srcset=\"http:\/\/tamaon.com\/to\/wp-content\/uploads\/2012\/10\/helkajadpennut.jpg 450w, http:\/\/tamaon.com\/to\/wp-content\/uploads\/2012\/10\/helkajadpennut-400x300.jpg 400w\" sizes=\"auto, (max-width: 450px) 100vw, 450px\" \/><\/a><\/p>\n<p style=\"text-align: center;\">l <a href=\"http:\/\/tamaon.com\/gallery3\/index.php\/D-pentue\">Galleria<\/a> l<\/p>\n<p><a href=\"http:\/\/tamaon.com\/to\/wp-content\/uploads\/2012\/10\/demonaama.jpg\"><img loading=\"lazy\" decoding=\"async\" class=\"alignleft  wp-image-301\" style=\"border: 1px solid black;\" title=\"demonaama\" src=\"http:\/\/tamaon.com\/to\/wp-content\/uploads\/2012\/10\/demonaama.jpg\" alt=\"\" width=\"200\" height=\"266\" \/><\/a><strong>T\u00e4m\u00e4 on Demoni<\/strong> &#8221;Demo&#8221;<\/p>\n<p>FI16545\/10<br \/>\nom. Tiina B\u00e5ng, Mikkeli<\/p>\n<p>&nbsp;<\/p>\n<p>&nbsp;<\/p>\n<p>&nbsp;<\/p>\n<p>&nbsp;<\/p>\n<p><strong><a href=\"http:\/\/tamaon.com\/to\/wp-content\/uploads\/2012\/10\/dinanaama.jpg\"><img loading=\"lazy\" decoding=\"async\" class=\"alignleft size-full wp-image-300\" style=\"border: 1px solid black;\" title=\"dinanaama\" src=\"http:\/\/tamaon.com\/to\/wp-content\/uploads\/2012\/10\/dinanaama.jpg\" alt=\"\" width=\"200\" height=\"191\" \/><\/a>T\u00e4m\u00e4 on Dinosaurus<\/strong> &#8221;Dina&#8221;<\/p>\n<p>FI16543\/10<br \/>\nom. Sonja Koivu, Nousiainen<\/p>\n<p>&nbsp;<\/p>\n<p>&nbsp;<\/p>\n<p><strong><a href=\"http:\/\/tamaon.com\/to\/wp-content\/uploads\/2012\/10\/pomminaama.jpg\"><img loading=\"lazy\" decoding=\"async\" class=\"alignleft size-full wp-image-299\" style=\"border: 1px solid black;\" title=\"pomminaama\" src=\"http:\/\/tamaon.com\/to\/wp-content\/uploads\/2012\/10\/pomminaama.jpg\" alt=\"\" width=\"200\" height=\"250\" \/><\/a>T\u00e4m\u00e4 on Dynamiittia<\/strong> &#8221;Pommi&#8221;<\/p>\n<p>FI16544\/10<br \/>\nom. <a href=\"http:\/\/maahiskallion.blogspot.fi\/\" target=\"_blank\" rel=\"noopener\">Heidi-Ulla Lakoma<\/a>, Tervola<\/p>\n<p>&nbsp;<\/p>\n<p>&nbsp;<\/p>\n<p>&nbsp;<\/p>\n<p>&nbsp;<\/p>\n<p>&nbsp;<\/p>\n<figure id=\"attachment_298\" aria-describedby=\"caption-attachment-298\" style=\"width: 450px\" class=\"wp-caption aligncenter\"><a href=\"http:\/\/tamaon.com\/to\/wp-content\/uploads\/2012\/10\/DinosaurusSonja.jpg\"><img loading=\"lazy\" decoding=\"async\" class=\"size-full wp-image-298 \" style=\"border: 1px solid black;\" title=\"DinosaurusSonja\" src=\"http:\/\/tamaon.com\/to\/wp-content\/uploads\/2012\/10\/DinosaurusSonja.jpg\" alt=\"\" width=\"450\" height=\"299\" srcset=\"http:\/\/tamaon.com\/to\/wp-content\/uploads\/2012\/10\/DinosaurusSonja.jpg 450w, http:\/\/tamaon.com\/to\/wp-content\/uploads\/2012\/10\/DinosaurusSonja-400x265.jpg 400w\" sizes=\"auto, (max-width: 450px) 100vw, 450px\" \/><\/a><figcaption id=\"caption-attachment-298\" class=\"wp-caption-text\">Sonja &amp; Dina<\/figcaption><\/figure>\n","protected":false},"excerpt":{"rendered":"<p>Roku x Mecberger Helka 20.12.2009 l Galleria l T\u00e4m\u00e4 on Demoni &#8221;Demo&#8221; FI16545\/10 om. Tiina B\u00e5ng, Mikkeli &nbsp; &nbsp; &nbsp; &nbsp; T\u00e4m\u00e4 on Dinosaurus &#8221;Dina&#8221; FI16543\/10 om. Sonja Koivu, Nousiainen &nbsp; &nbsp; T\u00e4m\u00e4 on Dynamiittia &#8221;Pommi&#8221; FI16544\/10 om. Heidi-Ulla Lakoma, Tervola &nbsp; &nbsp; &nbsp; &nbsp; &nbsp;<\/p>\n","protected":false},"author":1,"featured_media":0,"parent":22,"menu_order":11,"comment_status":"closed","ping_status":"closed","template":"","meta":{"footnotes":"","_links_to":"","_links_to_target":""},"class_list":["post-26","page","type-page","status-publish","hentry"],"_links":{"self":[{"href":"http:\/\/tamaon.com\/to\/index.php?rest_route=\/wp\/v2\/pages\/26","targetHints":{"allow":["GET"]}}],"collection":[{"href":"http:\/\/tamaon.com\/to\/index.php?rest_route=\/wp\/v2\/pages"}],"about":[{"href":"http:\/\/tamaon.com\/to\/index.php?rest_route=\/wp\/v2\/types\/page"}],"author":[{"embeddable":true,"href":"http:\/\/tamaon.com\/to\/index.php?rest_route=\/wp\/v2\/users\/1"}],"replies":[{"embeddable":true,"href":"http:\/\/tamaon.com\/to\/index.php?rest_route=%2Fwp%2Fv2%2Fcomments&post=26"}],"version-history":[{"count":12,"href":"http:\/\/tamaon.com\/to\/index.php?rest_route=\/wp\/v2\/pages\/26\/revisions"}],"predecessor-version":[{"id":1773,"href":"http:\/\/tamaon.com\/to\/index.php?rest_route=\/wp\/v2\/pages\/26\/revisions\/1773"}],"up":[{"embeddable":true,"href":"http:\/\/tamaon.com\/to\/index.php?rest_route=\/wp\/v2\/pages\/22"}],"wp:attachment":[{"href":"http:\/\/tamaon.com\/to\/index.php?rest_route=%2Fwp%2Fv2%2Fmedia&parent=26"}],"curies":[{"name":"wp","href":"https:\/\/api.w.org\/{rel}","templated":true}]}}