{"id":24,"date":"2012-10-02T16:47:11","date_gmt":"2012-10-02T13:47:11","guid":{"rendered":"http:\/\/tamaon.com\/to\/?page_id=24"},"modified":"2025-09-13T14:35:34","modified_gmt":"2025-09-13T11:35:34","slug":"e-pentue-2011","status":"publish","type":"page","link":"http:\/\/tamaon.com\/to\/?page_id=24","title":{"rendered":"E-pentue 2011"},"content":{"rendered":"<p style=\"text-align: center;\"><a href=\"http:\/\/tamaon.com\/to\/wp-content\/uploads\/2012\/10\/elmonpaa.jpg\"><img loading=\"lazy\" decoding=\"async\" class=\"alignnone size-full wp-image-311\" style=\"border: 1px solid black; margin-left: 2px; margin-right: 2px;\" title=\"elmonpaa\" src=\"http:\/\/tamaon.com\/to\/wp-content\/uploads\/2012\/10\/elmonpaa.jpg\" alt=\"\" width=\"181\" height=\"200\" \/><\/a><a href=\"http:\/\/tamaon.com\/to\/wp-content\/uploads\/2012\/10\/datzinpaa.jpg\"><img loading=\"lazy\" decoding=\"async\" class=\"alignnone size-full wp-image-309\" style=\"border: 1px solid black; margin-left: 2px; margin-right: 2px;\" title=\"datzinpaa\" src=\"http:\/\/tamaon.com\/to\/wp-content\/uploads\/2012\/10\/datzinpaa.jpg\" alt=\"\" width=\"173\" height=\"200\" \/><\/a><br \/>\nDaneskjold Kvante x Datz vom Heustadlwasser<br \/>\n16.11.2011<\/p>\n<p style=\"text-align: center;\">\n<table id=\"tablepress-8\" class=\"tablepress tablepress-id-8\">\n<thead>\n<tr class=\"row-1\">\n\t<th class=\"column-1\">urokset<\/th><th class=\"column-2\">lonkat<\/th><th class=\"column-3\">kyyn\u00e4r<\/th><th class=\"column-4\">selk\u00e4<\/th><th class=\"column-5\">silm\u00e4t<\/th><th class=\"column-6\">k\u00e4ytt\u00f6<\/th><th class=\"column-7\">n\u00e4ytt\u00f6<\/th><th class=\"column-8\">muuta<\/th>\n<\/tr>\n<\/thead>\n<tbody class=\"row-striping row-hover\">\n<tr class=\"row-2\">\n\t<td class=\"column-1\">EEVERTTI<\/td><td class=\"column-2\">A\/A<\/td><td class=\"column-3\">0\/0<\/td><td class=\"column-4\">SP1 LTV0 VA0<\/td><td class=\"column-5\">ok<\/td><td class=\"column-6\">FI AVA VKM-16 IP3 HK1 BH TK1 toko AVO3<\/td><td class=\"column-7\">H<\/td><td class=\"column-8\">RIP 8\/2020<\/td>\n<\/tr>\n<tr class=\"row-3\">\n\t<td class=\"column-1\">EKSPERTTI<\/td><td class=\"column-2\">C\/C<\/td><td class=\"column-3\">1\/0<\/td><td class=\"column-4\">SP1 LTV0<\/td><td class=\"column-5\">ok<\/td><td class=\"column-6\"><\/td><td class=\"column-7\"><\/td><td class=\"column-8\">RIP 3.2014 Vihaisuuden takia<\/td>\n<\/tr>\n<tr class=\"row-4\">\n\t<td class=\"column-1\">ETANA<\/td><td class=\"column-2\">B\/B<\/td><td class=\"column-3\">1\/1<\/td><td class=\"column-4\">SP0 LTV0 VA0<\/td><td class=\"column-5\">Muutoksia<\/td><td class=\"column-6\">BH TK1 RTK1<\/td><td class=\"column-7\"><\/td><td class=\"column-8\">(silmiss\u00e4) pannusmaisia oireita, toistuvia tulehduksia (ei kuitenkaan ollut pannus)<\/td>\n<\/tr>\n<tr class=\"row-5\">\n\t<td class=\"column-1\">nartut<\/td><td class=\"column-2\"><\/td><td class=\"column-3\"><\/td><td class=\"column-4\"><\/td><td class=\"column-5\"><\/td><td class=\"column-6\"><\/td><td class=\"column-7\"><\/td><td class=\"column-8\"><\/td>\n<\/tr>\n<tr class=\"row-6\">\n\t<td class=\"column-1\">EL\u00c4MYS<\/td><td class=\"column-2\">A\/A<\/td><td class=\"column-3\">0\/0<\/td><td class=\"column-4\">SP1 LTV0 VA0<\/td><td class=\"column-5\">ok<\/td><td class=\"column-6\">IP2 BH toko ALO1<\/td><td class=\"column-7\"><\/td><td class=\"column-8\">polvet 0\/0, olat ok, RIP 10.2017<\/td>\n<\/tr>\n<tr class=\"row-7\">\n\t<td class=\"column-1\">ERITYINEN<\/td><td class=\"column-2\">A\/A<\/td><td class=\"column-3\">0\/0<\/td><td class=\"column-4\">SP1 LTV0<\/td><td class=\"column-5\">ok<\/td><td class=\"column-6\">TK4 TK2 BH vepe AVO2<\/td><td class=\"column-7\">EH<\/td><td class=\"column-8\">polvet 0\/0, FMBB 2015 edustaja tokossa<\/td>\n<\/tr>\n<tr class=\"row-8\">\n\t<td class=\"column-1\">EUROOPPA<\/td><td class=\"column-2\">A\/A<\/td><td class=\"column-3\">0\/0<\/td><td class=\"column-4\">SP0 LTV0<\/td><td class=\"column-5\"><\/td><td class=\"column-6\">IP3 JK3 BH TK1 toko AVO2 PAVH<\/td><td class=\"column-7\"><\/td><td class=\"column-8\">polvet 0\/0<\/td>\n<\/tr>\n<\/tbody>\n<\/table>\n<!-- #tablepress-8 from cache --><\/p>\n<p><a href=\"http:\/\/tamaon.com\/to\/wp-content\/uploads\/2012\/10\/tamaone.jpg\"><img loading=\"lazy\" decoding=\"async\" class=\"alignnone size-full wp-image-308 aligncenter\" style=\"border: 1px solid black;\" title=\"tamaone\" src=\"http:\/\/tamaon.com\/to\/wp-content\/uploads\/2012\/10\/tamaone.jpg\" alt=\"\" width=\"500\" height=\"382\" srcset=\"http:\/\/tamaon.com\/to\/wp-content\/uploads\/2012\/10\/tamaone.jpg 500w, http:\/\/tamaon.com\/to\/wp-content\/uploads\/2012\/10\/tamaone-400x305.jpg 400w\" sizes=\"auto, (max-width: 500px) 100vw, 500px\" \/><\/a><\/p>\n<p style=\"text-align: center;\">l <a href=\"http:\/\/tamaon.com\/gallery3\/index.php\/E-pentue\">Galleria<\/a> l<\/p>\n<figure id=\"attachment_307\" aria-describedby=\"caption-attachment-307\" style=\"width: 202px\" class=\"wp-caption alignleft\"><a href=\"http:\/\/tamaon.com\/to\/wp-content\/uploads\/2012\/10\/tamaoneevertti.jpg\"><img loading=\"lazy\" decoding=\"async\" class=\"wp-image-307 size-full\" style=\"border: 1px solid black;\" title=\"tamaoneevertti\" src=\"http:\/\/tamaon.com\/to\/wp-content\/uploads\/2012\/10\/tamaoneevertti.jpg\" alt=\"\" width=\"202\" height=\"260\" \/><\/a><figcaption id=\"caption-attachment-307\" class=\"wp-caption-text\">T\u00e4m\u00e4 on Eevertti &#8221;Vertti&#8221; FI10605\/12 om. Mari Alaj\u00e4\u00e4ski<\/figcaption><\/figure>\n<figure id=\"attachment_306\" aria-describedby=\"caption-attachment-306\" style=\"width: 202px\" class=\"wp-caption alignleft\"><a href=\"http:\/\/tamaon.com\/to\/wp-content\/uploads\/2012\/10\/ekspertti.jpg\"><img loading=\"lazy\" decoding=\"async\" class=\"wp-image-306 size-full\" style=\"border: 1px solid black;\" title=\"ekspertti\" src=\"http:\/\/tamaon.com\/to\/wp-content\/uploads\/2012\/10\/ekspertti.jpg\" alt=\"\" width=\"202\" height=\"269\" \/><\/a><figcaption id=\"caption-attachment-306\" class=\"wp-caption-text\">T\u00e4m\u00e4 on Ekspertti &#8221;Ex\u00e4&#8221; FI10604\/12 om. Mikko Arminen<\/figcaption><\/figure>\n<figure id=\"attachment_310\" aria-describedby=\"caption-attachment-310\" style=\"width: 202px\" class=\"wp-caption alignleft\"><a href=\"http:\/\/tamaon.com\/to\/wp-content\/uploads\/2012\/10\/etana.jpg\"><img loading=\"lazy\" decoding=\"async\" class=\"wp-image-310 size-full\" style=\"border: 1px solid black;\" title=\"etana\" src=\"http:\/\/tamaon.com\/to\/wp-content\/uploads\/2012\/10\/etana.jpg\" alt=\"\" width=\"202\" height=\"269\" \/><\/a><figcaption id=\"caption-attachment-310\" class=\"wp-caption-text\">T\u00e4m\u00e4 on Etana &#8221;J\u00f6r\u00f6&#8221; FI10606\/12 om. Heikki Jalli<\/figcaption><\/figure>\n<figure id=\"attachment_305\" aria-describedby=\"caption-attachment-305\" style=\"width: 202px\" class=\"wp-caption alignleft\"><a href=\"http:\/\/tamaon.com\/to\/wp-content\/uploads\/2012\/10\/elamys.jpg\"><img loading=\"lazy\" decoding=\"async\" class=\"wp-image-305\" style=\"border: 1px solid black;\" title=\"elamys\" src=\"http:\/\/tamaon.com\/to\/wp-content\/uploads\/2012\/10\/elamys.jpg\" alt=\"\" width=\"202\" height=\"269\" \/><\/a><figcaption id=\"caption-attachment-305\" class=\"wp-caption-text\">T\u00e4m\u00e4 on El\u00e4mys &#8221;Armi&#8221; FI10608\/12 om. Terhi My\u00f6h\u00e4nen<\/figcaption><\/figure>\n<figure id=\"attachment_304\" aria-describedby=\"caption-attachment-304\" style=\"width: 202px\" class=\"wp-caption alignleft\"><a href=\"http:\/\/tamaon.com\/to\/wp-content\/uploads\/2012\/10\/erityinen.jpg\"><img loading=\"lazy\" decoding=\"async\" class=\"wp-image-304 size-full\" style=\"border: 1px solid black;\" title=\"erityinen\" src=\"http:\/\/tamaon.com\/to\/wp-content\/uploads\/2012\/10\/erityinen.jpg\" alt=\"\" width=\"202\" height=\"269\" \/><\/a><figcaption id=\"caption-attachment-304\" class=\"wp-caption-text\">T\u00e4m\u00e4 on Erityinen &#8221;Rintti&#8221; FI10607\/12 om. Viivi K\u00e4rn\u00e4<\/figcaption><\/figure>\n<figure id=\"attachment_303\" aria-describedby=\"caption-attachment-303\" style=\"width: 202px\" class=\"wp-caption alignleft\"><a href=\"http:\/\/tamaon.com\/to\/wp-content\/uploads\/2012\/10\/eurooppa.jpg\"><img loading=\"lazy\" decoding=\"async\" class=\"wp-image-303 size-full\" title=\"eurooppa\" src=\"http:\/\/tamaon.com\/to\/wp-content\/uploads\/2012\/10\/eurooppa.jpg\" alt=\"\" width=\"202\" height=\"269\" \/><\/a><figcaption id=\"caption-attachment-303\" class=\"wp-caption-text\">T\u00e4m\u00e4 on Eurooppa &#8221;Ilo&#8221; FI10609\/12 om. Riikka Iivanainen<\/figcaption><\/figure>\n","protected":false},"excerpt":{"rendered":"<p>Daneskjold Kvante x Datz vom Heustadlwasser 16.11.2011 l Galleria l<\/p>\n","protected":false},"author":1,"featured_media":0,"parent":22,"menu_order":10,"comment_status":"closed","ping_status":"closed","template":"","meta":{"footnotes":"","_links_to":"","_links_to_target":""},"class_list":["post-24","page","type-page","status-publish","hentry"],"_links":{"self":[{"href":"http:\/\/tamaon.com\/to\/index.php?rest_route=\/wp\/v2\/pages\/24","targetHints":{"allow":["GET"]}}],"collection":[{"href":"http:\/\/tamaon.com\/to\/index.php?rest_route=\/wp\/v2\/pages"}],"about":[{"href":"http:\/\/tamaon.com\/to\/index.php?rest_route=\/wp\/v2\/types\/page"}],"author":[{"embeddable":true,"href":"http:\/\/tamaon.com\/to\/index.php?rest_route=\/wp\/v2\/users\/1"}],"replies":[{"embeddable":true,"href":"http:\/\/tamaon.com\/to\/index.php?rest_route=%2Fwp%2Fv2%2Fcomments&post=24"}],"version-history":[{"count":11,"href":"http:\/\/tamaon.com\/to\/index.php?rest_route=\/wp\/v2\/pages\/24\/revisions"}],"predecessor-version":[{"id":1717,"href":"http:\/\/tamaon.com\/to\/index.php?rest_route=\/wp\/v2\/pages\/24\/revisions\/1717"}],"up":[{"embeddable":true,"href":"http:\/\/tamaon.com\/to\/index.php?rest_route=\/wp\/v2\/pages\/22"}],"wp:attachment":[{"href":"http:\/\/tamaon.com\/to\/index.php?rest_route=%2Fwp%2Fv2%2Fmedia&parent=24"}],"curies":[{"name":"wp","href":"https:\/\/api.w.org\/{rel}","templated":true}]}}