{"id":1831,"date":"2025-09-13T14:34:26","date_gmt":"2025-09-13T11:34:26","guid":{"rendered":"https:\/\/tamaon.com\/to\/?page_id=1831"},"modified":"2025-09-13T14:37:13","modified_gmt":"2025-09-13T11:37:13","slug":"n-pentue-2023","status":"publish","type":"page","link":"http:\/\/tamaon.com\/to\/?page_id=1831","title":{"rendered":"N-pentue 2023"},"content":{"rendered":"<p style=\"text-align: center;\">T\u00e4m\u00e4 on CAPINA x Kiirastulen DOMINO<\/p>\n\n<table id=\"tablepress-10\" class=\"tablepress tablepress-id-10\">\n<thead>\n<tr class=\"row-1\">\n\t<th class=\"column-1\">urokset<\/th><th class=\"column-2\">lonkat<\/th><th class=\"column-3\">kyyn\u00e4r<\/th><th class=\"column-4\">selk\u00e4<\/th><th class=\"column-5\">silm\u00e4t<\/th><th class=\"column-6\">k\u00e4ytt\u00f6<\/th><th class=\"column-7\">n\u00e4ytt\u00f6<\/th><th class=\"column-8\">muuta<\/th>\n<\/tr>\n<\/thead>\n<tbody class=\"row-striping row-hover\">\n<tr class=\"row-2\">\n\t<td class=\"column-1\">NAPAKETTU<\/td><td class=\"column-2\"><\/td><td class=\"column-3\"><\/td><td class=\"column-4\"><\/td><td class=\"column-5\"><\/td><td class=\"column-6\"><\/td><td class=\"column-7\"><\/td><td class=\"column-8\"><\/td>\n<\/tr>\n<tr class=\"row-3\">\n\t<td class=\"column-1\">N\u00c4HT\u00c4V\u00c4<\/td><td class=\"column-2\"><\/td><td class=\"column-3\"><\/td><td class=\"column-4\"><\/td><td class=\"column-5\"><\/td><td class=\"column-6\"><\/td><td class=\"column-7\"><\/td><td class=\"column-8\"><\/td>\n<\/tr>\n<tr class=\"row-4\">\n\t<td class=\"column-1\">nartut<\/td><td class=\"column-2\"><\/td><td class=\"column-3\"><\/td><td class=\"column-4\"><\/td><td class=\"column-5\"><\/td><td class=\"column-6\"><\/td><td class=\"column-7\"><\/td><td class=\"column-8\"><\/td>\n<\/tr>\n<tr class=\"row-5\">\n\t<td class=\"column-1\">NAPAKKA-NELLA<\/td><td class=\"column-2\">B\/A\t<\/td><td class=\"column-3\">0\/0<\/td><td class=\"column-4\">LTV0 VA0<\/td><td class=\"column-5\"><\/td><td class=\"column-6\"><\/td><td class=\"column-7\"><\/td><td class=\"column-8\">Olat terveet<\/td>\n<\/tr>\n<tr class=\"row-6\">\n\t<td class=\"column-1\">NAPAKYMPPI<\/td><td class=\"column-2\">B\/B<\/td><td class=\"column-3\">0\/0<\/td><td class=\"column-4\">LTV0 VA0<\/td><td class=\"column-5\"><\/td><td class=\"column-6\"><\/td><td class=\"column-7\"><\/td><td class=\"column-8\">Olat terveet<\/td>\n<\/tr>\n<tr class=\"row-7\">\n\t<td class=\"column-1\">NELIAPILA<\/td><td class=\"column-2\">A\/B<\/td><td class=\"column-3\">0\/0<\/td><td class=\"column-4\">LTV1 VA0<\/td><td class=\"column-5\"><\/td><td class=\"column-6\"><\/td><td class=\"column-7\"><\/td><td class=\"column-8\">Olat terveet<\/td>\n<\/tr>\n<tr class=\"row-8\">\n\t<td class=\"column-1\">N\u00c4YTT\u00c4V\u00c4<\/td><td class=\"column-2\">A\/A<\/td><td class=\"column-3\">0\/0<\/td><td class=\"column-4\">LTV2 VA0<\/td><td class=\"column-5\"><\/td><td class=\"column-6\"><\/td><td class=\"column-7\"><\/td><td class=\"column-8\">Olat terveet<\/td>\n<\/tr>\n<\/tbody>\n<\/table>\n<!-- #tablepress-10 from cache -->\n\n\n<p><\/p>\n","protected":false},"excerpt":{"rendered":"<p>T\u00e4m\u00e4 on CAPINA x Kiirastulen DOMINO<\/p>\n","protected":false},"author":1,"featured_media":0,"parent":22,"menu_order":1,"comment_status":"closed","ping_status":"closed","template":"","meta":{"footnotes":"","_links_to":"","_links_to_target":""},"class_list":["post-1831","page","type-page","status-publish","hentry"],"_links":{"self":[{"href":"http:\/\/tamaon.com\/to\/index.php?rest_route=\/wp\/v2\/pages\/1831","targetHints":{"allow":["GET"]}}],"collection":[{"href":"http:\/\/tamaon.com\/to\/index.php?rest_route=\/wp\/v2\/pages"}],"about":[{"href":"http:\/\/tamaon.com\/to\/index.php?rest_route=\/wp\/v2\/types\/page"}],"author":[{"embeddable":true,"href":"http:\/\/tamaon.com\/to\/index.php?rest_route=\/wp\/v2\/users\/1"}],"replies":[{"embeddable":true,"href":"http:\/\/tamaon.com\/to\/index.php?rest_route=%2Fwp%2Fv2%2Fcomments&post=1831"}],"version-history":[{"count":3,"href":"http:\/\/tamaon.com\/to\/index.php?rest_route=\/wp\/v2\/pages\/1831\/revisions"}],"predecessor-version":[{"id":1835,"href":"http:\/\/tamaon.com\/to\/index.php?rest_route=\/wp\/v2\/pages\/1831\/revisions\/1835"}],"up":[{"embeddable":true,"href":"http:\/\/tamaon.com\/to\/index.php?rest_route=\/wp\/v2\/pages\/22"}],"wp:attachment":[{"href":"http:\/\/tamaon.com\/to\/index.php?rest_route=%2Fwp%2Fv2%2Fmedia&parent=1831"}],"curies":[{"name":"wp","href":"https:\/\/api.w.org\/{rel}","templated":true}]}}