{"id":1246,"date":"2015-05-22T15:20:44","date_gmt":"2015-05-22T12:20:44","guid":{"rendered":"http:\/\/tamaon.com\/to\/?page_id=1246"},"modified":"2025-09-13T14:35:14","modified_gmt":"2025-09-13T11:35:14","slug":"j-pentue-2015","status":"publish","type":"page","link":"http:\/\/tamaon.com\/to\/?page_id=1246","title":{"rendered":"J-pentue 2015"},"content":{"rendered":"<p style=\"text-align: center;\"><a href=\"http:\/\/tamaon.com\/to\/wp-content\/uploads\/2012\/10\/temepentuesivu.jpg\"><img loading=\"lazy\" decoding=\"async\" class=\" wp-image-1148 alignnone\" src=\"http:\/\/tamaon.com\/to\/wp-content\/uploads\/2012\/10\/temepentuesivu-400x267.jpg\" alt=\"temepentuesivu\" width=\"300\" height=\"200\" srcset=\"http:\/\/tamaon.com\/to\/wp-content\/uploads\/2012\/10\/temepentuesivu-400x267.jpg 400w, http:\/\/tamaon.com\/to\/wp-content\/uploads\/2012\/10\/temepentuesivu-640x427.jpg 640w, http:\/\/tamaon.com\/to\/wp-content\/uploads\/2012\/10\/temepentuesivu.jpg 960w\" sizes=\"auto, (max-width: 300px) 100vw, 300px\" \/><\/a> X <a href=\"http:\/\/tamaon.com\/to\/wp-content\/uploads\/2012\/10\/DSCN0268-e1421154031652.jpg\"><img loading=\"lazy\" decoding=\"async\" class=\"alignnone wp-image-1149\" src=\"http:\/\/tamaon.com\/to\/wp-content\/uploads\/2012\/10\/DSCN0268-e1421154031652-300x400.jpg\" alt=\"DSCN0268\" width=\"150\" height=\"200\" srcset=\"http:\/\/tamaon.com\/to\/wp-content\/uploads\/2012\/10\/DSCN0268-e1421154031652-300x400.jpg 300w, http:\/\/tamaon.com\/to\/wp-content\/uploads\/2012\/10\/DSCN0268-e1421154031652-480x640.jpg 480w\" sizes=\"auto, (max-width: 150px) 100vw, 150px\" \/><\/a><\/p>\n<p style=\"text-align: center;\">T\u00e4m\u00e4 on CAPINA x DORINA od policie Ceske republiky<br \/>\n21.5.2015<\/p>\n<p style=\"text-align: left;\">\n<table id=\"tablepress-3\" class=\"tablepress tablepress-id-3\">\n<thead>\n<tr class=\"row-1\">\n\t<th class=\"column-1\">urokset<\/th><th class=\"column-2\">lonkat<\/th><th class=\"column-3\">kyyn\u00e4r<\/th><th class=\"column-4\">selk\u00e4<\/th><th class=\"column-5\">silm\u00e4t<\/th><th class=\"column-6\">k\u00e4ytt\u00f6<\/th><th class=\"column-7\">n\u00e4ytt\u00f6<\/th><th class=\"column-8\">muuta<\/th>\n<\/tr>\n<\/thead>\n<tbody class=\"row-striping row-hover\">\n<tr class=\"row-2\">\n\t<td class=\"column-1\">JOUKKOHURMAAJA<\/td><td class=\"column-2\">C\/B<\/td><td class=\"column-3\">0\/0<\/td><td class=\"column-4\">SP0 LTV1 VA0<\/td><td class=\"column-5\"><\/td><td class=\"column-6\"><\/td><td class=\"column-7\"><\/td><td class=\"column-8\"><\/td>\n<\/tr>\n<tr class=\"row-3\">\n\t<td class=\"column-1\">JUHLAKALU\t<\/td><td class=\"column-2\">A\/A<\/td><td class=\"column-3\">0\/0<\/td><td class=\"column-4\">LTV1 VA0\t<\/td><td class=\"column-5\"><\/td><td class=\"column-6\"><\/td><td class=\"column-7\">PEK1, KP, ROP<\/td><td class=\"column-8\">Lopetettu 12\/17 cauda equina<\/td>\n<\/tr>\n<tr class=\"row-4\">\n\t<td class=\"column-1\">J\u00c4\u00c4KARHU<\/td><td class=\"column-2\">A\/A<\/td><td class=\"column-3\">0\/0<\/td><td class=\"column-4\">LTV1 VA0<\/td><td class=\"column-5\"><\/td><td class=\"column-6\">BH<\/td><td class=\"column-7\"><\/td><td class=\"column-8\"><\/td>\n<\/tr>\n<tr class=\"row-5\">\n\t<td class=\"column-1\">nartut<\/td><td class=\"column-2\"><\/td><td class=\"column-3\"><\/td><td class=\"column-4\"><\/td><td class=\"column-5\"><\/td><td class=\"column-6\"><\/td><td class=\"column-7\"><\/td><td class=\"column-8\"><\/td>\n<\/tr>\n<tr class=\"row-6\">\n\t<td class=\"column-1\">JOKU MUU<\/td><td class=\"column-2\">A\/A<\/td><td class=\"column-3\">0\/0<\/td><td class=\"column-4\">LTV4<\/td><td class=\"column-5\"><\/td><td class=\"column-6\">BH<\/td><td class=\"column-7\">H<\/td><td class=\"column-8\"><\/td>\n<\/tr>\n<tr class=\"row-7\">\n\t<td class=\"column-1\">JUHLAVIERAS<\/td><td class=\"column-2\">A\/A<\/td><td class=\"column-3\">0\/0<\/td><td class=\"column-4\">SP1 LTV3 VA0<\/td><td class=\"column-5\"><\/td><td class=\"column-6\">FI AVA FI AVA-H BH toko VOI1 TK1<\/td><td class=\"column-7\">EH<\/td><td class=\"column-8\"><\/td>\n<\/tr>\n<tr class=\"row-8\">\n\t<td class=\"column-1\">JUTUNJUONI<\/td><td class=\"column-2\">A\/A<\/td><td class=\"column-3\">0\/0<\/td><td class=\"column-4\">LTV2 VA0<\/td><td class=\"column-5\"><\/td><td class=\"column-6\">IFH1 BH Toko ALO1<\/td><td class=\"column-7\">ERI SA ROP SERT<\/td><td class=\"column-8\"><\/td>\n<\/tr>\n<tr class=\"row-9\">\n\t<td class=\"column-1\">J\u00c4LKIVIISAS<\/td><td class=\"column-2\">A\/A<\/td><td class=\"column-3\">0\/0<\/td><td class=\"column-4\">SP0 LTV1 VA0<\/td><td class=\"column-5\"><\/td><td class=\"column-6\">JK3 HK3 IGP2 IFH2 EK1 BH<\/td><td class=\"column-7\">EH<\/td><td class=\"column-8\"><\/td>\n<\/tr>\n<tr class=\"row-10\">\n\t<td class=\"column-1\">J\u00c4\u00c4TEL\u00d6KAKKU<\/td><td class=\"column-2\">A\/A<\/td><td class=\"column-3\">0\/0<\/td><td class=\"column-4\">SP0 LTV1 VA0<\/td><td class=\"column-5\"><\/td><td class=\"column-6\">BH<\/td><td class=\"column-7\">ERI<\/td><td class=\"column-8\"><\/td>\n<\/tr>\n<\/tbody>\n<\/table>\n<!-- #tablepress-3 from cache --><\/p>\n","protected":false},"excerpt":{"rendered":"<p>X T\u00e4m\u00e4 on CAPINA x DORINA od policie Ceske republiky 21.5.2015<\/p>\n","protected":false},"author":1,"featured_media":0,"parent":22,"menu_order":5,"comment_status":"closed","ping_status":"closed","template":"","meta":{"footnotes":"","_links_to":"","_links_to_target":""},"class_list":["post-1246","page","type-page","status-publish","hentry"],"_links":{"self":[{"href":"http:\/\/tamaon.com\/to\/index.php?rest_route=\/wp\/v2\/pages\/1246","targetHints":{"allow":["GET"]}}],"collection":[{"href":"http:\/\/tamaon.com\/to\/index.php?rest_route=\/wp\/v2\/pages"}],"about":[{"href":"http:\/\/tamaon.com\/to\/index.php?rest_route=\/wp\/v2\/types\/page"}],"author":[{"embeddable":true,"href":"http:\/\/tamaon.com\/to\/index.php?rest_route=\/wp\/v2\/users\/1"}],"replies":[{"embeddable":true,"href":"http:\/\/tamaon.com\/to\/index.php?rest_route=%2Fwp%2Fv2%2Fcomments&post=1246"}],"version-history":[{"count":3,"href":"http:\/\/tamaon.com\/to\/index.php?rest_route=\/wp\/v2\/pages\/1246\/revisions"}],"predecessor-version":[{"id":1688,"href":"http:\/\/tamaon.com\/to\/index.php?rest_route=\/wp\/v2\/pages\/1246\/revisions\/1688"}],"up":[{"embeddable":true,"href":"http:\/\/tamaon.com\/to\/index.php?rest_route=\/wp\/v2\/pages\/22"}],"wp:attachment":[{"href":"http:\/\/tamaon.com\/to\/index.php?rest_route=%2Fwp%2Fv2%2Fmedia&parent=1246"}],"curies":[{"name":"wp","href":"https:\/\/api.w.org\/{rel}","templated":true}]}}